{"id":1922,"date":"2021-05-28T16:45:14","date_gmt":"2021-05-28T15:45:14","guid":{"rendered":"https:\/\/edific.simmatonline.com\/chirurgie-interne\/"},"modified":"2023-09-01T19:09:11","modified_gmt":"2023-09-01T18:09:11","slug":"chirurgie-interne","status":"publish","type":"page","link":"https:\/\/www.edific.it\/fr\/domaines-cliniques\/chirurgie-interne\/","title":{"rendered":"Chirurgie interne"},"content":{"rendered":"\t\t<div data-elementor-type=\"wp-page\" data-elementor-id=\"1922\" class=\"elementor elementor-1922 elementor-1646\" data-elementor-post-type=\"page\">\n\t\t\t\t\t\t<section class=\"elementor-section elementor-top-section elementor-element elementor-element-60073458 elementor-section-boxed elementor-section-height-default elementor-section-height-default\" data-id=\"60073458\" data-element_type=\"section\" data-e-type=\"section\">\n\t\t\t\t\t\t<div class=\"elementor-container elementor-column-gap-default\">\n\t\t\t\t\t<div class=\"elementor-column elementor-col-100 elementor-top-column elementor-element elementor-element-1942cc76\" data-id=\"1942cc76\" data-element_type=\"column\" data-e-type=\"column\">\n\t\t\t<div class=\"elementor-widget-wrap elementor-element-populated\">\n\t\t\t\t\t\t<div class=\"elementor-element elementor-element-7d881024 elementor-widget elementor-widget-text-editor\" data-id=\"7d881024\" data-element_type=\"widget\" data-e-type=\"widget\" data-widget_type=\"text-editor.default\">\n\t\t\t\t<div class=\"elementor-widget-container\">\n\t\t\t\t\t\t\t\t\t<p>R\u00e9alisation de simulations et de r\u00e9pliques anatomiques sur mesure pour les traitements de chirurgie interne.<\/p>\n\t\t\t\t\t\t\t\t<\/div>\n\t\t\t\t<\/div>\n\t\t\t\t<div class=\"elementor-element elementor-element-8ee2de3 elementor-view-framed elementor-position-inline-start elementor-shape-circle elementor-mobile-position-block-start elementor-widget elementor-widget-icon-box\" data-id=\"8ee2de3\" data-element_type=\"widget\" data-e-type=\"widget\" data-widget_type=\"icon-box.default\">\n\t\t\t\t<div class=\"elementor-widget-container\">\n\t\t\t\t\t\t\t<div class=\"elementor-icon-box-wrapper\">\n\n\t\t\t\t\t\t<div class=\"elementor-icon-box-icon\">\n\t\t\t\t<a href=\"https:\/\/edific.it\/ricerca\/chirurgia-generale\/\" class=\"elementor-icon\" tabindex=\"-1\" aria-label=\"Notre activit\u00e9 de recherche en chirurgie g\u00e9n\u00e9rale\">\n\t\t\t\t<svg aria-hidden=\"true\" class=\"e-font-icon-svg e-fas-link\" viewBox=\"0 0 512 512\" xmlns=\"http:\/\/www.w3.org\/2000\/svg\"><path d=\"M326.612 185.391c59.747 59.809 58.927 155.698.36 214.59-.11.12-.24.25-.36.37l-67.2 67.2c-59.27 59.27-155.699 59.262-214.96 0-59.27-59.26-59.27-155.7 0-214.96l37.106-37.106c9.84-9.84 26.786-3.3 27.294 10.606.648 17.722 3.826 35.527 9.69 52.721 1.986 5.822.567 12.262-3.783 16.612l-13.087 13.087c-28.026 28.026-28.905 73.66-1.155 101.96 28.024 28.579 74.086 28.749 102.325.51l67.2-67.19c28.191-28.191 28.073-73.757 0-101.83-3.701-3.694-7.429-6.564-10.341-8.569a16.037 16.037 0 0 1-6.947-12.606c-.396-10.567 3.348-21.456 11.698-29.806l21.054-21.055c5.521-5.521 14.182-6.199 20.584-1.731a152.482 152.482 0 0 1 20.522 17.197zM467.547 44.449c-59.261-59.262-155.69-59.27-214.96 0l-67.2 67.2c-.12.12-.25.25-.36.37-58.566 58.892-59.387 154.781.36 214.59a152.454 152.454 0 0 0 20.521 17.196c6.402 4.468 15.064 3.789 20.584-1.731l21.054-21.055c8.35-8.35 12.094-19.239 11.698-29.806a16.037 16.037 0 0 0-6.947-12.606c-2.912-2.005-6.64-4.875-10.341-8.569-28.073-28.073-28.191-73.639 0-101.83l67.2-67.19c28.239-28.239 74.3-28.069 102.325.51 27.75 28.3 26.872 73.934-1.155 101.96l-13.087 13.087c-4.35 4.35-5.769 10.79-3.783 16.612 5.864 17.194 9.042 34.999 9.69 52.721.509 13.906 17.454 20.446 27.294 10.606l37.106-37.106c59.271-59.259 59.271-155.699.001-214.959z\"><\/path><\/svg>\t\t\t\t<\/a>\n\t\t\t<\/div>\n\t\t\t\n\t\t\t\t\t\t<div class=\"elementor-icon-box-content\">\n\n\t\t\t\t\t\t\t\t\t<p class=\"elementor-icon-box-title\">\n\t\t\t\t\t\t<a href=\"https:\/\/edific.it\/ricerca\/chirurgia-generale\/\" >\n\t\t\t\t\t\t\tNotre activit\u00e9 de recherche en chirurgie g\u00e9n\u00e9rale\t\t\t\t\t\t<\/a>\n\t\t\t\t\t<\/p>\n\t\t\t\t\n\t\t\t\t\n\t\t\t<\/div>\n\t\t\t\n\t\t<\/div>\n\t\t\t\t\t\t<\/div>\n\t\t\t\t<\/div>\n\t\t\t\t\t<\/div>\n\t\t<\/div>\n\t\t\t\t\t<\/div>\n\t\t<\/section>\n\t\t\t\t<section class=\"elementor-section elementor-top-section elementor-element elementor-element-6c63a31c elementor-section-boxed elementor-section-height-default elementor-section-height-default\" data-id=\"6c63a31c\" data-element_type=\"section\" data-e-type=\"section\" id=\"PhotoGallery\">\n\t\t\t\t\t\t<div class=\"elementor-container elementor-column-gap-default\">\n\t\t\t\t\t<div class=\"elementor-column elementor-col-100 elementor-top-column elementor-element elementor-element-66f2bb75\" data-id=\"66f2bb75\" data-element_type=\"column\" data-e-type=\"column\">\n\t\t\t<div class=\"elementor-widget-wrap elementor-element-populated\">\n\t\t\t\t\t\t<div class=\"elementor-element elementor-element-5d072b1e elementor-absolute elementor-widget elementor-widget-heading\" data-id=\"5d072b1e\" data-element_type=\"widget\" data-e-type=\"widget\" data-settings=\"{&quot;_position&quot;:&quot;absolute&quot;}\" data-widget_type=\"heading.default\">\n\t\t\t\t<div class=\"elementor-widget-container\">\n\t\t\t\t\t<h2 class=\"elementor-heading-title elementor-size-default\">Galerie<\/h2>\t\t\t\t<\/div>\n\t\t\t\t<\/div>\n\t\t\t\t<div class=\"elementor-element elementor-element-1ff87c95 elementor-widget elementor-widget-gallery\" data-id=\"1ff87c95\" data-element_type=\"widget\" data-e-type=\"widget\" data-settings=\"{&quot;gallery_layout&quot;:&quot;masonry&quot;,&quot;columns&quot;:3,&quot;gap&quot;:{&quot;unit&quot;:&quot;px&quot;,&quot;size&quot;:24,&quot;sizes&quot;:[]},&quot;image_hover_animation&quot;:&quot;grow&quot;,&quot;lazyload&quot;:&quot;yes&quot;,&quot;columns_tablet&quot;:2,&quot;columns_mobile&quot;:1,&quot;gap_tablet&quot;:{&quot;unit&quot;:&quot;px&quot;,&quot;size&quot;:10,&quot;sizes&quot;:[]},&quot;gap_mobile&quot;:{&quot;unit&quot;:&quot;px&quot;,&quot;size&quot;:10,&quot;sizes&quot;:[]},&quot;link_to&quot;:&quot;file&quot;,&quot;overlay_background&quot;:&quot;yes&quot;,&quot;content_hover_animation&quot;:&quot;fade-in&quot;}\" data-widget_type=\"gallery.default\">\n\t\t\t\t<div class=\"elementor-widget-container\">\n\t\t\t\t\t\t\t<div class=\"elementor-gallery__container\">\n\t\t\t\t\t\t\t<a class=\"e-gallery-item elementor-gallery-item elementor-animated-content\" href=\"https:\/\/www.edific.it\/wp-content\/uploads\/2021\/05\/Chirurgia_interna-gallery-1.jpg\" data-elementor-open-lightbox=\"yes\" data-elementor-lightbox-slideshow=\"1ff87c95\" data-elementor-lightbox-title=\"Rendering 3D per valutazione preparatoria e navigazione intraoperatoria\" data-e-action-hash=\"#elementor-action%3Aaction%3Dlightbox%26settings%3DeyJpZCI6MTg5NSwidXJsIjoiaHR0cHM6XC9cL3d3dy5lZGlmaWMuaXRcL3dwLWNvbnRlbnRcL3VwbG9hZHNcLzIwMjFcLzA1XC9DaGlydXJnaWFfaW50ZXJuYS1nYWxsZXJ5LTEuanBnIiwic2xpZGVzaG93IjoiMWZmODdjOTUifQ%3D%3D\">\n\t\t\t\t\t<div class=\"e-gallery-image elementor-gallery-item__image\" data-thumbnail=\"https:\/\/www.edific.it\/wp-content\/uploads\/2021\/05\/Chirurgia_interna-gallery-1.jpg\" data-width=\"567\" data-height=\"746\" aria-label=\"\" role=\"img\" ><\/div>\n\t\t\t\t\t\t\t\t\t\t\t<div class=\"elementor-gallery-item__overlay\"><\/div>\n\t\t\t\t\t\t\t\t\t\t\t\t\t\t<\/a>\n\t\t\t\t\t\t\t<a class=\"e-gallery-item elementor-gallery-item elementor-animated-content\" href=\"https:\/\/www.edific.it\/wp-content\/uploads\/2021\/05\/Chirurgia_interna-gallery-2.jpg\" data-elementor-open-lightbox=\"yes\" data-elementor-lightbox-slideshow=\"1ff87c95\" data-elementor-lightbox-title=\"Rendering 3D - Navigazione intraoperatoria con robot DaVinci\" data-e-action-hash=\"#elementor-action%3Aaction%3Dlightbox%26settings%3DeyJpZCI6MTg5NiwidXJsIjoiaHR0cHM6XC9cL3d3dy5lZGlmaWMuaXRcL3dwLWNvbnRlbnRcL3VwbG9hZHNcLzIwMjFcLzA1XC9DaGlydXJnaWFfaW50ZXJuYS1nYWxsZXJ5LTIuanBnIiwic2xpZGVzaG93IjoiMWZmODdjOTUifQ%3D%3D\">\n\t\t\t\t\t<div class=\"e-gallery-image elementor-gallery-item__image\" data-thumbnail=\"https:\/\/www.edific.it\/wp-content\/uploads\/2021\/05\/Chirurgia_interna-gallery-2.jpg\" data-width=\"590\" data-height=\"762\" aria-label=\"\" role=\"img\" ><\/div>\n\t\t\t\t\t\t\t\t\t\t\t<div class=\"elementor-gallery-item__overlay\"><\/div>\n\t\t\t\t\t\t\t\t\t\t\t\t\t\t<\/a>\n\t\t\t\t\t\t\t<a class=\"e-gallery-item elementor-gallery-item elementor-animated-content\" href=\"https:\/\/www.edific.it\/wp-content\/uploads\/2021\/05\/Chirurgia_interna-gallery-3.jpeg\" data-elementor-open-lightbox=\"yes\" data-elementor-lightbox-slideshow=\"1ff87c95\" data-elementor-lightbox-title=\"Analisi 3D - Valutazione preoperatoria di epatectomia\" data-e-action-hash=\"#elementor-action%3Aaction%3Dlightbox%26settings%3DeyJpZCI6MTg5NywidXJsIjoiaHR0cHM6XC9cL3d3dy5lZGlmaWMuaXRcL3dwLWNvbnRlbnRcL3VwbG9hZHNcLzIwMjFcLzA1XC9DaGlydXJnaWFfaW50ZXJuYS1nYWxsZXJ5LTMuanBlZyIsInNsaWRlc2hvdyI6IjFmZjg3Yzk1In0%3D\">\n\t\t\t\t\t<div class=\"e-gallery-image elementor-gallery-item__image\" data-thumbnail=\"https:\/\/www.edific.it\/wp-content\/uploads\/2021\/05\/Chirurgia_interna-gallery-3.jpeg\" data-width=\"977\" data-height=\"634\" aria-label=\"\" role=\"img\" ><\/div>\n\t\t\t\t\t\t\t\t\t\t\t<div class=\"elementor-gallery-item__overlay\"><\/div>\n\t\t\t\t\t\t\t\t\t\t\t\t\t\t<\/a>\n\t\t\t\t\t<\/div>\n\t\t\t\t\t<\/div>\n\t\t\t\t<\/div>\n\t\t\t\t\t<\/div>\n\t\t<\/div>\n\t\t\t\t\t<\/div>\n\t\t<\/section>\n\t\t\t\t<\/div>\n\t\t","protected":false},"excerpt":{"rendered":"<p>R\u00e9alisation de simulations et de r\u00e9pliques anatomiques sur mesure pour les traitements de chirurgie interne. Notre activit\u00e9 de recherche en chirurgie g\u00e9n\u00e9rale Galerie<\/p>\n","protected":false},"author":1,"featured_media":0,"parent":1960,"menu_order":0,"comment_status":"closed","ping_status":"closed","template":"","meta":{"footnotes":""},"class_list":["post-1922","page","type-page","status-publish","hentry"],"yoast_head":"<!-- This site is optimized with the Yoast SEO plugin v27.5 - https:\/\/yoast.com\/product\/yoast-seo-wordpress\/ -->\n<title>Chirurgie interne - 3dific<\/title>\n<meta name=\"robots\" content=\"index, follow, max-snippet:-1, max-image-preview:large, max-video-preview:-1\" \/>\n<link rel=\"canonical\" href=\"https:\/\/www.edific.it\/fr\/domaines-cliniques\/chirurgie-interne\/\" \/>\n<meta property=\"og:locale\" content=\"fr_FR\" \/>\n<meta property=\"og:type\" content=\"article\" \/>\n<meta property=\"og:title\" content=\"Chirurgie interne - 3dific\" \/>\n<meta property=\"og:description\" content=\"R\u00e9alisation de simulations et de r\u00e9pliques anatomiques sur mesure pour les traitements de chirurgie interne. Notre activit\u00e9 de recherche en chirurgie g\u00e9n\u00e9rale Galerie\" \/>\n<meta property=\"og:url\" content=\"https:\/\/www.edific.it\/fr\/domaines-cliniques\/chirurgie-interne\/\" \/>\n<meta property=\"og:site_name\" content=\"3dific\" \/>\n<meta property=\"article:publisher\" content=\"https:\/\/www.facebook.com\/3DIFIC\/\" \/>\n<meta property=\"article:modified_time\" content=\"2023-09-01T18:09:11+00:00\" \/>\n<meta name=\"twitter:card\" content=\"summary_large_image\" \/>\n<meta name=\"twitter:site\" content=\"@3dific\" \/>\n<script type=\"application\/ld+json\" class=\"yoast-schema-graph\">{\"@context\":\"https:\\\/\\\/schema.org\",\"@graph\":[{\"@type\":\"WebPage\",\"@id\":\"https:\\\/\\\/www.edific.it\\\/fr\\\/domaines-cliniques\\\/chirurgie-interne\\\/\",\"url\":\"https:\\\/\\\/www.edific.it\\\/fr\\\/domaines-cliniques\\\/chirurgie-interne\\\/\",\"name\":\"Chirurgie interne - 3dific\",\"isPartOf\":{\"@id\":\"https:\\\/\\\/www.edific.it\\\/fr\\\/#website\"},\"datePublished\":\"2021-05-28T15:45:14+00:00\",\"dateModified\":\"2023-09-01T18:09:11+00:00\",\"breadcrumb\":{\"@id\":\"https:\\\/\\\/www.edific.it\\\/fr\\\/domaines-cliniques\\\/chirurgie-interne\\\/#breadcrumb\"},\"inLanguage\":\"fr-FR\",\"potentialAction\":[{\"@type\":\"ReadAction\",\"target\":[\"https:\\\/\\\/www.edific.it\\\/fr\\\/domaines-cliniques\\\/chirurgie-interne\\\/\"]}]},{\"@type\":\"BreadcrumbList\",\"@id\":\"https:\\\/\\\/www.edific.it\\\/fr\\\/domaines-cliniques\\\/chirurgie-interne\\\/#breadcrumb\",\"itemListElement\":[{\"@type\":\"ListItem\",\"position\":1,\"name\":\"Home\",\"item\":\"https:\\\/\\\/www.edific.it\\\/fr\\\/\"},{\"@type\":\"ListItem\",\"position\":2,\"name\":\"Domaines cliniques\",\"item\":\"https:\\\/\\\/www.edific.it\\\/fr\\\/domaines-cliniques\\\/\"},{\"@type\":\"ListItem\",\"position\":3,\"name\":\"Chirurgie interne\"}]},{\"@type\":\"WebSite\",\"@id\":\"https:\\\/\\\/www.edific.it\\\/fr\\\/#website\",\"url\":\"https:\\\/\\\/www.edific.it\\\/fr\\\/\",\"name\":\"3dific\",\"description\":\"The missing thing\",\"publisher\":{\"@id\":\"https:\\\/\\\/www.edific.it\\\/fr\\\/#organization\"},\"potentialAction\":[{\"@type\":\"SearchAction\",\"target\":{\"@type\":\"EntryPoint\",\"urlTemplate\":\"https:\\\/\\\/www.edific.it\\\/fr\\\/?s={search_term_string}\"},\"query-input\":{\"@type\":\"PropertyValueSpecification\",\"valueRequired\":true,\"valueName\":\"search_term_string\"}}],\"inLanguage\":\"fr-FR\"},{\"@type\":\"Organization\",\"@id\":\"https:\\\/\\\/www.edific.it\\\/fr\\\/#organization\",\"name\":\"3dific srl\",\"url\":\"https:\\\/\\\/www.edific.it\\\/fr\\\/\",\"logo\":{\"@type\":\"ImageObject\",\"inLanguage\":\"fr-FR\",\"@id\":\"https:\\\/\\\/www.edific.it\\\/fr\\\/#\\\/schema\\\/logo\\\/image\\\/\",\"url\":\"https:\\\/\\\/www.edific.it\\\/wp-content\\\/uploads\\\/2021\\\/01\\\/logo_3dific-light_bkg.png\",\"contentUrl\":\"https:\\\/\\\/www.edific.it\\\/wp-content\\\/uploads\\\/2021\\\/01\\\/logo_3dific-light_bkg.png\",\"width\":180,\"height\":64,\"caption\":\"3dific srl\"},\"image\":{\"@id\":\"https:\\\/\\\/www.edific.it\\\/fr\\\/#\\\/schema\\\/logo\\\/image\\\/\"},\"sameAs\":[\"https:\\\/\\\/www.facebook.com\\\/3DIFIC\\\/\",\"https:\\\/\\\/x.com\\\/3dific\",\"https:\\\/\\\/www.linkedin.com\\\/company\\\/3dific\\\/\"]}]}<\/script>\n<!-- \/ Yoast SEO plugin. -->","yoast_head_json":{"title":"Chirurgie interne - 3dific","robots":{"index":"index","follow":"follow","max-snippet":"max-snippet:-1","max-image-preview":"max-image-preview:large","max-video-preview":"max-video-preview:-1"},"canonical":"https:\/\/www.edific.it\/fr\/domaines-cliniques\/chirurgie-interne\/","og_locale":"fr_FR","og_type":"article","og_title":"Chirurgie interne - 3dific","og_description":"R\u00e9alisation de simulations et de r\u00e9pliques anatomiques sur mesure pour les traitements de chirurgie interne. Notre activit\u00e9 de recherche en chirurgie g\u00e9n\u00e9rale Galerie","og_url":"https:\/\/www.edific.it\/fr\/domaines-cliniques\/chirurgie-interne\/","og_site_name":"3dific","article_publisher":"https:\/\/www.facebook.com\/3DIFIC\/","article_modified_time":"2023-09-01T18:09:11+00:00","twitter_card":"summary_large_image","twitter_site":"@3dific","schema":{"@context":"https:\/\/schema.org","@graph":[{"@type":"WebPage","@id":"https:\/\/www.edific.it\/fr\/domaines-cliniques\/chirurgie-interne\/","url":"https:\/\/www.edific.it\/fr\/domaines-cliniques\/chirurgie-interne\/","name":"Chirurgie interne - 3dific","isPartOf":{"@id":"https:\/\/www.edific.it\/fr\/#website"},"datePublished":"2021-05-28T15:45:14+00:00","dateModified":"2023-09-01T18:09:11+00:00","breadcrumb":{"@id":"https:\/\/www.edific.it\/fr\/domaines-cliniques\/chirurgie-interne\/#breadcrumb"},"inLanguage":"fr-FR","potentialAction":[{"@type":"ReadAction","target":["https:\/\/www.edific.it\/fr\/domaines-cliniques\/chirurgie-interne\/"]}]},{"@type":"BreadcrumbList","@id":"https:\/\/www.edific.it\/fr\/domaines-cliniques\/chirurgie-interne\/#breadcrumb","itemListElement":[{"@type":"ListItem","position":1,"name":"Home","item":"https:\/\/www.edific.it\/fr\/"},{"@type":"ListItem","position":2,"name":"Domaines cliniques","item":"https:\/\/www.edific.it\/fr\/domaines-cliniques\/"},{"@type":"ListItem","position":3,"name":"Chirurgie interne"}]},{"@type":"WebSite","@id":"https:\/\/www.edific.it\/fr\/#website","url":"https:\/\/www.edific.it\/fr\/","name":"3dific","description":"The missing thing","publisher":{"@id":"https:\/\/www.edific.it\/fr\/#organization"},"potentialAction":[{"@type":"SearchAction","target":{"@type":"EntryPoint","urlTemplate":"https:\/\/www.edific.it\/fr\/?s={search_term_string}"},"query-input":{"@type":"PropertyValueSpecification","valueRequired":true,"valueName":"search_term_string"}}],"inLanguage":"fr-FR"},{"@type":"Organization","@id":"https:\/\/www.edific.it\/fr\/#organization","name":"3dific srl","url":"https:\/\/www.edific.it\/fr\/","logo":{"@type":"ImageObject","inLanguage":"fr-FR","@id":"https:\/\/www.edific.it\/fr\/#\/schema\/logo\/image\/","url":"https:\/\/www.edific.it\/wp-content\/uploads\/2021\/01\/logo_3dific-light_bkg.png","contentUrl":"https:\/\/www.edific.it\/wp-content\/uploads\/2021\/01\/logo_3dific-light_bkg.png","width":180,"height":64,"caption":"3dific srl"},"image":{"@id":"https:\/\/www.edific.it\/fr\/#\/schema\/logo\/image\/"},"sameAs":["https:\/\/www.facebook.com\/3DIFIC\/","https:\/\/x.com\/3dific","https:\/\/www.linkedin.com\/company\/3dific\/"]}]}},"_links":{"self":[{"href":"https:\/\/www.edific.it\/fr\/wp-json\/wp\/v2\/pages\/1922","targetHints":{"allow":["GET"]}}],"collection":[{"href":"https:\/\/www.edific.it\/fr\/wp-json\/wp\/v2\/pages"}],"about":[{"href":"https:\/\/www.edific.it\/fr\/wp-json\/wp\/v2\/types\/page"}],"author":[{"embeddable":true,"href":"https:\/\/www.edific.it\/fr\/wp-json\/wp\/v2\/users\/1"}],"replies":[{"embeddable":true,"href":"https:\/\/www.edific.it\/fr\/wp-json\/wp\/v2\/comments?post=1922"}],"version-history":[{"count":3,"href":"https:\/\/www.edific.it\/fr\/wp-json\/wp\/v2\/pages\/1922\/revisions"}],"predecessor-version":[{"id":1948,"href":"https:\/\/www.edific.it\/fr\/wp-json\/wp\/v2\/pages\/1922\/revisions\/1948"}],"up":[{"embeddable":true,"href":"https:\/\/www.edific.it\/fr\/wp-json\/wp\/v2\/pages\/1960"}],"wp:attachment":[{"href":"https:\/\/www.edific.it\/fr\/wp-json\/wp\/v2\/media?parent=1922"}],"curies":[{"name":"wp","href":"https:\/\/api.w.org\/{rel}","templated":true}]}}