{"id":1923,"date":"2021-04-15T09:25:41","date_gmt":"2021-04-15T08:25:41","guid":{"rendered":"https:\/\/edific.simmatonline.com\/dentisterie\/"},"modified":"2023-10-29T20:28:29","modified_gmt":"2023-10-29T19:28:29","slug":"dentisterie","status":"publish","type":"page","link":"https:\/\/www.edific.it\/fr\/domaines-cliniques\/dentisterie\/","title":{"rendered":"Dentisterie"},"content":{"rendered":"\t\t<div data-elementor-type=\"wp-page\" data-elementor-id=\"1923\" class=\"elementor elementor-1923 elementor-870\" data-elementor-post-type=\"page\">\n\t\t\t\t\t\t<section class=\"elementor-section elementor-top-section elementor-element elementor-element-2d9d0e1f elementor-section-boxed elementor-section-height-default elementor-section-height-default\" data-id=\"2d9d0e1f\" data-element_type=\"section\" data-e-type=\"section\">\n\t\t\t\t\t\t<div class=\"elementor-container elementor-column-gap-default\">\n\t\t\t\t\t<div class=\"elementor-column elementor-col-100 elementor-top-column elementor-element elementor-element-7865bad0\" data-id=\"7865bad0\" data-element_type=\"column\" data-e-type=\"column\">\n\t\t\t<div class=\"elementor-widget-wrap elementor-element-populated\">\n\t\t\t\t\t\t<div class=\"elementor-element elementor-element-4e5390d elementor-widget elementor-widget-image\" data-id=\"4e5390d\" data-element_type=\"widget\" data-e-type=\"widget\" data-widget_type=\"image.default\">\n\t\t\t\t<div class=\"elementor-widget-container\">\n\t\t\t\t\t\t\t\t\t\t\t\t\t\t\t<img fetchpriority=\"high\" decoding=\"async\" width=\"1920\" height=\"785\" src=\"https:\/\/www.edific.it\/wp-content\/uploads\/2021\/05\/3dific-Dental-Division_logo.jpg\" class=\"attachment-full size-full wp-image-1885\" alt=\"\" srcset=\"https:\/\/www.edific.it\/wp-content\/uploads\/2021\/05\/3dific-Dental-Division_logo.jpg 1920w, https:\/\/www.edific.it\/wp-content\/uploads\/2021\/05\/3dific-Dental-Division_logo-800x327.jpg 800w, https:\/\/www.edific.it\/wp-content\/uploads\/2021\/05\/3dific-Dental-Division_logo-1200x491.jpg 1200w, https:\/\/www.edific.it\/wp-content\/uploads\/2021\/05\/3dific-Dental-Division_logo-768x314.jpg 768w, https:\/\/www.edific.it\/wp-content\/uploads\/2021\/05\/3dific-Dental-Division_logo-1536x628.jpg 1536w\" sizes=\"(max-width: 1920px) 100vw, 1920px\" \/>\t\t\t\t\t\t\t\t\t\t\t\t\t\t\t<\/div>\n\t\t\t\t<\/div>\n\t\t\t\t<div class=\"elementor-element elementor-element-4a91149b elementor-widget elementor-widget-text-editor\" data-id=\"4a91149b\" data-element_type=\"widget\" data-e-type=\"widget\" data-widget_type=\"text-editor.default\">\n\t\t\t\t<div class=\"elementor-widget-container\">\n\t\t\t\t\t\t\t\t\t<p>Notre exp\u00e9rience nous a permis de devenir l&rsquo;un des fournisseurs les plus qualifi\u00e9s de services et de produits imprim\u00e9s en 3D dans l&rsquo;industrie dentaire.<\/p>\n<p>Services :<\/p>\n<ul>\n<li>Soutien aux <strong>proc\u00e9dures d&rsquo;implantologie guid\u00e9es par ordinateur<\/strong><\/li>\n<li><strong>Reconstruction osseuse guid\u00e9e (GBR)<\/strong><\/li>\n<li><strong>Orthodontie<\/strong><\/li>\n<li><strong>Impression 3D de<\/strong> mod\u00e8les, mod\u00e8les pour l&rsquo;orthodontie, guides chirurgicaux pour l&rsquo;implantologie assist\u00e9e par ordinateur<\/li>\n<li>Fabrication de r\u00e9pliques anatomiques pour l&rsquo;\u00e9tude de cas<\/li>\n<\/ul>\n<p>Nous sommes :<\/p>\n<ul>\n<li><strong>Les partenaires de Blue Sky Bio<\/strong><\/li>\n<li><strong>Partenaire du d\u00e9partement d&rsquo;odontostomatologie pour la mise en \u0153uvre d&rsquo;activit\u00e9s \u00e9ducatives facultatives (ADE) sur la num\u00e9risation en dentisterie<\/strong><\/li>\n<li><strong>Membre fondateur de l&rsquo;Acad\u00e9mie de dentisterie num\u00e9rique<\/strong><\/li>\n<\/ul>\n<p><span data-ccp-props=\"{\"> <\/span><\/p>\n\t\t\t\t\t\t\t\t<\/div>\n\t\t\t\t<\/div>\n\t\t\t\t<div class=\"elementor-element elementor-element-72f92ad gallery-spacing-custom elementor-widget elementor-widget-image-gallery\" data-id=\"72f92ad\" data-element_type=\"widget\" data-e-type=\"widget\" data-widget_type=\"image-gallery.default\">\n\t\t\t\t<div class=\"elementor-widget-container\">\n\t\t\t\t\t\t\t<div class=\"elementor-image-gallery\">\n\t\t\t<div id='gallery-1' class='gallery galleryid-1923 gallery-columns-2 gallery-size-full'><figure class='gallery-item'>\n\t\t\t<div class='gallery-icon landscape'>\n\t\t\t\t<a data-elementor-open-lightbox=\"no\" href='https:\/\/www.edific.it\/wp-content\/uploads\/2021\/04\/Logo-DDA.png'><img width=\"552\" height=\"312\" src=\"https:\/\/www.edific.it\/wp-content\/uploads\/2021\/04\/Logo-DDA.png\" class=\"attachment-full size-full\" alt=\"\" decoding=\"async\" \/><\/a>\n\t\t\t<\/div><\/figure><figure class='gallery-item'>\n\t\t\t<div class='gallery-icon landscape'>\n\t\t\t\t<a data-elementor-open-lightbox=\"no\" href='https:\/\/www.edific.it\/wp-content\/uploads\/2021\/05\/Logo_BlueSkyBio.jpeg'><img width=\"1640\" height=\"923\" src=\"https:\/\/www.edific.it\/wp-content\/uploads\/2021\/05\/Logo_BlueSkyBio.jpeg\" class=\"attachment-full size-full\" alt=\"\" decoding=\"async\" srcset=\"https:\/\/www.edific.it\/wp-content\/uploads\/2021\/05\/Logo_BlueSkyBio.jpeg 1640w, https:\/\/www.edific.it\/wp-content\/uploads\/2021\/05\/Logo_BlueSkyBio-800x450.jpeg 800w, https:\/\/www.edific.it\/wp-content\/uploads\/2021\/05\/Logo_BlueSkyBio-1200x675.jpeg 1200w, https:\/\/www.edific.it\/wp-content\/uploads\/2021\/05\/Logo_BlueSkyBio-768x432.jpeg 768w, https:\/\/www.edific.it\/wp-content\/uploads\/2021\/05\/Logo_BlueSkyBio-1536x864.jpeg 1536w\" sizes=\"(max-width: 1640px) 100vw, 1640px\" \/><\/a>\n\t\t\t<\/div><\/figure>\n\t\t<\/div>\n\t\t<\/div>\n\t\t\t\t\t\t<\/div>\n\t\t\t\t<\/div>\n\t\t\t\t\t<\/div>\n\t\t<\/div>\n\t\t\t\t\t<\/div>\n\t\t<\/section>\n\t\t\t\t<section class=\"elementor-section elementor-top-section elementor-element elementor-element-69f8db7a elementor-section-boxed elementor-section-height-default elementor-section-height-default\" data-id=\"69f8db7a\" data-element_type=\"section\" data-e-type=\"section\" id=\"PhotoGallery\">\n\t\t\t\t\t\t<div class=\"elementor-container elementor-column-gap-default\">\n\t\t\t\t\t<div class=\"elementor-column elementor-col-100 elementor-top-column elementor-element elementor-element-56ed050f\" data-id=\"56ed050f\" data-element_type=\"column\" data-e-type=\"column\">\n\t\t\t<div class=\"elementor-widget-wrap elementor-element-populated\">\n\t\t\t\t\t\t<div class=\"elementor-element elementor-element-2999f4e0 elementor-absolute elementor-widget elementor-widget-heading\" data-id=\"2999f4e0\" data-element_type=\"widget\" data-e-type=\"widget\" data-settings=\"{&quot;_position&quot;:&quot;absolute&quot;}\" data-widget_type=\"heading.default\">\n\t\t\t\t<div class=\"elementor-widget-container\">\n\t\t\t\t\t<h2 class=\"elementor-heading-title elementor-size-default\">Galerie<\/h2>\t\t\t\t<\/div>\n\t\t\t\t<\/div>\n\t\t\t\t<div class=\"elementor-element elementor-element-1548a3cc elementor-widget elementor-widget-gallery\" data-id=\"1548a3cc\" data-element_type=\"widget\" data-e-type=\"widget\" data-settings=\"{&quot;gallery_layout&quot;:&quot;masonry&quot;,&quot;columns&quot;:3,&quot;gap&quot;:{&quot;unit&quot;:&quot;px&quot;,&quot;size&quot;:24,&quot;sizes&quot;:[]},&quot;image_hover_animation&quot;:&quot;grow&quot;,&quot;lazyload&quot;:&quot;yes&quot;,&quot;columns_tablet&quot;:2,&quot;columns_mobile&quot;:1,&quot;gap_tablet&quot;:{&quot;unit&quot;:&quot;px&quot;,&quot;size&quot;:10,&quot;sizes&quot;:[]},&quot;gap_mobile&quot;:{&quot;unit&quot;:&quot;px&quot;,&quot;size&quot;:10,&quot;sizes&quot;:[]},&quot;link_to&quot;:&quot;file&quot;,&quot;overlay_background&quot;:&quot;yes&quot;,&quot;content_hover_animation&quot;:&quot;fade-in&quot;}\" data-widget_type=\"gallery.default\">\n\t\t\t\t<div class=\"elementor-widget-container\">\n\t\t\t\t\t\t\t<div class=\"elementor-gallery__container\">\n\t\t\t\t\t\t\t<a class=\"e-gallery-item elementor-gallery-item elementor-animated-content\" href=\"https:\/\/www.edific.it\/wp-content\/uploads\/2021\/04\/Odontoiatria-gallery_3-Immagine_ADE-scaled.jpg\" data-elementor-open-lightbox=\"yes\" data-elementor-lightbox-slideshow=\"1548a3cc\" data-elementor-lightbox-title=\"Corso di formazione - Odontoiatria digitale\" data-e-action-hash=\"#elementor-action%3Aaction%3Dlightbox%26settings%3DeyJpZCI6MTg3MiwidXJsIjoiaHR0cHM6XC9cL3d3dy5lZGlmaWMuaXRcL3dwLWNvbnRlbnRcL3VwbG9hZHNcLzIwMjFcLzA0XC9PZG9udG9pYXRyaWEtZ2FsbGVyeV8zLUltbWFnaW5lX0FERS1zY2FsZWQuanBnIiwic2xpZGVzaG93IjoiMTU0OGEzY2MifQ%3D%3D\">\n\t\t\t\t\t<div class=\"e-gallery-image elementor-gallery-item__image\" data-thumbnail=\"https:\/\/www.edific.it\/wp-content\/uploads\/2021\/04\/Odontoiatria-gallery_3-Immagine_ADE-scaled.jpg\" data-width=\"2560\" data-height=\"1920\" aria-label=\"\" role=\"img\" ><\/div>\n\t\t\t\t\t\t\t\t\t\t\t<div class=\"elementor-gallery-item__overlay\"><\/div>\n\t\t\t\t\t\t\t\t\t\t\t\t\t\t<\/a>\n\t\t\t\t\t\t\t<a class=\"e-gallery-item elementor-gallery-item elementor-animated-content\" href=\"https:\/\/www.edific.it\/wp-content\/uploads\/2021\/04\/Odontoiatria-gallery_4.jpg\" data-elementor-open-lightbox=\"yes\" data-elementor-lightbox-slideshow=\"1548a3cc\" data-elementor-lightbox-title=\"Pianificazione implanto-protesica con Blue Sky Plan\" data-e-action-hash=\"#elementor-action%3Aaction%3Dlightbox%26settings%3DeyJpZCI6MTg3MywidXJsIjoiaHR0cHM6XC9cL3d3dy5lZGlmaWMuaXRcL3dwLWNvbnRlbnRcL3VwbG9hZHNcLzIwMjFcLzA0XC9PZG9udG9pYXRyaWEtZ2FsbGVyeV80LmpwZyIsInNsaWRlc2hvdyI6IjE1NDhhM2NjIn0%3D\">\n\t\t\t\t\t<div class=\"e-gallery-image elementor-gallery-item__image\" data-thumbnail=\"https:\/\/www.edific.it\/wp-content\/uploads\/2021\/04\/Odontoiatria-gallery_4.jpg\" data-width=\"1892\" data-height=\"863\" aria-label=\"\" role=\"img\" ><\/div>\n\t\t\t\t\t\t\t\t\t\t\t<div class=\"elementor-gallery-item__overlay\"><\/div>\n\t\t\t\t\t\t\t\t\t\t\t\t\t\t<\/a>\n\t\t\t\t\t\t\t<a class=\"e-gallery-item elementor-gallery-item elementor-animated-content\" href=\"https:\/\/www.edific.it\/wp-content\/uploads\/2021\/04\/Odontoiatria-gallery_5.jpg\" data-elementor-open-lightbox=\"yes\" data-elementor-lightbox-slideshow=\"1548a3cc\" data-elementor-lightbox-title=\"Dime per posizionamento implantare\" data-e-action-hash=\"#elementor-action%3Aaction%3Dlightbox%26settings%3DeyJpZCI6MTg3NCwidXJsIjoiaHR0cHM6XC9cL3d3dy5lZGlmaWMuaXRcL3dwLWNvbnRlbnRcL3VwbG9hZHNcLzIwMjFcLzA0XC9PZG9udG9pYXRyaWEtZ2FsbGVyeV81LmpwZyIsInNsaWRlc2hvdyI6IjE1NDhhM2NjIn0%3D\">\n\t\t\t\t\t<div class=\"e-gallery-image elementor-gallery-item__image\" data-thumbnail=\"https:\/\/www.edific.it\/wp-content\/uploads\/2021\/04\/Odontoiatria-gallery_5.jpg\" data-width=\"940\" data-height=\"627\" aria-label=\"\" role=\"img\" ><\/div>\n\t\t\t\t\t\t\t\t\t\t\t<div class=\"elementor-gallery-item__overlay\"><\/div>\n\t\t\t\t\t\t\t\t\t\t\t\t\t\t<\/a>\n\t\t\t\t\t\t\t<a class=\"e-gallery-item elementor-gallery-item elementor-animated-content\" href=\"https:\/\/www.edific.it\/wp-content\/uploads\/2021\/04\/Odontoiatria-gallery_6.jpg\" data-elementor-open-lightbox=\"yes\" data-elementor-lightbox-slideshow=\"1548a3cc\" data-elementor-lightbox-title=\"Stampa 3D\" data-e-action-hash=\"#elementor-action%3Aaction%3Dlightbox%26settings%3DeyJpZCI6MTg3NSwidXJsIjoiaHR0cHM6XC9cL3d3dy5lZGlmaWMuaXRcL3dwLWNvbnRlbnRcL3VwbG9hZHNcLzIwMjFcLzA0XC9PZG9udG9pYXRyaWEtZ2FsbGVyeV82LmpwZyIsInNsaWRlc2hvdyI6IjE1NDhhM2NjIn0%3D\">\n\t\t\t\t\t<div class=\"e-gallery-image elementor-gallery-item__image\" data-thumbnail=\"https:\/\/www.edific.it\/wp-content\/uploads\/2021\/04\/Odontoiatria-gallery_6.jpg\" data-width=\"1600\" data-height=\"1200\" aria-label=\"\" role=\"img\" ><\/div>\n\t\t\t\t\t\t\t\t\t\t\t<div class=\"elementor-gallery-item__overlay\"><\/div>\n\t\t\t\t\t\t\t\t\t\t\t\t\t\t<\/a>\n\t\t\t\t\t\t\t<a class=\"e-gallery-item elementor-gallery-item elementor-animated-content\" href=\"https:\/\/www.edific.it\/wp-content\/uploads\/2021\/04\/Odontoiatria-gallery_7.jpg\" data-elementor-open-lightbox=\"yes\" data-elementor-lightbox-slideshow=\"1548a3cc\" data-elementor-lightbox-title=\"Stampa 3D - Allineatori trasparenti\" data-e-action-hash=\"#elementor-action%3Aaction%3Dlightbox%26settings%3DeyJpZCI6MTg3NiwidXJsIjoiaHR0cHM6XC9cL3d3dy5lZGlmaWMuaXRcL3dwLWNvbnRlbnRcL3VwbG9hZHNcLzIwMjFcLzA0XC9PZG9udG9pYXRyaWEtZ2FsbGVyeV83LmpwZyIsInNsaWRlc2hvdyI6IjE1NDhhM2NjIn0%3D\">\n\t\t\t\t\t<div class=\"e-gallery-image elementor-gallery-item__image\" data-thumbnail=\"https:\/\/www.edific.it\/wp-content\/uploads\/2021\/04\/Odontoiatria-gallery_7.jpg\" data-width=\"941\" data-height=\"544\" aria-label=\"\" role=\"img\" ><\/div>\n\t\t\t\t\t\t\t\t\t\t\t<div class=\"elementor-gallery-item__overlay\"><\/div>\n\t\t\t\t\t\t\t\t\t\t\t\t\t\t<\/a>\n\t\t\t\t\t\t\t<a class=\"e-gallery-item elementor-gallery-item elementor-animated-content\" href=\"https:\/\/www.edific.it\/wp-content\/uploads\/2021\/04\/Odontoiatria-gallery_1.jpg\" data-elementor-open-lightbox=\"yes\" data-elementor-lightbox-slideshow=\"1548a3cc\" data-elementor-lightbox-title=\"Replica anatomica per pianificazione prechirurgica\" data-e-action-hash=\"#elementor-action%3Aaction%3Dlightbox%26settings%3DeyJpZCI6MTg3NywidXJsIjoiaHR0cHM6XC9cL3d3dy5lZGlmaWMuaXRcL3dwLWNvbnRlbnRcL3VwbG9hZHNcLzIwMjFcLzA0XC9PZG9udG9pYXRyaWEtZ2FsbGVyeV8xLmpwZyIsInNsaWRlc2hvdyI6IjE1NDhhM2NjIn0%3D\">\n\t\t\t\t\t<div class=\"e-gallery-image elementor-gallery-item__image\" data-thumbnail=\"https:\/\/www.edific.it\/wp-content\/uploads\/2021\/04\/Odontoiatria-gallery_1.jpg\" data-width=\"1200\" data-height=\"1600\" aria-label=\"\" role=\"img\" ><\/div>\n\t\t\t\t\t\t\t\t\t\t\t<div class=\"elementor-gallery-item__overlay\"><\/div>\n\t\t\t\t\t\t\t\t\t\t\t\t\t\t<\/a>\n\t\t\t\t\t<\/div>\n\t\t\t\t\t<\/div>\n\t\t\t\t<\/div>\n\t\t\t\t\t<\/div>\n\t\t<\/div>\n\t\t\t\t\t<\/div>\n\t\t<\/section>\n\t\t\t\t<\/div>\n\t\t","protected":false},"excerpt":{"rendered":"<p>Notre exp\u00e9rience nous a permis de devenir l&rsquo;un des fournisseurs les plus qualifi\u00e9s de services et de produits imprim\u00e9s en 3D dans l&rsquo;industrie dentaire. Services : Soutien aux proc\u00e9dures d&rsquo;implantologie guid\u00e9es par ordinateur Reconstruction osseuse guid\u00e9e (GBR) Orthodontie Impression 3D de mod\u00e8les, mod\u00e8les pour l&rsquo;orthodontie, guides chirurgicaux pour l&rsquo;implantologie assist\u00e9e par ordinateur Fabrication de r\u00e9pliques [&hellip;]<\/p>\n","protected":false},"author":1,"featured_media":0,"parent":1960,"menu_order":0,"comment_status":"closed","ping_status":"closed","template":"","meta":{"footnotes":""},"class_list":["post-1923","page","type-page","status-publish","hentry"],"yoast_head":"<!-- This site is optimized with the Yoast SEO plugin v27.5 - https:\/\/yoast.com\/product\/yoast-seo-wordpress\/ -->\n<title>Dentisterie - 3dific<\/title>\n<meta name=\"robots\" content=\"index, follow, max-snippet:-1, max-image-preview:large, max-video-preview:-1\" \/>\n<link rel=\"canonical\" href=\"https:\/\/www.edific.it\/fr\/domaines-cliniques\/dentisterie\/\" \/>\n<meta property=\"og:locale\" content=\"fr_FR\" \/>\n<meta property=\"og:type\" content=\"article\" \/>\n<meta property=\"og:title\" content=\"Dentisterie - 3dific\" \/>\n<meta property=\"og:description\" content=\"Notre exp\u00e9rience nous a permis de devenir l&rsquo;un des fournisseurs les plus qualifi\u00e9s de services et de produits imprim\u00e9s en 3D dans l&rsquo;industrie dentaire. Services : Soutien aux proc\u00e9dures d&rsquo;implantologie guid\u00e9es par ordinateur Reconstruction osseuse guid\u00e9e (GBR) Orthodontie Impression 3D de mod\u00e8les, mod\u00e8les pour l&rsquo;orthodontie, guides chirurgicaux pour l&rsquo;implantologie assist\u00e9e par ordinateur Fabrication de r\u00e9pliques [&hellip;]\" \/>\n<meta property=\"og:url\" content=\"https:\/\/www.edific.it\/fr\/domaines-cliniques\/dentisterie\/\" \/>\n<meta property=\"og:site_name\" content=\"3dific\" \/>\n<meta property=\"article:publisher\" content=\"https:\/\/www.facebook.com\/3DIFIC\/\" \/>\n<meta property=\"article:modified_time\" content=\"2023-10-29T19:28:29+00:00\" \/>\n<meta property=\"og:image\" content=\"https:\/\/edific.it\/wp-content\/uploads\/2021\/05\/3dific-Dental-Division_logo.jpg\" \/>\n<meta name=\"twitter:card\" content=\"summary_large_image\" \/>\n<meta name=\"twitter:site\" content=\"@3dific\" \/>\n<script type=\"application\/ld+json\" class=\"yoast-schema-graph\">{\"@context\":\"https:\\\/\\\/schema.org\",\"@graph\":[{\"@type\":\"WebPage\",\"@id\":\"https:\\\/\\\/www.edific.it\\\/fr\\\/domaines-cliniques\\\/dentisterie\\\/\",\"url\":\"https:\\\/\\\/www.edific.it\\\/fr\\\/domaines-cliniques\\\/dentisterie\\\/\",\"name\":\"Dentisterie - 3dific\",\"isPartOf\":{\"@id\":\"https:\\\/\\\/www.edific.it\\\/fr\\\/#website\"},\"primaryImageOfPage\":{\"@id\":\"https:\\\/\\\/www.edific.it\\\/fr\\\/domaines-cliniques\\\/dentisterie\\\/#primaryimage\"},\"image\":{\"@id\":\"https:\\\/\\\/www.edific.it\\\/fr\\\/domaines-cliniques\\\/dentisterie\\\/#primaryimage\"},\"thumbnailUrl\":\"https:\\\/\\\/edific.it\\\/wp-content\\\/uploads\\\/2021\\\/05\\\/3dific-Dental-Division_logo.jpg\",\"datePublished\":\"2021-04-15T08:25:41+00:00\",\"dateModified\":\"2023-10-29T19:28:29+00:00\",\"breadcrumb\":{\"@id\":\"https:\\\/\\\/www.edific.it\\\/fr\\\/domaines-cliniques\\\/dentisterie\\\/#breadcrumb\"},\"inLanguage\":\"fr-FR\",\"potentialAction\":[{\"@type\":\"ReadAction\",\"target\":[\"https:\\\/\\\/www.edific.it\\\/fr\\\/domaines-cliniques\\\/dentisterie\\\/\"]}]},{\"@type\":\"ImageObject\",\"inLanguage\":\"fr-FR\",\"@id\":\"https:\\\/\\\/www.edific.it\\\/fr\\\/domaines-cliniques\\\/dentisterie\\\/#primaryimage\",\"url\":\"https:\\\/\\\/edific.it\\\/wp-content\\\/uploads\\\/2021\\\/05\\\/3dific-Dental-Division_logo.jpg\",\"contentUrl\":\"https:\\\/\\\/edific.it\\\/wp-content\\\/uploads\\\/2021\\\/05\\\/3dific-Dental-Division_logo.jpg\"},{\"@type\":\"BreadcrumbList\",\"@id\":\"https:\\\/\\\/www.edific.it\\\/fr\\\/domaines-cliniques\\\/dentisterie\\\/#breadcrumb\",\"itemListElement\":[{\"@type\":\"ListItem\",\"position\":1,\"name\":\"Home\",\"item\":\"https:\\\/\\\/www.edific.it\\\/fr\\\/\"},{\"@type\":\"ListItem\",\"position\":2,\"name\":\"Domaines cliniques\",\"item\":\"https:\\\/\\\/www.edific.it\\\/fr\\\/domaines-cliniques\\\/\"},{\"@type\":\"ListItem\",\"position\":3,\"name\":\"Dentisterie\"}]},{\"@type\":\"WebSite\",\"@id\":\"https:\\\/\\\/www.edific.it\\\/fr\\\/#website\",\"url\":\"https:\\\/\\\/www.edific.it\\\/fr\\\/\",\"name\":\"3dific\",\"description\":\"The missing thing\",\"publisher\":{\"@id\":\"https:\\\/\\\/www.edific.it\\\/fr\\\/#organization\"},\"potentialAction\":[{\"@type\":\"SearchAction\",\"target\":{\"@type\":\"EntryPoint\",\"urlTemplate\":\"https:\\\/\\\/www.edific.it\\\/fr\\\/?s={search_term_string}\"},\"query-input\":{\"@type\":\"PropertyValueSpecification\",\"valueRequired\":true,\"valueName\":\"search_term_string\"}}],\"inLanguage\":\"fr-FR\"},{\"@type\":\"Organization\",\"@id\":\"https:\\\/\\\/www.edific.it\\\/fr\\\/#organization\",\"name\":\"3dific srl\",\"url\":\"https:\\\/\\\/www.edific.it\\\/fr\\\/\",\"logo\":{\"@type\":\"ImageObject\",\"inLanguage\":\"fr-FR\",\"@id\":\"https:\\\/\\\/www.edific.it\\\/fr\\\/#\\\/schema\\\/logo\\\/image\\\/\",\"url\":\"https:\\\/\\\/www.edific.it\\\/wp-content\\\/uploads\\\/2021\\\/01\\\/logo_3dific-light_bkg.png\",\"contentUrl\":\"https:\\\/\\\/www.edific.it\\\/wp-content\\\/uploads\\\/2021\\\/01\\\/logo_3dific-light_bkg.png\",\"width\":180,\"height\":64,\"caption\":\"3dific srl\"},\"image\":{\"@id\":\"https:\\\/\\\/www.edific.it\\\/fr\\\/#\\\/schema\\\/logo\\\/image\\\/\"},\"sameAs\":[\"https:\\\/\\\/www.facebook.com\\\/3DIFIC\\\/\",\"https:\\\/\\\/x.com\\\/3dific\",\"https:\\\/\\\/www.linkedin.com\\\/company\\\/3dific\\\/\"]}]}<\/script>\n<!-- \/ Yoast SEO plugin. -->","yoast_head_json":{"title":"Dentisterie - 3dific","robots":{"index":"index","follow":"follow","max-snippet":"max-snippet:-1","max-image-preview":"max-image-preview:large","max-video-preview":"max-video-preview:-1"},"canonical":"https:\/\/www.edific.it\/fr\/domaines-cliniques\/dentisterie\/","og_locale":"fr_FR","og_type":"article","og_title":"Dentisterie - 3dific","og_description":"Notre exp\u00e9rience nous a permis de devenir l&rsquo;un des fournisseurs les plus qualifi\u00e9s de services et de produits imprim\u00e9s en 3D dans l&rsquo;industrie dentaire. Services : Soutien aux proc\u00e9dures d&rsquo;implantologie guid\u00e9es par ordinateur Reconstruction osseuse guid\u00e9e (GBR) Orthodontie Impression 3D de mod\u00e8les, mod\u00e8les pour l&rsquo;orthodontie, guides chirurgicaux pour l&rsquo;implantologie assist\u00e9e par ordinateur Fabrication de r\u00e9pliques [&hellip;]","og_url":"https:\/\/www.edific.it\/fr\/domaines-cliniques\/dentisterie\/","og_site_name":"3dific","article_publisher":"https:\/\/www.facebook.com\/3DIFIC\/","article_modified_time":"2023-10-29T19:28:29+00:00","og_image":[{"url":"https:\/\/edific.it\/wp-content\/uploads\/2021\/05\/3dific-Dental-Division_logo.jpg","type":"","width":"","height":""}],"twitter_card":"summary_large_image","twitter_site":"@3dific","schema":{"@context":"https:\/\/schema.org","@graph":[{"@type":"WebPage","@id":"https:\/\/www.edific.it\/fr\/domaines-cliniques\/dentisterie\/","url":"https:\/\/www.edific.it\/fr\/domaines-cliniques\/dentisterie\/","name":"Dentisterie - 3dific","isPartOf":{"@id":"https:\/\/www.edific.it\/fr\/#website"},"primaryImageOfPage":{"@id":"https:\/\/www.edific.it\/fr\/domaines-cliniques\/dentisterie\/#primaryimage"},"image":{"@id":"https:\/\/www.edific.it\/fr\/domaines-cliniques\/dentisterie\/#primaryimage"},"thumbnailUrl":"https:\/\/edific.it\/wp-content\/uploads\/2021\/05\/3dific-Dental-Division_logo.jpg","datePublished":"2021-04-15T08:25:41+00:00","dateModified":"2023-10-29T19:28:29+00:00","breadcrumb":{"@id":"https:\/\/www.edific.it\/fr\/domaines-cliniques\/dentisterie\/#breadcrumb"},"inLanguage":"fr-FR","potentialAction":[{"@type":"ReadAction","target":["https:\/\/www.edific.it\/fr\/domaines-cliniques\/dentisterie\/"]}]},{"@type":"ImageObject","inLanguage":"fr-FR","@id":"https:\/\/www.edific.it\/fr\/domaines-cliniques\/dentisterie\/#primaryimage","url":"https:\/\/edific.it\/wp-content\/uploads\/2021\/05\/3dific-Dental-Division_logo.jpg","contentUrl":"https:\/\/edific.it\/wp-content\/uploads\/2021\/05\/3dific-Dental-Division_logo.jpg"},{"@type":"BreadcrumbList","@id":"https:\/\/www.edific.it\/fr\/domaines-cliniques\/dentisterie\/#breadcrumb","itemListElement":[{"@type":"ListItem","position":1,"name":"Home","item":"https:\/\/www.edific.it\/fr\/"},{"@type":"ListItem","position":2,"name":"Domaines cliniques","item":"https:\/\/www.edific.it\/fr\/domaines-cliniques\/"},{"@type":"ListItem","position":3,"name":"Dentisterie"}]},{"@type":"WebSite","@id":"https:\/\/www.edific.it\/fr\/#website","url":"https:\/\/www.edific.it\/fr\/","name":"3dific","description":"The missing thing","publisher":{"@id":"https:\/\/www.edific.it\/fr\/#organization"},"potentialAction":[{"@type":"SearchAction","target":{"@type":"EntryPoint","urlTemplate":"https:\/\/www.edific.it\/fr\/?s={search_term_string}"},"query-input":{"@type":"PropertyValueSpecification","valueRequired":true,"valueName":"search_term_string"}}],"inLanguage":"fr-FR"},{"@type":"Organization","@id":"https:\/\/www.edific.it\/fr\/#organization","name":"3dific srl","url":"https:\/\/www.edific.it\/fr\/","logo":{"@type":"ImageObject","inLanguage":"fr-FR","@id":"https:\/\/www.edific.it\/fr\/#\/schema\/logo\/image\/","url":"https:\/\/www.edific.it\/wp-content\/uploads\/2021\/01\/logo_3dific-light_bkg.png","contentUrl":"https:\/\/www.edific.it\/wp-content\/uploads\/2021\/01\/logo_3dific-light_bkg.png","width":180,"height":64,"caption":"3dific srl"},"image":{"@id":"https:\/\/www.edific.it\/fr\/#\/schema\/logo\/image\/"},"sameAs":["https:\/\/www.facebook.com\/3DIFIC\/","https:\/\/x.com\/3dific","https:\/\/www.linkedin.com\/company\/3dific\/"]}]}},"_links":{"self":[{"href":"https:\/\/www.edific.it\/fr\/wp-json\/wp\/v2\/pages\/1923","targetHints":{"allow":["GET"]}}],"collection":[{"href":"https:\/\/www.edific.it\/fr\/wp-json\/wp\/v2\/pages"}],"about":[{"href":"https:\/\/www.edific.it\/fr\/wp-json\/wp\/v2\/types\/page"}],"author":[{"embeddable":true,"href":"https:\/\/www.edific.it\/fr\/wp-json\/wp\/v2\/users\/1"}],"replies":[{"embeddable":true,"href":"https:\/\/www.edific.it\/fr\/wp-json\/wp\/v2\/comments?post=1923"}],"version-history":[{"count":5,"href":"https:\/\/www.edific.it\/fr\/wp-json\/wp\/v2\/pages\/1923\/revisions"}],"predecessor-version":[{"id":2070,"href":"https:\/\/www.edific.it\/fr\/wp-json\/wp\/v2\/pages\/1923\/revisions\/2070"}],"up":[{"embeddable":true,"href":"https:\/\/www.edific.it\/fr\/wp-json\/wp\/v2\/pages\/1960"}],"wp:attachment":[{"href":"https:\/\/www.edific.it\/fr\/wp-json\/wp\/v2\/media?parent=1923"}],"curies":[{"name":"wp","href":"https:\/\/api.w.org\/{rel}","templated":true}]}}