{"id":1924,"date":"2021-05-28T19:14:00","date_gmt":"2021-05-28T18:14:00","guid":{"rendered":"https:\/\/edific.simmatonline.com\/odontostomatologie\/"},"modified":"2023-10-30T12:54:19","modified_gmt":"2023-10-30T11:54:19","slug":"odontostomatologie","status":"publish","type":"page","link":"https:\/\/www.edific.it\/fr\/recherche\/odontostomatologie\/","title":{"rendered":"Odontostomatologie"},"content":{"rendered":"\t\t<div data-elementor-type=\"wp-page\" data-elementor-id=\"1924\" class=\"elementor elementor-1924 elementor-1704\" data-elementor-post-type=\"page\">\n\t\t\t\t\t\t<section class=\"elementor-section elementor-top-section elementor-element elementor-element-17622953 elementor-section-full_width elementor-section-height-default elementor-section-height-default\" data-id=\"17622953\" data-element_type=\"section\" data-e-type=\"section\" data-settings=\"{&quot;background_background&quot;:&quot;classic&quot;}\">\n\t\t\t\t\t\t<div class=\"elementor-container elementor-column-gap-default\">\n\t\t\t\t\t<div class=\"elementor-column elementor-col-100 elementor-top-column elementor-element elementor-element-2eb720bd\" data-id=\"2eb720bd\" data-element_type=\"column\" data-e-type=\"column\">\n\t\t\t<div class=\"elementor-widget-wrap elementor-element-populated\">\n\t\t\t\t\t\t<section class=\"elementor-section elementor-inner-section elementor-element elementor-element-2a5293bd elementor-section-boxed elementor-section-height-default elementor-section-height-default\" data-id=\"2a5293bd\" data-element_type=\"section\" data-e-type=\"section\">\n\t\t\t\t\t\t<div class=\"elementor-container elementor-column-gap-default\">\n\t\t\t\t\t<div class=\"elementor-column elementor-col-50 elementor-inner-column elementor-element elementor-element-63109528\" data-id=\"63109528\" data-element_type=\"column\" data-e-type=\"column\">\n\t\t\t<div class=\"elementor-widget-wrap elementor-element-populated\">\n\t\t\t\t\t\t<div class=\"elementor-element elementor-element-752a6755 elementor-widget elementor-widget-image\" data-id=\"752a6755\" data-element_type=\"widget\" data-e-type=\"widget\" data-widget_type=\"image.default\">\n\t\t\t\t<div class=\"elementor-widget-container\">\n\t\t\t\t\t\t\t\t\t\t\t\t\t\t\t<img fetchpriority=\"high\" decoding=\"async\" width=\"800\" height=\"229\" src=\"https:\/\/www.edific.it\/wp-content\/uploads\/2021\/05\/Materials-logo.jpeg\" class=\"attachment-large size-large wp-image-1907\" alt=\"\" srcset=\"https:\/\/www.edific.it\/wp-content\/uploads\/2021\/05\/Materials-logo.jpeg 1048w, https:\/\/www.edific.it\/wp-content\/uploads\/2021\/05\/Materials-logo-800x229.jpeg 800w, https:\/\/www.edific.it\/wp-content\/uploads\/2021\/05\/Materials-logo-768x220.jpeg 768w\" sizes=\"(max-width: 800px) 100vw, 800px\" \/>\t\t\t\t\t\t\t\t\t\t\t\t\t\t\t<\/div>\n\t\t\t\t<\/div>\n\t\t\t\t<div class=\"elementor-element elementor-element-1f40bc42 elementor-widget elementor-widget-heading\" data-id=\"1f40bc42\" data-element_type=\"widget\" data-e-type=\"widget\" data-widget_type=\"heading.default\">\n\t\t\t\t<div class=\"elementor-widget-container\">\n\t\t\t\t\t<h2 class=\"elementor-heading-title elementor-size-default\">Materials<\/br>2019<\/h2>\t\t\t\t<\/div>\n\t\t\t\t<\/div>\n\t\t\t\t<div class=\"elementor-element elementor-element-39338fc9 elementor-widget elementor-widget-text-editor\" data-id=\"39338fc9\" data-element_type=\"widget\" data-e-type=\"widget\" data-widget_type=\"text-editor.default\">\n\t\t\t\t<div class=\"elementor-widget-container\">\n\t\t\t\t\t\t\t\t\t<p>Juin ; 12(12) : 1958<\/p>\n\t\t\t\t\t\t\t\t<\/div>\n\t\t\t\t<\/div>\n\t\t\t\t<div class=\"elementor-element elementor-element-311285cc elementor-absolute elementor-widget-divider--view-line elementor-widget elementor-widget-divider\" data-id=\"311285cc\" data-element_type=\"widget\" data-e-type=\"widget\" data-settings=\"{&quot;_position&quot;:&quot;absolute&quot;}\" data-widget_type=\"divider.default\">\n\t\t\t\t<div class=\"elementor-widget-container\">\n\t\t\t\t\t\t\t<div class=\"elementor-divider\">\n\t\t\t<span class=\"elementor-divider-separator\">\n\t\t\t\t\t\t<\/span>\n\t\t<\/div>\n\t\t\t\t\t\t<\/div>\n\t\t\t\t<\/div>\n\t\t\t\t\t<\/div>\n\t\t<\/div>\n\t\t\t\t<div class=\"elementor-column elementor-col-50 elementor-inner-column elementor-element elementor-element-741c56ac\" data-id=\"741c56ac\" data-element_type=\"column\" data-e-type=\"column\" data-settings=\"{&quot;background_background&quot;:&quot;gradient&quot;}\">\n\t\t\t<div class=\"elementor-widget-wrap elementor-element-populated\">\n\t\t\t\t\t\t<div class=\"elementor-element elementor-element-12322936 elementor-widget elementor-widget-text-editor\" data-id=\"12322936\" data-element_type=\"widget\" data-e-type=\"widget\" data-widget_type=\"text-editor.default\">\n\t\t\t\t<div class=\"elementor-widget-container\">\n\t\t\t\t\t\t\t\t\t<p>\u00c9tude de la fiabilit\u00e9 et de la pr\u00e9cision des scanners intra-oraux et des scanners de table utilis\u00e9s en dentisterie et en technologie dentaire.<\/p>\n\t\t\t\t\t\t\t\t<\/div>\n\t\t\t\t<\/div>\n\t\t\t\t<div class=\"elementor-element elementor-element-ba8fe93 elementor-widget elementor-widget-heading\" data-id=\"ba8fe93\" data-element_type=\"widget\" data-e-type=\"widget\" data-widget_type=\"heading.default\">\n\t\t\t\t<div class=\"elementor-widget-container\">\n\t\t\t\t\t<h2 class=\"elementor-heading-title elementor-size-default\">Quelques images<\/h2>\t\t\t\t<\/div>\n\t\t\t\t<\/div>\n\t\t\t\t<div class=\"elementor-element elementor-element-3df961bf elementor-widget elementor-widget-gallery\" data-id=\"3df961bf\" data-element_type=\"widget\" data-e-type=\"widget\" data-settings=\"{&quot;gallery_layout&quot;:&quot;masonry&quot;,&quot;columns&quot;:2,&quot;gap&quot;:{&quot;unit&quot;:&quot;px&quot;,&quot;size&quot;:57,&quot;sizes&quot;:[]},&quot;columns_mobile&quot;:2,&quot;gap_mobile&quot;:{&quot;unit&quot;:&quot;px&quot;,&quot;size&quot;:20,&quot;sizes&quot;:[]},&quot;lazyload&quot;:&quot;yes&quot;,&quot;columns_tablet&quot;:2,&quot;gap_tablet&quot;:{&quot;unit&quot;:&quot;px&quot;,&quot;size&quot;:10,&quot;sizes&quot;:[]},&quot;link_to&quot;:&quot;file&quot;,&quot;overlay_background&quot;:&quot;yes&quot;,&quot;content_hover_animation&quot;:&quot;fade-in&quot;}\" data-widget_type=\"gallery.default\">\n\t\t\t\t<div class=\"elementor-widget-container\">\n\t\t\t\t\t\t\t<div class=\"elementor-gallery__container\">\n\t\t\t\t\t\t\t<a class=\"e-gallery-item elementor-gallery-item elementor-animated-content\" href=\"https:\/\/www.edific.it\/wp-content\/uploads\/2021\/05\/Odontostomatologia-ricerca-gallery_1.jpeg\" data-elementor-open-lightbox=\"yes\" data-elementor-lightbox-slideshow=\"3df961bf\" data-elementor-lightbox-title=\"Odontostomatologia - 1\" data-e-action-hash=\"#elementor-action%3Aaction%3Dlightbox%26settings%3DeyJpZCI6MTkwOCwidXJsIjoiaHR0cHM6XC9cL3d3dy5lZGlmaWMuaXRcL3dwLWNvbnRlbnRcL3VwbG9hZHNcLzIwMjFcLzA1XC9PZG9udG9zdG9tYXRvbG9naWEtcmljZXJjYS1nYWxsZXJ5XzEuanBlZyIsInNsaWRlc2hvdyI6IjNkZjk2MWJmIn0%3D\">\n\t\t\t\t\t<div class=\"e-gallery-image elementor-gallery-item__image\" data-thumbnail=\"https:\/\/www.edific.it\/wp-content\/uploads\/2021\/05\/Odontostomatologia-ricerca-gallery_1.jpeg\" data-width=\"1187\" data-height=\"845\" aria-label=\"\" role=\"img\" ><\/div>\n\t\t\t\t\t\t\t\t\t\t\t<div class=\"elementor-gallery-item__overlay\"><\/div>\n\t\t\t\t\t\t\t\t\t\t\t\t\t\t<\/a>\n\t\t\t\t\t\t\t<a class=\"e-gallery-item elementor-gallery-item elementor-animated-content\" href=\"https:\/\/www.edific.it\/wp-content\/uploads\/2021\/05\/Odontostomatologia-ricerca-gallery_2.jpeg\" data-elementor-open-lightbox=\"yes\" data-elementor-lightbox-slideshow=\"3df961bf\" data-elementor-lightbox-title=\"Odontostomatologia - 2\" data-e-action-hash=\"#elementor-action%3Aaction%3Dlightbox%26settings%3DeyJpZCI6MTkwOSwidXJsIjoiaHR0cHM6XC9cL3d3dy5lZGlmaWMuaXRcL3dwLWNvbnRlbnRcL3VwbG9hZHNcLzIwMjFcLzA1XC9PZG9udG9zdG9tYXRvbG9naWEtcmljZXJjYS1nYWxsZXJ5XzIuanBlZyIsInNsaWRlc2hvdyI6IjNkZjk2MWJmIn0%3D\">\n\t\t\t\t\t<div class=\"e-gallery-image elementor-gallery-item__image\" data-thumbnail=\"https:\/\/www.edific.it\/wp-content\/uploads\/2021\/05\/Odontostomatologia-ricerca-gallery_2.jpeg\" data-width=\"1131\" data-height=\"815\" aria-label=\"\" role=\"img\" ><\/div>\n\t\t\t\t\t\t\t\t\t\t\t<div class=\"elementor-gallery-item__overlay\"><\/div>\n\t\t\t\t\t\t\t\t\t\t\t\t\t\t<\/a>\n\t\t\t\t\t\t\t<a class=\"e-gallery-item elementor-gallery-item elementor-animated-content\" href=\"https:\/\/www.edific.it\/wp-content\/uploads\/2021\/05\/Odontostomatologia-ricerca-gallery_3.jpeg\" data-elementor-open-lightbox=\"yes\" data-elementor-lightbox-slideshow=\"3df961bf\" data-elementor-lightbox-title=\"Odontostomatologia - 3\" data-e-action-hash=\"#elementor-action%3Aaction%3Dlightbox%26settings%3DeyJpZCI6MTkxMCwidXJsIjoiaHR0cHM6XC9cL3d3dy5lZGlmaWMuaXRcL3dwLWNvbnRlbnRcL3VwbG9hZHNcLzIwMjFcLzA1XC9PZG9udG9zdG9tYXRvbG9naWEtcmljZXJjYS1nYWxsZXJ5XzMuanBlZyIsInNsaWRlc2hvdyI6IjNkZjk2MWJmIn0%3D\">\n\t\t\t\t\t<div class=\"e-gallery-image elementor-gallery-item__image\" data-thumbnail=\"https:\/\/www.edific.it\/wp-content\/uploads\/2021\/05\/Odontostomatologia-ricerca-gallery_3.jpeg\" data-width=\"622\" data-height=\"782\" aria-label=\"\" role=\"img\" ><\/div>\n\t\t\t\t\t\t\t\t\t\t\t<div class=\"elementor-gallery-item__overlay\"><\/div>\n\t\t\t\t\t\t\t\t\t\t\t\t\t\t<\/a>\n\t\t\t\t\t<\/div>\n\t\t\t\t\t<\/div>\n\t\t\t\t<\/div>\n\t\t\t\t\t<\/div>\n\t\t<\/div>\n\t\t\t\t\t<\/div>\n\t\t<\/section>\n\t\t\t\t\t<\/div>\n\t\t<\/div>\n\t\t\t\t\t<\/div>\n\t\t<\/section>\n\t\t\t\t<\/div>\n\t\t","protected":false},"excerpt":{"rendered":"<p>Materials2019 Juin ; 12(12) : 1958 \u00c9tude de la fiabilit\u00e9 et de la pr\u00e9cision des scanners intra-oraux et des scanners de table utilis\u00e9s en dentisterie et en technologie dentaire. Quelques images<\/p>\n","protected":false},"author":1,"featured_media":0,"parent":1951,"menu_order":0,"comment_status":"closed","ping_status":"closed","template":"","meta":{"footnotes":""},"class_list":["post-1924","page","type-page","status-publish","hentry"],"yoast_head":"<!-- This site is optimized with the Yoast SEO plugin v27.5 - https:\/\/yoast.com\/product\/yoast-seo-wordpress\/ -->\n<title>Odontostomatologie - 3dific<\/title>\n<meta name=\"robots\" content=\"index, follow, max-snippet:-1, max-image-preview:large, max-video-preview:-1\" \/>\n<link rel=\"canonical\" href=\"https:\/\/www.edific.it\/fr\/recherche\/odontostomatologie\/\" \/>\n<meta property=\"og:locale\" content=\"fr_FR\" \/>\n<meta property=\"og:type\" content=\"article\" \/>\n<meta property=\"og:title\" content=\"Odontostomatologie - 3dific\" \/>\n<meta property=\"og:description\" content=\"Materials2019 Juin ; 12(12) : 1958 \u00c9tude de la fiabilit\u00e9 et de la pr\u00e9cision des scanners intra-oraux et des scanners de table utilis\u00e9s en dentisterie et en technologie dentaire. Quelques images\" \/>\n<meta property=\"og:url\" content=\"https:\/\/www.edific.it\/fr\/recherche\/odontostomatologie\/\" \/>\n<meta property=\"og:site_name\" content=\"3dific\" \/>\n<meta property=\"article:publisher\" content=\"https:\/\/www.facebook.com\/3DIFIC\/\" \/>\n<meta property=\"article:modified_time\" content=\"2023-10-30T11:54:19+00:00\" \/>\n<meta property=\"og:image\" content=\"https:\/\/edific.it\/wp-content\/uploads\/2021\/05\/Materials-logo.jpeg\" \/>\n<meta name=\"twitter:card\" content=\"summary_large_image\" \/>\n<meta name=\"twitter:site\" content=\"@3dific\" \/>\n<script type=\"application\/ld+json\" class=\"yoast-schema-graph\">{\"@context\":\"https:\\\/\\\/schema.org\",\"@graph\":[{\"@type\":\"WebPage\",\"@id\":\"https:\\\/\\\/www.edific.it\\\/fr\\\/recherche\\\/odontostomatologie\\\/\",\"url\":\"https:\\\/\\\/www.edific.it\\\/fr\\\/recherche\\\/odontostomatologie\\\/\",\"name\":\"Odontostomatologie - 3dific\",\"isPartOf\":{\"@id\":\"https:\\\/\\\/www.edific.it\\\/fr\\\/#website\"},\"primaryImageOfPage\":{\"@id\":\"https:\\\/\\\/www.edific.it\\\/fr\\\/recherche\\\/odontostomatologie\\\/#primaryimage\"},\"image\":{\"@id\":\"https:\\\/\\\/www.edific.it\\\/fr\\\/recherche\\\/odontostomatologie\\\/#primaryimage\"},\"thumbnailUrl\":\"https:\\\/\\\/edific.it\\\/wp-content\\\/uploads\\\/2021\\\/05\\\/Materials-logo.jpeg\",\"datePublished\":\"2021-05-28T18:14:00+00:00\",\"dateModified\":\"2023-10-30T11:54:19+00:00\",\"breadcrumb\":{\"@id\":\"https:\\\/\\\/www.edific.it\\\/fr\\\/recherche\\\/odontostomatologie\\\/#breadcrumb\"},\"inLanguage\":\"fr-FR\",\"potentialAction\":[{\"@type\":\"ReadAction\",\"target\":[\"https:\\\/\\\/www.edific.it\\\/fr\\\/recherche\\\/odontostomatologie\\\/\"]}]},{\"@type\":\"ImageObject\",\"inLanguage\":\"fr-FR\",\"@id\":\"https:\\\/\\\/www.edific.it\\\/fr\\\/recherche\\\/odontostomatologie\\\/#primaryimage\",\"url\":\"https:\\\/\\\/edific.it\\\/wp-content\\\/uploads\\\/2021\\\/05\\\/Materials-logo.jpeg\",\"contentUrl\":\"https:\\\/\\\/edific.it\\\/wp-content\\\/uploads\\\/2021\\\/05\\\/Materials-logo.jpeg\"},{\"@type\":\"BreadcrumbList\",\"@id\":\"https:\\\/\\\/www.edific.it\\\/fr\\\/recherche\\\/odontostomatologie\\\/#breadcrumb\",\"itemListElement\":[{\"@type\":\"ListItem\",\"position\":1,\"name\":\"Home\",\"item\":\"https:\\\/\\\/www.edific.it\\\/fr\\\/\"},{\"@type\":\"ListItem\",\"position\":2,\"name\":\"Recherche\",\"item\":\"https:\\\/\\\/www.edific.it\\\/fr\\\/recherche\\\/\"},{\"@type\":\"ListItem\",\"position\":3,\"name\":\"Odontostomatologie\"}]},{\"@type\":\"WebSite\",\"@id\":\"https:\\\/\\\/www.edific.it\\\/fr\\\/#website\",\"url\":\"https:\\\/\\\/www.edific.it\\\/fr\\\/\",\"name\":\"3dific\",\"description\":\"The missing thing\",\"publisher\":{\"@id\":\"https:\\\/\\\/www.edific.it\\\/fr\\\/#organization\"},\"potentialAction\":[{\"@type\":\"SearchAction\",\"target\":{\"@type\":\"EntryPoint\",\"urlTemplate\":\"https:\\\/\\\/www.edific.it\\\/fr\\\/?s={search_term_string}\"},\"query-input\":{\"@type\":\"PropertyValueSpecification\",\"valueRequired\":true,\"valueName\":\"search_term_string\"}}],\"inLanguage\":\"fr-FR\"},{\"@type\":\"Organization\",\"@id\":\"https:\\\/\\\/www.edific.it\\\/fr\\\/#organization\",\"name\":\"3dific srl\",\"url\":\"https:\\\/\\\/www.edific.it\\\/fr\\\/\",\"logo\":{\"@type\":\"ImageObject\",\"inLanguage\":\"fr-FR\",\"@id\":\"https:\\\/\\\/www.edific.it\\\/fr\\\/#\\\/schema\\\/logo\\\/image\\\/\",\"url\":\"https:\\\/\\\/www.edific.it\\\/wp-content\\\/uploads\\\/2021\\\/01\\\/logo_3dific-light_bkg.png\",\"contentUrl\":\"https:\\\/\\\/www.edific.it\\\/wp-content\\\/uploads\\\/2021\\\/01\\\/logo_3dific-light_bkg.png\",\"width\":180,\"height\":64,\"caption\":\"3dific srl\"},\"image\":{\"@id\":\"https:\\\/\\\/www.edific.it\\\/fr\\\/#\\\/schema\\\/logo\\\/image\\\/\"},\"sameAs\":[\"https:\\\/\\\/www.facebook.com\\\/3DIFIC\\\/\",\"https:\\\/\\\/x.com\\\/3dific\",\"https:\\\/\\\/www.linkedin.com\\\/company\\\/3dific\\\/\"]}]}<\/script>\n<!-- \/ Yoast SEO plugin. -->","yoast_head_json":{"title":"Odontostomatologie - 3dific","robots":{"index":"index","follow":"follow","max-snippet":"max-snippet:-1","max-image-preview":"max-image-preview:large","max-video-preview":"max-video-preview:-1"},"canonical":"https:\/\/www.edific.it\/fr\/recherche\/odontostomatologie\/","og_locale":"fr_FR","og_type":"article","og_title":"Odontostomatologie - 3dific","og_description":"Materials2019 Juin ; 12(12) : 1958 \u00c9tude de la fiabilit\u00e9 et de la pr\u00e9cision des scanners intra-oraux et des scanners de table utilis\u00e9s en dentisterie et en technologie dentaire. Quelques images","og_url":"https:\/\/www.edific.it\/fr\/recherche\/odontostomatologie\/","og_site_name":"3dific","article_publisher":"https:\/\/www.facebook.com\/3DIFIC\/","article_modified_time":"2023-10-30T11:54:19+00:00","og_image":[{"url":"https:\/\/edific.it\/wp-content\/uploads\/2021\/05\/Materials-logo.jpeg","type":"","width":"","height":""}],"twitter_card":"summary_large_image","twitter_site":"@3dific","schema":{"@context":"https:\/\/schema.org","@graph":[{"@type":"WebPage","@id":"https:\/\/www.edific.it\/fr\/recherche\/odontostomatologie\/","url":"https:\/\/www.edific.it\/fr\/recherche\/odontostomatologie\/","name":"Odontostomatologie - 3dific","isPartOf":{"@id":"https:\/\/www.edific.it\/fr\/#website"},"primaryImageOfPage":{"@id":"https:\/\/www.edific.it\/fr\/recherche\/odontostomatologie\/#primaryimage"},"image":{"@id":"https:\/\/www.edific.it\/fr\/recherche\/odontostomatologie\/#primaryimage"},"thumbnailUrl":"https:\/\/edific.it\/wp-content\/uploads\/2021\/05\/Materials-logo.jpeg","datePublished":"2021-05-28T18:14:00+00:00","dateModified":"2023-10-30T11:54:19+00:00","breadcrumb":{"@id":"https:\/\/www.edific.it\/fr\/recherche\/odontostomatologie\/#breadcrumb"},"inLanguage":"fr-FR","potentialAction":[{"@type":"ReadAction","target":["https:\/\/www.edific.it\/fr\/recherche\/odontostomatologie\/"]}]},{"@type":"ImageObject","inLanguage":"fr-FR","@id":"https:\/\/www.edific.it\/fr\/recherche\/odontostomatologie\/#primaryimage","url":"https:\/\/edific.it\/wp-content\/uploads\/2021\/05\/Materials-logo.jpeg","contentUrl":"https:\/\/edific.it\/wp-content\/uploads\/2021\/05\/Materials-logo.jpeg"},{"@type":"BreadcrumbList","@id":"https:\/\/www.edific.it\/fr\/recherche\/odontostomatologie\/#breadcrumb","itemListElement":[{"@type":"ListItem","position":1,"name":"Home","item":"https:\/\/www.edific.it\/fr\/"},{"@type":"ListItem","position":2,"name":"Recherche","item":"https:\/\/www.edific.it\/fr\/recherche\/"},{"@type":"ListItem","position":3,"name":"Odontostomatologie"}]},{"@type":"WebSite","@id":"https:\/\/www.edific.it\/fr\/#website","url":"https:\/\/www.edific.it\/fr\/","name":"3dific","description":"The missing thing","publisher":{"@id":"https:\/\/www.edific.it\/fr\/#organization"},"potentialAction":[{"@type":"SearchAction","target":{"@type":"EntryPoint","urlTemplate":"https:\/\/www.edific.it\/fr\/?s={search_term_string}"},"query-input":{"@type":"PropertyValueSpecification","valueRequired":true,"valueName":"search_term_string"}}],"inLanguage":"fr-FR"},{"@type":"Organization","@id":"https:\/\/www.edific.it\/fr\/#organization","name":"3dific srl","url":"https:\/\/www.edific.it\/fr\/","logo":{"@type":"ImageObject","inLanguage":"fr-FR","@id":"https:\/\/www.edific.it\/fr\/#\/schema\/logo\/image\/","url":"https:\/\/www.edific.it\/wp-content\/uploads\/2021\/01\/logo_3dific-light_bkg.png","contentUrl":"https:\/\/www.edific.it\/wp-content\/uploads\/2021\/01\/logo_3dific-light_bkg.png","width":180,"height":64,"caption":"3dific srl"},"image":{"@id":"https:\/\/www.edific.it\/fr\/#\/schema\/logo\/image\/"},"sameAs":["https:\/\/www.facebook.com\/3DIFIC\/","https:\/\/x.com\/3dific","https:\/\/www.linkedin.com\/company\/3dific\/"]}]}},"_links":{"self":[{"href":"https:\/\/www.edific.it\/fr\/wp-json\/wp\/v2\/pages\/1924","targetHints":{"allow":["GET"]}}],"collection":[{"href":"https:\/\/www.edific.it\/fr\/wp-json\/wp\/v2\/pages"}],"about":[{"href":"https:\/\/www.edific.it\/fr\/wp-json\/wp\/v2\/types\/page"}],"author":[{"embeddable":true,"href":"https:\/\/www.edific.it\/fr\/wp-json\/wp\/v2\/users\/1"}],"replies":[{"embeddable":true,"href":"https:\/\/www.edific.it\/fr\/wp-json\/wp\/v2\/comments?post=1924"}],"version-history":[{"count":5,"href":"https:\/\/www.edific.it\/fr\/wp-json\/wp\/v2\/pages\/1924\/revisions"}],"predecessor-version":[{"id":2093,"href":"https:\/\/www.edific.it\/fr\/wp-json\/wp\/v2\/pages\/1924\/revisions\/2093"}],"up":[{"embeddable":true,"href":"https:\/\/www.edific.it\/fr\/wp-json\/wp\/v2\/pages\/1951"}],"wp:attachment":[{"href":"https:\/\/www.edific.it\/fr\/wp-json\/wp\/v2\/media?parent=1924"}],"curies":[{"name":"wp","href":"https:\/\/api.w.org\/{rel}","templated":true}]}}