{"id":1930,"date":"2021-05-28T19:30:17","date_gmt":"2021-05-28T18:30:17","guid":{"rendered":"https:\/\/edific.simmatonline.com\/gynecologie\/"},"modified":"2023-09-01T19:09:12","modified_gmt":"2023-09-01T18:09:12","slug":"gynecologie","status":"publish","type":"page","link":"https:\/\/www.edific.it\/fr\/recherche\/gynecologie\/","title":{"rendered":"Gyn\u00e9cologie"},"content":{"rendered":"\t\t<div data-elementor-type=\"wp-page\" data-elementor-id=\"1930\" class=\"elementor elementor-1930 elementor-1715\" data-elementor-post-type=\"page\">\n\t\t\t\t\t\t<section class=\"elementor-section elementor-top-section elementor-element elementor-element-2acea0e8 elementor-section-full_width elementor-section-height-default elementor-section-height-default\" data-id=\"2acea0e8\" data-element_type=\"section\" data-e-type=\"section\" data-settings=\"{&quot;background_background&quot;:&quot;classic&quot;}\">\n\t\t\t\t\t\t<div class=\"elementor-container elementor-column-gap-default\">\n\t\t\t\t\t<div class=\"elementor-column elementor-col-100 elementor-top-column elementor-element elementor-element-31876536\" data-id=\"31876536\" data-element_type=\"column\" data-e-type=\"column\">\n\t\t\t<div class=\"elementor-widget-wrap elementor-element-populated\">\n\t\t\t\t\t\t<section class=\"elementor-section elementor-inner-section elementor-element elementor-element-42937ac5 elementor-section-boxed elementor-section-height-default elementor-section-height-default\" data-id=\"42937ac5\" data-element_type=\"section\" data-e-type=\"section\">\n\t\t\t\t\t\t<div class=\"elementor-container elementor-column-gap-default\">\n\t\t\t\t\t<div class=\"elementor-column elementor-col-50 elementor-inner-column elementor-element elementor-element-44c2a8df\" data-id=\"44c2a8df\" data-element_type=\"column\" data-e-type=\"column\">\n\t\t\t<div class=\"elementor-widget-wrap elementor-element-populated\">\n\t\t\t\t\t\t<div class=\"elementor-element elementor-element-2c2fb343 elementor-widget elementor-widget-heading\" data-id=\"2c2fb343\" data-element_type=\"widget\" data-e-type=\"widget\" data-widget_type=\"heading.default\">\n\t\t\t\t<div class=\"elementor-widget-container\">\n\t\t\t\t\t<h2 class=\"elementor-heading-title elementor-size-default\">Centre national de recherche m\u00e9dicale Almazov<\/h2>\t\t\t\t<\/div>\n\t\t\t\t<\/div>\n\t\t\t\t<div class=\"elementor-element elementor-element-42804e57 elementor-widget elementor-widget-text-editor\" data-id=\"42804e57\" data-element_type=\"widget\" data-e-type=\"widget\" data-widget_type=\"text-editor.default\">\n\t\t\t\t<div class=\"elementor-widget-container\">\n\t\t\t\t\t\t\t\t\t<p>Saint-P\u00e9tersbourg<\/p>\n\t\t\t\t\t\t\t\t<\/div>\n\t\t\t\t<\/div>\n\t\t\t\t<div class=\"elementor-element elementor-element-51a52233 elementor-absolute elementor-widget-divider--view-line elementor-widget elementor-widget-divider\" data-id=\"51a52233\" data-element_type=\"widget\" data-e-type=\"widget\" data-settings=\"{&quot;_position&quot;:&quot;absolute&quot;}\" data-widget_type=\"divider.default\">\n\t\t\t\t<div class=\"elementor-widget-container\">\n\t\t\t\t\t\t\t<div class=\"elementor-divider\">\n\t\t\t<span class=\"elementor-divider-separator\">\n\t\t\t\t\t\t<\/span>\n\t\t<\/div>\n\t\t\t\t\t\t<\/div>\n\t\t\t\t<\/div>\n\t\t\t\t\t<\/div>\n\t\t<\/div>\n\t\t\t\t<div class=\"elementor-column elementor-col-50 elementor-inner-column elementor-element elementor-element-7089de35\" data-id=\"7089de35\" data-element_type=\"column\" data-e-type=\"column\" data-settings=\"{&quot;background_background&quot;:&quot;gradient&quot;}\">\n\t\t\t<div class=\"elementor-widget-wrap elementor-element-populated\">\n\t\t\t\t\t\t<div class=\"elementor-element elementor-element-244d8cc1 elementor-widget elementor-widget-text-editor\" data-id=\"244d8cc1\" data-element_type=\"widget\" data-e-type=\"widget\" data-widget_type=\"text-editor.default\">\n\t\t\t\t<div class=\"elementor-widget-container\">\n\t\t\t\t\t\t\t\t\t<p>\u00c9tude en cours sur les kystes ovariens avec le Centre national de recherche m\u00e9dicale Almazov (Saint-P\u00e9tersbourg).<\/p>\n\t\t\t\t\t\t\t\t<\/div>\n\t\t\t\t<\/div>\n\t\t\t\t<div class=\"elementor-element elementor-element-7ac02738 elementor-widget elementor-widget-heading\" data-id=\"7ac02738\" data-element_type=\"widget\" data-e-type=\"widget\" data-widget_type=\"heading.default\">\n\t\t\t\t<div class=\"elementor-widget-container\">\n\t\t\t\t\t<h2 class=\"elementor-heading-title elementor-size-default\">Quelques images<\/h2>\t\t\t\t<\/div>\n\t\t\t\t<\/div>\n\t\t\t\t<div class=\"elementor-element elementor-element-7f5c4944 elementor-widget elementor-widget-gallery\" data-id=\"7f5c4944\" data-element_type=\"widget\" data-e-type=\"widget\" data-settings=\"{&quot;gallery_layout&quot;:&quot;masonry&quot;,&quot;columns&quot;:2,&quot;gap&quot;:{&quot;unit&quot;:&quot;px&quot;,&quot;size&quot;:57,&quot;sizes&quot;:[]},&quot;columns_mobile&quot;:2,&quot;gap_mobile&quot;:{&quot;unit&quot;:&quot;px&quot;,&quot;size&quot;:20,&quot;sizes&quot;:[]},&quot;lazyload&quot;:&quot;yes&quot;,&quot;columns_tablet&quot;:2,&quot;gap_tablet&quot;:{&quot;unit&quot;:&quot;px&quot;,&quot;size&quot;:10,&quot;sizes&quot;:[]},&quot;link_to&quot;:&quot;file&quot;,&quot;overlay_background&quot;:&quot;yes&quot;,&quot;content_hover_animation&quot;:&quot;fade-in&quot;}\" data-widget_type=\"gallery.default\">\n\t\t\t\t<div class=\"elementor-widget-container\">\n\t\t\t\t\t\t\t<div class=\"elementor-gallery__container\">\n\t\t\t\t\t\t\t<a class=\"e-gallery-item elementor-gallery-item elementor-animated-content\" href=\"https:\/\/www.edific.it\/wp-content\/uploads\/2021\/05\/Ginecologia-ricerca-gallery_1.jpg\" data-elementor-open-lightbox=\"yes\" data-elementor-lightbox-slideshow=\"7f5c4944\" data-elementor-lightbox-title=\"Ginecologia - 1\" data-e-action-hash=\"#elementor-action%3Aaction%3Dlightbox%26settings%3DeyJpZCI6MTkxMSwidXJsIjoiaHR0cHM6XC9cL3d3dy5lZGlmaWMuaXRcL3dwLWNvbnRlbnRcL3VwbG9hZHNcLzIwMjFcLzA1XC9HaW5lY29sb2dpYS1yaWNlcmNhLWdhbGxlcnlfMS5qcGciLCJzbGlkZXNob3ciOiI3ZjVjNDk0NCJ9\">\n\t\t\t\t\t<div class=\"e-gallery-image elementor-gallery-item__image\" data-thumbnail=\"https:\/\/www.edific.it\/wp-content\/uploads\/2021\/05\/Ginecologia-ricerca-gallery_1.jpg\" data-width=\"1135\" data-height=\"756\" aria-label=\"\" role=\"img\" ><\/div>\n\t\t\t\t\t\t\t\t\t\t\t<div class=\"elementor-gallery-item__overlay\"><\/div>\n\t\t\t\t\t\t\t\t\t\t\t\t\t\t<\/a>\n\t\t\t\t\t\t\t<a class=\"e-gallery-item elementor-gallery-item elementor-animated-content\" href=\"https:\/\/www.edific.it\/wp-content\/uploads\/2021\/05\/Ginecologia-ricerca-gallery_2.jpg\" data-elementor-open-lightbox=\"yes\" data-elementor-lightbox-slideshow=\"7f5c4944\" data-elementor-lightbox-title=\"Ginecologia - 2\" data-e-action-hash=\"#elementor-action%3Aaction%3Dlightbox%26settings%3DeyJpZCI6MTkxMiwidXJsIjoiaHR0cHM6XC9cL3d3dy5lZGlmaWMuaXRcL3dwLWNvbnRlbnRcL3VwbG9hZHNcLzIwMjFcLzA1XC9HaW5lY29sb2dpYS1yaWNlcmNhLWdhbGxlcnlfMi5qcGciLCJzbGlkZXNob3ciOiI3ZjVjNDk0NCJ9\">\n\t\t\t\t\t<div class=\"e-gallery-image elementor-gallery-item__image\" data-thumbnail=\"https:\/\/www.edific.it\/wp-content\/uploads\/2021\/05\/Ginecologia-ricerca-gallery_2.jpg\" data-width=\"756\" data-height=\"494\" aria-label=\"\" role=\"img\" ><\/div>\n\t\t\t\t\t\t\t\t\t\t\t<div class=\"elementor-gallery-item__overlay\"><\/div>\n\t\t\t\t\t\t\t\t\t\t\t\t\t\t<\/a>\n\t\t\t\t\t\t\t<a class=\"e-gallery-item elementor-gallery-item elementor-animated-content\" href=\"https:\/\/www.edific.it\/wp-content\/uploads\/2021\/05\/Ginecologia-ricerca-gallery_3.jpg\" data-elementor-open-lightbox=\"yes\" data-elementor-lightbox-slideshow=\"7f5c4944\" data-elementor-lightbox-title=\"Ginecologia - 3\" data-e-action-hash=\"#elementor-action%3Aaction%3Dlightbox%26settings%3DeyJpZCI6MTkxMywidXJsIjoiaHR0cHM6XC9cL3d3dy5lZGlmaWMuaXRcL3dwLWNvbnRlbnRcL3VwbG9hZHNcLzIwMjFcLzA1XC9HaW5lY29sb2dpYS1yaWNlcmNhLWdhbGxlcnlfMy5qcGciLCJzbGlkZXNob3ciOiI3ZjVjNDk0NCJ9\">\n\t\t\t\t\t<div class=\"e-gallery-image elementor-gallery-item__image\" data-thumbnail=\"https:\/\/www.edific.it\/wp-content\/uploads\/2021\/05\/Ginecologia-ricerca-gallery_3.jpg\" data-width=\"578\" data-height=\"488\" aria-label=\"\" role=\"img\" ><\/div>\n\t\t\t\t\t\t\t\t\t\t\t<div class=\"elementor-gallery-item__overlay\"><\/div>\n\t\t\t\t\t\t\t\t\t\t\t\t\t\t<\/a>\n\t\t\t\t\t<\/div>\n\t\t\t\t\t<\/div>\n\t\t\t\t<\/div>\n\t\t\t\t\t<\/div>\n\t\t<\/div>\n\t\t\t\t\t<\/div>\n\t\t<\/section>\n\t\t\t\t\t<\/div>\n\t\t<\/div>\n\t\t\t\t\t<\/div>\n\t\t<\/section>\n\t\t\t\t<\/div>\n\t\t","protected":false},"excerpt":{"rendered":"<p>Centre national de recherche m\u00e9dicale Almazov Saint-P\u00e9tersbourg \u00c9tude en cours sur les kystes ovariens avec le Centre national de recherche m\u00e9dicale Almazov (Saint-P\u00e9tersbourg). Quelques images<\/p>\n","protected":false},"author":1,"featured_media":0,"parent":1951,"menu_order":0,"comment_status":"closed","ping_status":"closed","template":"","meta":{"footnotes":""},"class_list":["post-1930","page","type-page","status-publish","hentry"],"yoast_head":"<!-- This site is optimized with the Yoast SEO plugin v27.5 - https:\/\/yoast.com\/product\/yoast-seo-wordpress\/ -->\n<title>Gyn\u00e9cologie - 3dific<\/title>\n<meta name=\"robots\" content=\"index, follow, max-snippet:-1, max-image-preview:large, max-video-preview:-1\" \/>\n<link rel=\"canonical\" href=\"https:\/\/www.edific.it\/fr\/recherche\/gynecologie\/\" \/>\n<meta property=\"og:locale\" content=\"fr_FR\" \/>\n<meta property=\"og:type\" content=\"article\" \/>\n<meta property=\"og:title\" content=\"Gyn\u00e9cologie - 3dific\" \/>\n<meta property=\"og:description\" content=\"Centre national de recherche m\u00e9dicale Almazov Saint-P\u00e9tersbourg \u00c9tude en cours sur les kystes ovariens avec le Centre national de recherche m\u00e9dicale Almazov (Saint-P\u00e9tersbourg). Quelques images\" \/>\n<meta property=\"og:url\" content=\"https:\/\/www.edific.it\/fr\/recherche\/gynecologie\/\" \/>\n<meta property=\"og:site_name\" content=\"3dific\" \/>\n<meta property=\"article:publisher\" content=\"https:\/\/www.facebook.com\/3DIFIC\/\" \/>\n<meta property=\"article:modified_time\" content=\"2023-09-01T18:09:12+00:00\" \/>\n<meta name=\"twitter:card\" content=\"summary_large_image\" \/>\n<meta name=\"twitter:site\" content=\"@3dific\" \/>\n<script type=\"application\/ld+json\" class=\"yoast-schema-graph\">{\"@context\":\"https:\\\/\\\/schema.org\",\"@graph\":[{\"@type\":\"WebPage\",\"@id\":\"https:\\\/\\\/www.edific.it\\\/fr\\\/recherche\\\/gynecologie\\\/\",\"url\":\"https:\\\/\\\/www.edific.it\\\/fr\\\/recherche\\\/gynecologie\\\/\",\"name\":\"Gyn\u00e9cologie - 3dific\",\"isPartOf\":{\"@id\":\"https:\\\/\\\/www.edific.it\\\/fr\\\/#website\"},\"datePublished\":\"2021-05-28T18:30:17+00:00\",\"dateModified\":\"2023-09-01T18:09:12+00:00\",\"breadcrumb\":{\"@id\":\"https:\\\/\\\/www.edific.it\\\/fr\\\/recherche\\\/gynecologie\\\/#breadcrumb\"},\"inLanguage\":\"fr-FR\",\"potentialAction\":[{\"@type\":\"ReadAction\",\"target\":[\"https:\\\/\\\/www.edific.it\\\/fr\\\/recherche\\\/gynecologie\\\/\"]}]},{\"@type\":\"BreadcrumbList\",\"@id\":\"https:\\\/\\\/www.edific.it\\\/fr\\\/recherche\\\/gynecologie\\\/#breadcrumb\",\"itemListElement\":[{\"@type\":\"ListItem\",\"position\":1,\"name\":\"Home\",\"item\":\"https:\\\/\\\/www.edific.it\\\/fr\\\/\"},{\"@type\":\"ListItem\",\"position\":2,\"name\":\"Recherche\",\"item\":\"https:\\\/\\\/www.edific.it\\\/fr\\\/recherche\\\/\"},{\"@type\":\"ListItem\",\"position\":3,\"name\":\"Gyn\u00e9cologie\"}]},{\"@type\":\"WebSite\",\"@id\":\"https:\\\/\\\/www.edific.it\\\/fr\\\/#website\",\"url\":\"https:\\\/\\\/www.edific.it\\\/fr\\\/\",\"name\":\"3dific\",\"description\":\"The missing thing\",\"publisher\":{\"@id\":\"https:\\\/\\\/www.edific.it\\\/fr\\\/#organization\"},\"potentialAction\":[{\"@type\":\"SearchAction\",\"target\":{\"@type\":\"EntryPoint\",\"urlTemplate\":\"https:\\\/\\\/www.edific.it\\\/fr\\\/?s={search_term_string}\"},\"query-input\":{\"@type\":\"PropertyValueSpecification\",\"valueRequired\":true,\"valueName\":\"search_term_string\"}}],\"inLanguage\":\"fr-FR\"},{\"@type\":\"Organization\",\"@id\":\"https:\\\/\\\/www.edific.it\\\/fr\\\/#organization\",\"name\":\"3dific srl\",\"url\":\"https:\\\/\\\/www.edific.it\\\/fr\\\/\",\"logo\":{\"@type\":\"ImageObject\",\"inLanguage\":\"fr-FR\",\"@id\":\"https:\\\/\\\/www.edific.it\\\/fr\\\/#\\\/schema\\\/logo\\\/image\\\/\",\"url\":\"https:\\\/\\\/www.edific.it\\\/wp-content\\\/uploads\\\/2021\\\/01\\\/logo_3dific-light_bkg.png\",\"contentUrl\":\"https:\\\/\\\/www.edific.it\\\/wp-content\\\/uploads\\\/2021\\\/01\\\/logo_3dific-light_bkg.png\",\"width\":180,\"height\":64,\"caption\":\"3dific srl\"},\"image\":{\"@id\":\"https:\\\/\\\/www.edific.it\\\/fr\\\/#\\\/schema\\\/logo\\\/image\\\/\"},\"sameAs\":[\"https:\\\/\\\/www.facebook.com\\\/3DIFIC\\\/\",\"https:\\\/\\\/x.com\\\/3dific\",\"https:\\\/\\\/www.linkedin.com\\\/company\\\/3dific\\\/\"]}]}<\/script>\n<!-- \/ Yoast SEO plugin. -->","yoast_head_json":{"title":"Gyn\u00e9cologie - 3dific","robots":{"index":"index","follow":"follow","max-snippet":"max-snippet:-1","max-image-preview":"max-image-preview:large","max-video-preview":"max-video-preview:-1"},"canonical":"https:\/\/www.edific.it\/fr\/recherche\/gynecologie\/","og_locale":"fr_FR","og_type":"article","og_title":"Gyn\u00e9cologie - 3dific","og_description":"Centre national de recherche m\u00e9dicale Almazov Saint-P\u00e9tersbourg \u00c9tude en cours sur les kystes ovariens avec le Centre national de recherche m\u00e9dicale Almazov (Saint-P\u00e9tersbourg). Quelques images","og_url":"https:\/\/www.edific.it\/fr\/recherche\/gynecologie\/","og_site_name":"3dific","article_publisher":"https:\/\/www.facebook.com\/3DIFIC\/","article_modified_time":"2023-09-01T18:09:12+00:00","twitter_card":"summary_large_image","twitter_site":"@3dific","schema":{"@context":"https:\/\/schema.org","@graph":[{"@type":"WebPage","@id":"https:\/\/www.edific.it\/fr\/recherche\/gynecologie\/","url":"https:\/\/www.edific.it\/fr\/recherche\/gynecologie\/","name":"Gyn\u00e9cologie - 3dific","isPartOf":{"@id":"https:\/\/www.edific.it\/fr\/#website"},"datePublished":"2021-05-28T18:30:17+00:00","dateModified":"2023-09-01T18:09:12+00:00","breadcrumb":{"@id":"https:\/\/www.edific.it\/fr\/recherche\/gynecologie\/#breadcrumb"},"inLanguage":"fr-FR","potentialAction":[{"@type":"ReadAction","target":["https:\/\/www.edific.it\/fr\/recherche\/gynecologie\/"]}]},{"@type":"BreadcrumbList","@id":"https:\/\/www.edific.it\/fr\/recherche\/gynecologie\/#breadcrumb","itemListElement":[{"@type":"ListItem","position":1,"name":"Home","item":"https:\/\/www.edific.it\/fr\/"},{"@type":"ListItem","position":2,"name":"Recherche","item":"https:\/\/www.edific.it\/fr\/recherche\/"},{"@type":"ListItem","position":3,"name":"Gyn\u00e9cologie"}]},{"@type":"WebSite","@id":"https:\/\/www.edific.it\/fr\/#website","url":"https:\/\/www.edific.it\/fr\/","name":"3dific","description":"The missing thing","publisher":{"@id":"https:\/\/www.edific.it\/fr\/#organization"},"potentialAction":[{"@type":"SearchAction","target":{"@type":"EntryPoint","urlTemplate":"https:\/\/www.edific.it\/fr\/?s={search_term_string}"},"query-input":{"@type":"PropertyValueSpecification","valueRequired":true,"valueName":"search_term_string"}}],"inLanguage":"fr-FR"},{"@type":"Organization","@id":"https:\/\/www.edific.it\/fr\/#organization","name":"3dific srl","url":"https:\/\/www.edific.it\/fr\/","logo":{"@type":"ImageObject","inLanguage":"fr-FR","@id":"https:\/\/www.edific.it\/fr\/#\/schema\/logo\/image\/","url":"https:\/\/www.edific.it\/wp-content\/uploads\/2021\/01\/logo_3dific-light_bkg.png","contentUrl":"https:\/\/www.edific.it\/wp-content\/uploads\/2021\/01\/logo_3dific-light_bkg.png","width":180,"height":64,"caption":"3dific srl"},"image":{"@id":"https:\/\/www.edific.it\/fr\/#\/schema\/logo\/image\/"},"sameAs":["https:\/\/www.facebook.com\/3DIFIC\/","https:\/\/x.com\/3dific","https:\/\/www.linkedin.com\/company\/3dific\/"]}]}},"_links":{"self":[{"href":"https:\/\/www.edific.it\/fr\/wp-json\/wp\/v2\/pages\/1930","targetHints":{"allow":["GET"]}}],"collection":[{"href":"https:\/\/www.edific.it\/fr\/wp-json\/wp\/v2\/pages"}],"about":[{"href":"https:\/\/www.edific.it\/fr\/wp-json\/wp\/v2\/types\/page"}],"author":[{"embeddable":true,"href":"https:\/\/www.edific.it\/fr\/wp-json\/wp\/v2\/users\/1"}],"replies":[{"embeddable":true,"href":"https:\/\/www.edific.it\/fr\/wp-json\/wp\/v2\/comments?post=1930"}],"version-history":[{"count":3,"href":"https:\/\/www.edific.it\/fr\/wp-json\/wp\/v2\/pages\/1930\/revisions"}],"predecessor-version":[{"id":1946,"href":"https:\/\/www.edific.it\/fr\/wp-json\/wp\/v2\/pages\/1930\/revisions\/1946"}],"up":[{"embeddable":true,"href":"https:\/\/www.edific.it\/fr\/wp-json\/wp\/v2\/pages\/1951"}],"wp:attachment":[{"href":"https:\/\/www.edific.it\/fr\/wp-json\/wp\/v2\/media?parent=1930"}],"curies":[{"name":"wp","href":"https:\/\/api.w.org\/{rel}","templated":true}]}}