{"id":1938,"date":"2021-04-14T23:20:54","date_gmt":"2021-04-14T22:20:54","guid":{"rendered":"https:\/\/edific.simmatonline.com\/curietherapie\/"},"modified":"2023-10-30T12:56:55","modified_gmt":"2023-10-30T11:56:55","slug":"curietherapie","status":"publish","type":"page","link":"https:\/\/www.edific.it\/fr\/recherche\/curietherapie\/","title":{"rendered":"Curieth\u00e9rapie"},"content":{"rendered":"\t\t<div data-elementor-type=\"wp-page\" data-elementor-id=\"1938\" class=\"elementor elementor-1938 elementor-775\" data-elementor-post-type=\"page\">\n\t\t\t\t\t\t<section class=\"elementor-section elementor-top-section elementor-element elementor-element-18e05de elementor-section-full_width elementor-section-height-default elementor-section-height-default\" data-id=\"18e05de\" data-element_type=\"section\" data-e-type=\"section\" data-settings=\"{&quot;background_background&quot;:&quot;classic&quot;}\">\n\t\t\t\t\t\t<div class=\"elementor-container elementor-column-gap-default\">\n\t\t\t\t\t<div class=\"elementor-column elementor-col-100 elementor-top-column elementor-element elementor-element-f2a4fa5\" data-id=\"f2a4fa5\" data-element_type=\"column\" data-e-type=\"column\">\n\t\t\t<div class=\"elementor-widget-wrap elementor-element-populated\">\n\t\t\t\t\t\t<section class=\"elementor-section elementor-inner-section elementor-element elementor-element-c2e7d97 elementor-section-boxed elementor-section-height-default elementor-section-height-default\" data-id=\"c2e7d97\" data-element_type=\"section\" data-e-type=\"section\">\n\t\t\t\t\t\t<div class=\"elementor-container elementor-column-gap-default\">\n\t\t\t\t\t<div class=\"elementor-column elementor-col-50 elementor-inner-column elementor-element elementor-element-205e9c4\" data-id=\"205e9c4\" data-element_type=\"column\" data-e-type=\"column\">\n\t\t\t<div class=\"elementor-widget-wrap elementor-element-populated\">\n\t\t\t\t\t\t<div class=\"elementor-element elementor-element-6c572cc elementor-widget elementor-widget-image\" data-id=\"6c572cc\" data-element_type=\"widget\" data-e-type=\"widget\" data-widget_type=\"image.default\">\n\t\t\t\t<div class=\"elementor-widget-container\">\n\t\t\t\t\t\t\t\t\t\t\t\t\t\t\t<img fetchpriority=\"high\" decoding=\"async\" width=\"575\" height=\"572\" src=\"https:\/\/www.edific.it\/wp-content\/uploads\/2021\/04\/BRACHYTERAPY.jpg\" class=\"attachment-large size-large wp-image-1861\" alt=\"\" srcset=\"https:\/\/www.edific.it\/wp-content\/uploads\/2021\/04\/BRACHYTERAPY.jpg 575w, https:\/\/www.edific.it\/wp-content\/uploads\/2021\/04\/BRACHYTERAPY-150x150.jpg 150w\" sizes=\"(max-width: 575px) 100vw, 575px\" \/>\t\t\t\t\t\t\t\t\t\t\t\t\t\t\t<\/div>\n\t\t\t\t<\/div>\n\t\t\t\t<div class=\"elementor-element elementor-element-3bd12c0 elementor-widget elementor-widget-heading\" data-id=\"3bd12c0\" data-element_type=\"widget\" data-e-type=\"widget\" data-widget_type=\"heading.default\">\n\t\t\t\t<div class=\"elementor-widget-container\">\n\t\t\t\t\t<h2 class=\"elementor-heading-title elementor-size-default\">Brachytherapy<br>Volume 18, 2019<\/h2>\t\t\t\t<\/div>\n\t\t\t\t<\/div>\n\t\t\t\t<div class=\"elementor-element elementor-element-780c098 elementor-widget elementor-widget-text-editor\" data-id=\"780c098\" data-element_type=\"widget\" data-e-type=\"widget\" data-widget_type=\"text-editor.default\">\n\t\t\t\t<div class=\"elementor-widget-container\">\n\t\t\t\t\t\t\t\t\t<p>Num\u00e9ro 1, p. 57-62, 1er janvier 2019<\/p>\n\t\t\t\t\t\t\t\t<\/div>\n\t\t\t\t<\/div>\n\t\t\t\t<div class=\"elementor-element elementor-element-c4427b0 elementor-absolute elementor-widget-divider--view-line elementor-widget elementor-widget-divider\" data-id=\"c4427b0\" data-element_type=\"widget\" data-e-type=\"widget\" data-settings=\"{&quot;_position&quot;:&quot;absolute&quot;}\" data-widget_type=\"divider.default\">\n\t\t\t\t<div class=\"elementor-widget-container\">\n\t\t\t\t\t\t\t<div class=\"elementor-divider\">\n\t\t\t<span class=\"elementor-divider-separator\">\n\t\t\t\t\t\t<\/span>\n\t\t<\/div>\n\t\t\t\t\t\t<\/div>\n\t\t\t\t<\/div>\n\t\t\t\t\t<\/div>\n\t\t<\/div>\n\t\t\t\t<div class=\"elementor-column elementor-col-50 elementor-inner-column elementor-element elementor-element-241801b\" data-id=\"241801b\" data-element_type=\"column\" data-e-type=\"column\" data-settings=\"{&quot;background_background&quot;:&quot;gradient&quot;}\">\n\t\t\t<div class=\"elementor-widget-wrap elementor-element-populated\">\n\t\t\t\t\t\t<div class=\"elementor-element elementor-element-1811e71 elementor-widget elementor-widget-text-editor\" data-id=\"1811e71\" data-element_type=\"widget\" data-e-type=\"widget\" data-widget_type=\"text-editor.default\">\n\t\t\t\t<div class=\"elementor-widget-container\">\n\t\t\t\t\t\t\t\t\t<p>R\u00e9alisation d&rsquo;une \u00e9tude clinique sur l&rsquo;utilisation de solutions sur mesure pour la fabrication de dispositifs destin\u00e9s \u00e0 la mise en place de cath\u00e9ters de curieth\u00e9rapie interstitielle du sein.<\/p>\n\t\t\t\t\t\t\t\t<\/div>\n\t\t\t\t<\/div>\n\t\t\t\t<div class=\"elementor-element elementor-element-3e9472c elementor-widget elementor-widget-heading\" data-id=\"3e9472c\" data-element_type=\"widget\" data-e-type=\"widget\" data-widget_type=\"heading.default\">\n\t\t\t\t<div class=\"elementor-widget-container\">\n\t\t\t\t\t<h2 class=\"elementor-heading-title elementor-size-default\">Quelques images<\/h2>\t\t\t\t<\/div>\n\t\t\t\t<\/div>\n\t\t\t\t<div class=\"elementor-element elementor-element-ab94c23 elementor-widget elementor-widget-gallery\" data-id=\"ab94c23\" data-element_type=\"widget\" data-e-type=\"widget\" data-settings=\"{&quot;gallery_layout&quot;:&quot;masonry&quot;,&quot;columns&quot;:2,&quot;gap&quot;:{&quot;unit&quot;:&quot;px&quot;,&quot;size&quot;:57,&quot;sizes&quot;:[]},&quot;columns_mobile&quot;:2,&quot;gap_mobile&quot;:{&quot;unit&quot;:&quot;px&quot;,&quot;size&quot;:20,&quot;sizes&quot;:[]},&quot;lazyload&quot;:&quot;yes&quot;,&quot;columns_tablet&quot;:2,&quot;gap_tablet&quot;:{&quot;unit&quot;:&quot;px&quot;,&quot;size&quot;:10,&quot;sizes&quot;:[]},&quot;link_to&quot;:&quot;file&quot;,&quot;overlay_background&quot;:&quot;yes&quot;,&quot;content_hover_animation&quot;:&quot;fade-in&quot;}\" data-widget_type=\"gallery.default\">\n\t\t\t\t<div class=\"elementor-widget-container\">\n\t\t\t\t\t\t\t<div class=\"elementor-gallery__container\">\n\t\t\t\t\t\t\t<a class=\"e-gallery-item elementor-gallery-item elementor-animated-content\" href=\"https:\/\/www.edific.it\/wp-content\/uploads\/2021\/04\/Brachytherapy_gallery-2.jpg\" data-elementor-open-lightbox=\"yes\" data-elementor-lightbox-slideshow=\"ab94c23\" data-elementor-lightbox-title=\"Brachytherapy - gallery 1\" data-e-action-hash=\"#elementor-action%3Aaction%3Dlightbox%26settings%3DeyJpZCI6MTg2MiwidXJsIjoiaHR0cHM6XC9cL3d3dy5lZGlmaWMuaXRcL3dwLWNvbnRlbnRcL3VwbG9hZHNcLzIwMjFcLzA0XC9CcmFjaHl0aGVyYXB5X2dhbGxlcnktMi5qcGciLCJzbGlkZXNob3ciOiJhYjk0YzIzIn0%3D\">\n\t\t\t\t\t<div class=\"e-gallery-image elementor-gallery-item__image\" data-thumbnail=\"https:\/\/www.edific.it\/wp-content\/uploads\/2021\/04\/Brachytherapy_gallery-2.jpg\" data-width=\"923\" data-height=\"648\" aria-label=\"\" role=\"img\" ><\/div>\n\t\t\t\t\t\t\t\t\t\t\t<div class=\"elementor-gallery-item__overlay\"><\/div>\n\t\t\t\t\t\t\t\t\t\t\t\t\t\t<\/a>\n\t\t\t\t\t\t\t<a class=\"e-gallery-item elementor-gallery-item elementor-animated-content\" href=\"https:\/\/www.edific.it\/wp-content\/uploads\/2021\/04\/Brachytherapy_gallery-1.jpg\" data-elementor-open-lightbox=\"yes\" data-elementor-lightbox-slideshow=\"ab94c23\" data-elementor-lightbox-title=\"Applicatore per brachiterapia\" data-e-action-hash=\"#elementor-action%3Aaction%3Dlightbox%26settings%3DeyJpZCI6MTg2MywidXJsIjoiaHR0cHM6XC9cL3d3dy5lZGlmaWMuaXRcL3dwLWNvbnRlbnRcL3VwbG9hZHNcLzIwMjFcLzA0XC9CcmFjaHl0aGVyYXB5X2dhbGxlcnktMS5qcGciLCJzbGlkZXNob3ciOiJhYjk0YzIzIn0%3D\">\n\t\t\t\t\t<div class=\"e-gallery-image elementor-gallery-item__image\" data-thumbnail=\"https:\/\/www.edific.it\/wp-content\/uploads\/2021\/04\/Brachytherapy_gallery-1.jpg\" data-width=\"922\" data-height=\"1229\" aria-label=\"\" role=\"img\" ><\/div>\n\t\t\t\t\t\t\t\t\t\t\t<div class=\"elementor-gallery-item__overlay\"><\/div>\n\t\t\t\t\t\t\t\t\t\t\t\t\t\t<\/a>\n\t\t\t\t\t<\/div>\n\t\t\t\t\t<\/div>\n\t\t\t\t<\/div>\n\t\t\t\t\t<\/div>\n\t\t<\/div>\n\t\t\t\t\t<\/div>\n\t\t<\/section>\n\t\t\t\t\t<\/div>\n\t\t<\/div>\n\t\t\t\t\t<\/div>\n\t\t<\/section>\n\t\t\t\t<section class=\"elementor-section elementor-top-section elementor-element elementor-element-6973452 elementor-section-full_width HiddenOverflow elementor-section-height-default elementor-section-height-default\" data-id=\"6973452\" data-element_type=\"section\" data-e-type=\"section\" data-settings=\"{&quot;background_background&quot;:&quot;classic&quot;}\">\n\t\t\t\t\t\t<div class=\"elementor-container elementor-column-gap-default\">\n\t\t\t\t\t<div class=\"elementor-column elementor-col-100 elementor-top-column elementor-element elementor-element-bbb8f2f\" data-id=\"bbb8f2f\" data-element_type=\"column\" data-e-type=\"column\">\n\t\t\t<div class=\"elementor-widget-wrap elementor-element-populated\">\n\t\t\t\t\t\t<section class=\"elementor-section elementor-inner-section elementor-element elementor-element-37269f1 elementor-reverse-mobile elementor-section-boxed elementor-section-height-default elementor-section-height-default\" data-id=\"37269f1\" data-element_type=\"section\" data-e-type=\"section\">\n\t\t\t\t\t\t<div class=\"elementor-container elementor-column-gap-default\">\n\t\t\t\t\t<div class=\"elementor-column elementor-col-50 elementor-inner-column elementor-element elementor-element-ea9a6bc\" data-id=\"ea9a6bc\" data-element_type=\"column\" data-e-type=\"column\" data-settings=\"{&quot;background_background&quot;:&quot;gradient&quot;}\">\n\t\t\t<div class=\"elementor-widget-wrap elementor-element-populated\">\n\t\t\t\t\t\t<div class=\"elementor-element elementor-element-eacaeb5 elementor-widget elementor-widget-text-editor\" data-id=\"eacaeb5\" data-element_type=\"widget\" data-e-type=\"widget\" data-widget_type=\"text-editor.default\">\n\t\t\t\t<div class=\"elementor-widget-container\">\n\t\t\t\t\t\t\t\t\t<p>Rapport de cas sur l&rsquo;utilisation d&rsquo;applicateurs personnalis\u00e9s pour la curieth\u00e9rapie de la cavit\u00e9 buccale.<\/p>\n\t\t\t\t\t\t\t\t<\/div>\n\t\t\t\t<\/div>\n\t\t\t\t<div class=\"elementor-element elementor-element-22ce336 elementor-widget elementor-widget-heading\" data-id=\"22ce336\" data-element_type=\"widget\" data-e-type=\"widget\" data-widget_type=\"heading.default\">\n\t\t\t\t<div class=\"elementor-widget-container\">\n\t\t\t\t\t<h2 class=\"elementor-heading-title elementor-size-default\">Quelques images<\/h2>\t\t\t\t<\/div>\n\t\t\t\t<\/div>\n\t\t\t\t<div class=\"elementor-element elementor-element-49919bf elementor-widget elementor-widget-gallery\" data-id=\"49919bf\" data-element_type=\"widget\" data-e-type=\"widget\" data-settings=\"{&quot;gallery_layout&quot;:&quot;masonry&quot;,&quot;columns&quot;:2,&quot;gap&quot;:{&quot;unit&quot;:&quot;px&quot;,&quot;size&quot;:57,&quot;sizes&quot;:[]},&quot;columns_mobile&quot;:2,&quot;gap_mobile&quot;:{&quot;unit&quot;:&quot;px&quot;,&quot;size&quot;:20,&quot;sizes&quot;:[]},&quot;lazyload&quot;:&quot;yes&quot;,&quot;columns_tablet&quot;:2,&quot;gap_tablet&quot;:{&quot;unit&quot;:&quot;px&quot;,&quot;size&quot;:10,&quot;sizes&quot;:[]},&quot;link_to&quot;:&quot;file&quot;,&quot;overlay_background&quot;:&quot;yes&quot;,&quot;content_hover_animation&quot;:&quot;fade-in&quot;}\" data-widget_type=\"gallery.default\">\n\t\t\t\t<div class=\"elementor-widget-container\">\n\t\t\t\t\t\t\t<div class=\"elementor-gallery__container\">\n\t\t\t\t\t\t\t<a class=\"e-gallery-item elementor-gallery-item elementor-animated-content\" href=\"https:\/\/www.edific.it\/wp-content\/uploads\/2021\/04\/Journal-Prostetic-Dentistry_gallery-2.jpg\" data-elementor-open-lightbox=\"yes\" data-elementor-lightbox-slideshow=\"49919bf\" data-elementor-lightbox-title=\"Applicatore custom made\" data-e-action-hash=\"#elementor-action%3Aaction%3Dlightbox%26settings%3DeyJpZCI6MTg2NSwidXJsIjoiaHR0cHM6XC9cL3d3dy5lZGlmaWMuaXRcL3dwLWNvbnRlbnRcL3VwbG9hZHNcLzIwMjFcLzA0XC9Kb3VybmFsLVByb3N0ZXRpYy1EZW50aXN0cnlfZ2FsbGVyeS0yLmpwZyIsInNsaWRlc2hvdyI6IjQ5OTE5YmYifQ%3D%3D\">\n\t\t\t\t\t<div class=\"e-gallery-image elementor-gallery-item__image\" data-thumbnail=\"https:\/\/www.edific.it\/wp-content\/uploads\/2021\/04\/Journal-Prostetic-Dentistry_gallery-2.jpg\" data-width=\"443\" data-height=\"396\" aria-label=\"\" role=\"img\" ><\/div>\n\t\t\t\t\t\t\t\t\t\t\t<div class=\"elementor-gallery-item__overlay\"><\/div>\n\t\t\t\t\t\t\t\t\t\t\t\t\t\t<\/a>\n\t\t\t\t\t\t\t<a class=\"e-gallery-item elementor-gallery-item elementor-animated-content\" href=\"https:\/\/www.edific.it\/wp-content\/uploads\/2021\/04\/Journal-Prostetic-Dentistry_gallery-1.jpg\" data-elementor-open-lightbox=\"yes\" data-elementor-lightbox-slideshow=\"49919bf\" data-elementor-lightbox-title=\"Dispositivo di radioprotezione\" data-e-action-hash=\"#elementor-action%3Aaction%3Dlightbox%26settings%3DeyJpZCI6MTg2NiwidXJsIjoiaHR0cHM6XC9cL3d3dy5lZGlmaWMuaXRcL3dwLWNvbnRlbnRcL3VwbG9hZHNcLzIwMjFcLzA0XC9Kb3VybmFsLVByb3N0ZXRpYy1EZW50aXN0cnlfZ2FsbGVyeS0xLmpwZyIsInNsaWRlc2hvdyI6IjQ5OTE5YmYifQ%3D%3D\">\n\t\t\t\t\t<div class=\"e-gallery-image elementor-gallery-item__image\" data-thumbnail=\"https:\/\/www.edific.it\/wp-content\/uploads\/2021\/04\/Journal-Prostetic-Dentistry_gallery-1.jpg\" data-width=\"622\" data-height=\"587\" aria-label=\"\" role=\"img\" ><\/div>\n\t\t\t\t\t\t\t\t\t\t\t<div class=\"elementor-gallery-item__overlay\"><\/div>\n\t\t\t\t\t\t\t\t\t\t\t\t\t\t<\/a>\n\t\t\t\t\t<\/div>\n\t\t\t\t\t<\/div>\n\t\t\t\t<\/div>\n\t\t\t\t\t<\/div>\n\t\t<\/div>\n\t\t\t\t<div class=\"elementor-column elementor-col-50 elementor-inner-column elementor-element elementor-element-0c59a41\" data-id=\"0c59a41\" data-element_type=\"column\" data-e-type=\"column\">\n\t\t\t<div class=\"elementor-widget-wrap elementor-element-populated\">\n\t\t\t\t\t\t<div class=\"elementor-element elementor-element-27286ff elementor-widget elementor-widget-image\" data-id=\"27286ff\" data-element_type=\"widget\" data-e-type=\"widget\" data-widget_type=\"image.default\">\n\t\t\t\t<div class=\"elementor-widget-container\">\n\t\t\t\t\t\t\t\t\t\t\t\t\t\t\t<img decoding=\"async\" width=\"800\" height=\"265\" src=\"https:\/\/www.edific.it\/wp-content\/uploads\/2021\/05\/JPD-logo-1200x398.jpeg\" class=\"attachment-large size-large wp-image-1906\" alt=\"\" srcset=\"https:\/\/www.edific.it\/wp-content\/uploads\/2021\/05\/JPD-logo-1200x398.jpeg 1200w, https:\/\/www.edific.it\/wp-content\/uploads\/2021\/05\/JPD-logo-800x265.jpeg 800w, https:\/\/www.edific.it\/wp-content\/uploads\/2021\/05\/JPD-logo-768x254.jpeg 768w, https:\/\/www.edific.it\/wp-content\/uploads\/2021\/05\/JPD-logo-1536x509.jpeg 1536w, https:\/\/www.edific.it\/wp-content\/uploads\/2021\/05\/JPD-logo.jpeg 1600w\" sizes=\"(max-width: 800px) 100vw, 800px\" \/>\t\t\t\t\t\t\t\t\t\t\t\t\t\t\t<\/div>\n\t\t\t\t<\/div>\n\t\t\t\t<div class=\"elementor-element elementor-element-497d6c1 elementor-widget elementor-widget-heading\" data-id=\"497d6c1\" data-element_type=\"widget\" data-e-type=\"widget\" data-widget_type=\"heading.default\">\n\t\t\t\t<div class=\"elementor-widget-container\">\n\t\t\t\t\t<h2 class=\"elementor-heading-title elementor-size-default\">The Journal of Prosthetic Dentistry<\/br>Volume 121, 2019<\/h2>\t\t\t\t<\/div>\n\t\t\t\t<\/div>\n\t\t\t\t<div class=\"elementor-element elementor-element-1edf3c8 elementor-widget elementor-widget-text-editor\" data-id=\"1edf3c8\" data-element_type=\"widget\" data-e-type=\"widget\" data-widget_type=\"text-editor.default\">\n\t\t\t\t<div class=\"elementor-widget-container\">\n\t\t\t\t\t\t\t\t\t<p>Num\u00e9ro 4, p. 690-693, 1er avril 2019<\/p>\n\t\t\t\t\t\t\t\t<\/div>\n\t\t\t\t<\/div>\n\t\t\t\t<div class=\"elementor-element elementor-element-c945861 elementor-absolute elementor-widget-divider--view-line elementor-widget elementor-widget-divider\" data-id=\"c945861\" data-element_type=\"widget\" data-e-type=\"widget\" data-settings=\"{&quot;_position&quot;:&quot;absolute&quot;}\" data-widget_type=\"divider.default\">\n\t\t\t\t<div class=\"elementor-widget-container\">\n\t\t\t\t\t\t\t<div class=\"elementor-divider\">\n\t\t\t<span class=\"elementor-divider-separator\">\n\t\t\t\t\t\t<\/span>\n\t\t<\/div>\n\t\t\t\t\t\t<\/div>\n\t\t\t\t<\/div>\n\t\t\t\t\t<\/div>\n\t\t<\/div>\n\t\t\t\t\t<\/div>\n\t\t<\/section>\n\t\t\t\t\t<\/div>\n\t\t<\/div>\n\t\t\t\t\t<\/div>\n\t\t<\/section>\n\t\t\t\t<\/div>\n\t\t","protected":false},"excerpt":{"rendered":"<p>BrachytherapyVolume 18, 2019 Num\u00e9ro 1, p. 57-62, 1er janvier 2019 R\u00e9alisation d&rsquo;une \u00e9tude clinique sur l&rsquo;utilisation de solutions sur mesure pour la fabrication de dispositifs destin\u00e9s \u00e0 la mise en place de cath\u00e9ters de curieth\u00e9rapie interstitielle du sein. Quelques images Rapport de cas sur l&rsquo;utilisation d&rsquo;applicateurs personnalis\u00e9s pour la curieth\u00e9rapie de la cavit\u00e9 buccale. Quelques [&hellip;]<\/p>\n","protected":false},"author":1,"featured_media":0,"parent":1951,"menu_order":0,"comment_status":"closed","ping_status":"closed","template":"","meta":{"footnotes":""},"class_list":["post-1938","page","type-page","status-publish","hentry"],"yoast_head":"<!-- This site is optimized with the Yoast SEO plugin v27.5 - https:\/\/yoast.com\/product\/yoast-seo-wordpress\/ -->\n<title>Curieth\u00e9rapie - 3dific<\/title>\n<meta name=\"robots\" content=\"index, follow, max-snippet:-1, max-image-preview:large, max-video-preview:-1\" \/>\n<link rel=\"canonical\" href=\"https:\/\/www.edific.it\/fr\/recherche\/curietherapie\/\" \/>\n<meta property=\"og:locale\" content=\"fr_FR\" \/>\n<meta property=\"og:type\" content=\"article\" \/>\n<meta property=\"og:title\" content=\"Curieth\u00e9rapie - 3dific\" \/>\n<meta property=\"og:description\" content=\"BrachytherapyVolume 18, 2019 Num\u00e9ro 1, p. 57-62, 1er janvier 2019 R\u00e9alisation d&rsquo;une \u00e9tude clinique sur l&rsquo;utilisation de solutions sur mesure pour la fabrication de dispositifs destin\u00e9s \u00e0 la mise en place de cath\u00e9ters de curieth\u00e9rapie interstitielle du sein. Quelques images Rapport de cas sur l&rsquo;utilisation d&rsquo;applicateurs personnalis\u00e9s pour la curieth\u00e9rapie de la cavit\u00e9 buccale. Quelques [&hellip;]\" \/>\n<meta property=\"og:url\" content=\"https:\/\/www.edific.it\/fr\/recherche\/curietherapie\/\" \/>\n<meta property=\"og:site_name\" content=\"3dific\" \/>\n<meta property=\"article:publisher\" content=\"https:\/\/www.facebook.com\/3DIFIC\/\" \/>\n<meta property=\"article:modified_time\" content=\"2023-10-30T11:56:55+00:00\" \/>\n<meta property=\"og:image\" content=\"https:\/\/edific.it\/wp-content\/uploads\/2021\/04\/BRACHYTERAPY.jpg\" \/>\n<meta name=\"twitter:card\" content=\"summary_large_image\" \/>\n<meta name=\"twitter:site\" content=\"@3dific\" \/>\n<script type=\"application\/ld+json\" class=\"yoast-schema-graph\">{\"@context\":\"https:\\\/\\\/schema.org\",\"@graph\":[{\"@type\":\"WebPage\",\"@id\":\"https:\\\/\\\/www.edific.it\\\/fr\\\/recherche\\\/curietherapie\\\/\",\"url\":\"https:\\\/\\\/www.edific.it\\\/fr\\\/recherche\\\/curietherapie\\\/\",\"name\":\"Curieth\u00e9rapie - 3dific\",\"isPartOf\":{\"@id\":\"https:\\\/\\\/www.edific.it\\\/fr\\\/#website\"},\"primaryImageOfPage\":{\"@id\":\"https:\\\/\\\/www.edific.it\\\/fr\\\/recherche\\\/curietherapie\\\/#primaryimage\"},\"image\":{\"@id\":\"https:\\\/\\\/www.edific.it\\\/fr\\\/recherche\\\/curietherapie\\\/#primaryimage\"},\"thumbnailUrl\":\"https:\\\/\\\/edific.it\\\/wp-content\\\/uploads\\\/2021\\\/04\\\/BRACHYTERAPY.jpg\",\"datePublished\":\"2021-04-14T22:20:54+00:00\",\"dateModified\":\"2023-10-30T11:56:55+00:00\",\"breadcrumb\":{\"@id\":\"https:\\\/\\\/www.edific.it\\\/fr\\\/recherche\\\/curietherapie\\\/#breadcrumb\"},\"inLanguage\":\"fr-FR\",\"potentialAction\":[{\"@type\":\"ReadAction\",\"target\":[\"https:\\\/\\\/www.edific.it\\\/fr\\\/recherche\\\/curietherapie\\\/\"]}]},{\"@type\":\"ImageObject\",\"inLanguage\":\"fr-FR\",\"@id\":\"https:\\\/\\\/www.edific.it\\\/fr\\\/recherche\\\/curietherapie\\\/#primaryimage\",\"url\":\"https:\\\/\\\/edific.it\\\/wp-content\\\/uploads\\\/2021\\\/04\\\/BRACHYTERAPY.jpg\",\"contentUrl\":\"https:\\\/\\\/edific.it\\\/wp-content\\\/uploads\\\/2021\\\/04\\\/BRACHYTERAPY.jpg\"},{\"@type\":\"BreadcrumbList\",\"@id\":\"https:\\\/\\\/www.edific.it\\\/fr\\\/recherche\\\/curietherapie\\\/#breadcrumb\",\"itemListElement\":[{\"@type\":\"ListItem\",\"position\":1,\"name\":\"Home\",\"item\":\"https:\\\/\\\/www.edific.it\\\/fr\\\/\"},{\"@type\":\"ListItem\",\"position\":2,\"name\":\"Recherche\",\"item\":\"https:\\\/\\\/www.edific.it\\\/fr\\\/recherche\\\/\"},{\"@type\":\"ListItem\",\"position\":3,\"name\":\"Curieth\u00e9rapie\"}]},{\"@type\":\"WebSite\",\"@id\":\"https:\\\/\\\/www.edific.it\\\/fr\\\/#website\",\"url\":\"https:\\\/\\\/www.edific.it\\\/fr\\\/\",\"name\":\"3dific\",\"description\":\"The missing thing\",\"publisher\":{\"@id\":\"https:\\\/\\\/www.edific.it\\\/fr\\\/#organization\"},\"potentialAction\":[{\"@type\":\"SearchAction\",\"target\":{\"@type\":\"EntryPoint\",\"urlTemplate\":\"https:\\\/\\\/www.edific.it\\\/fr\\\/?s={search_term_string}\"},\"query-input\":{\"@type\":\"PropertyValueSpecification\",\"valueRequired\":true,\"valueName\":\"search_term_string\"}}],\"inLanguage\":\"fr-FR\"},{\"@type\":\"Organization\",\"@id\":\"https:\\\/\\\/www.edific.it\\\/fr\\\/#organization\",\"name\":\"3dific srl\",\"url\":\"https:\\\/\\\/www.edific.it\\\/fr\\\/\",\"logo\":{\"@type\":\"ImageObject\",\"inLanguage\":\"fr-FR\",\"@id\":\"https:\\\/\\\/www.edific.it\\\/fr\\\/#\\\/schema\\\/logo\\\/image\\\/\",\"url\":\"https:\\\/\\\/www.edific.it\\\/wp-content\\\/uploads\\\/2021\\\/01\\\/logo_3dific-light_bkg.png\",\"contentUrl\":\"https:\\\/\\\/www.edific.it\\\/wp-content\\\/uploads\\\/2021\\\/01\\\/logo_3dific-light_bkg.png\",\"width\":180,\"height\":64,\"caption\":\"3dific srl\"},\"image\":{\"@id\":\"https:\\\/\\\/www.edific.it\\\/fr\\\/#\\\/schema\\\/logo\\\/image\\\/\"},\"sameAs\":[\"https:\\\/\\\/www.facebook.com\\\/3DIFIC\\\/\",\"https:\\\/\\\/x.com\\\/3dific\",\"https:\\\/\\\/www.linkedin.com\\\/company\\\/3dific\\\/\"]}]}<\/script>\n<!-- \/ Yoast SEO plugin. -->","yoast_head_json":{"title":"Curieth\u00e9rapie - 3dific","robots":{"index":"index","follow":"follow","max-snippet":"max-snippet:-1","max-image-preview":"max-image-preview:large","max-video-preview":"max-video-preview:-1"},"canonical":"https:\/\/www.edific.it\/fr\/recherche\/curietherapie\/","og_locale":"fr_FR","og_type":"article","og_title":"Curieth\u00e9rapie - 3dific","og_description":"BrachytherapyVolume 18, 2019 Num\u00e9ro 1, p. 57-62, 1er janvier 2019 R\u00e9alisation d&rsquo;une \u00e9tude clinique sur l&rsquo;utilisation de solutions sur mesure pour la fabrication de dispositifs destin\u00e9s \u00e0 la mise en place de cath\u00e9ters de curieth\u00e9rapie interstitielle du sein. Quelques images Rapport de cas sur l&rsquo;utilisation d&rsquo;applicateurs personnalis\u00e9s pour la curieth\u00e9rapie de la cavit\u00e9 buccale. Quelques [&hellip;]","og_url":"https:\/\/www.edific.it\/fr\/recherche\/curietherapie\/","og_site_name":"3dific","article_publisher":"https:\/\/www.facebook.com\/3DIFIC\/","article_modified_time":"2023-10-30T11:56:55+00:00","og_image":[{"url":"https:\/\/edific.it\/wp-content\/uploads\/2021\/04\/BRACHYTERAPY.jpg","type":"","width":"","height":""}],"twitter_card":"summary_large_image","twitter_site":"@3dific","schema":{"@context":"https:\/\/schema.org","@graph":[{"@type":"WebPage","@id":"https:\/\/www.edific.it\/fr\/recherche\/curietherapie\/","url":"https:\/\/www.edific.it\/fr\/recherche\/curietherapie\/","name":"Curieth\u00e9rapie - 3dific","isPartOf":{"@id":"https:\/\/www.edific.it\/fr\/#website"},"primaryImageOfPage":{"@id":"https:\/\/www.edific.it\/fr\/recherche\/curietherapie\/#primaryimage"},"image":{"@id":"https:\/\/www.edific.it\/fr\/recherche\/curietherapie\/#primaryimage"},"thumbnailUrl":"https:\/\/edific.it\/wp-content\/uploads\/2021\/04\/BRACHYTERAPY.jpg","datePublished":"2021-04-14T22:20:54+00:00","dateModified":"2023-10-30T11:56:55+00:00","breadcrumb":{"@id":"https:\/\/www.edific.it\/fr\/recherche\/curietherapie\/#breadcrumb"},"inLanguage":"fr-FR","potentialAction":[{"@type":"ReadAction","target":["https:\/\/www.edific.it\/fr\/recherche\/curietherapie\/"]}]},{"@type":"ImageObject","inLanguage":"fr-FR","@id":"https:\/\/www.edific.it\/fr\/recherche\/curietherapie\/#primaryimage","url":"https:\/\/edific.it\/wp-content\/uploads\/2021\/04\/BRACHYTERAPY.jpg","contentUrl":"https:\/\/edific.it\/wp-content\/uploads\/2021\/04\/BRACHYTERAPY.jpg"},{"@type":"BreadcrumbList","@id":"https:\/\/www.edific.it\/fr\/recherche\/curietherapie\/#breadcrumb","itemListElement":[{"@type":"ListItem","position":1,"name":"Home","item":"https:\/\/www.edific.it\/fr\/"},{"@type":"ListItem","position":2,"name":"Recherche","item":"https:\/\/www.edific.it\/fr\/recherche\/"},{"@type":"ListItem","position":3,"name":"Curieth\u00e9rapie"}]},{"@type":"WebSite","@id":"https:\/\/www.edific.it\/fr\/#website","url":"https:\/\/www.edific.it\/fr\/","name":"3dific","description":"The missing thing","publisher":{"@id":"https:\/\/www.edific.it\/fr\/#organization"},"potentialAction":[{"@type":"SearchAction","target":{"@type":"EntryPoint","urlTemplate":"https:\/\/www.edific.it\/fr\/?s={search_term_string}"},"query-input":{"@type":"PropertyValueSpecification","valueRequired":true,"valueName":"search_term_string"}}],"inLanguage":"fr-FR"},{"@type":"Organization","@id":"https:\/\/www.edific.it\/fr\/#organization","name":"3dific srl","url":"https:\/\/www.edific.it\/fr\/","logo":{"@type":"ImageObject","inLanguage":"fr-FR","@id":"https:\/\/www.edific.it\/fr\/#\/schema\/logo\/image\/","url":"https:\/\/www.edific.it\/wp-content\/uploads\/2021\/01\/logo_3dific-light_bkg.png","contentUrl":"https:\/\/www.edific.it\/wp-content\/uploads\/2021\/01\/logo_3dific-light_bkg.png","width":180,"height":64,"caption":"3dific srl"},"image":{"@id":"https:\/\/www.edific.it\/fr\/#\/schema\/logo\/image\/"},"sameAs":["https:\/\/www.facebook.com\/3DIFIC\/","https:\/\/x.com\/3dific","https:\/\/www.linkedin.com\/company\/3dific\/"]}]}},"_links":{"self":[{"href":"https:\/\/www.edific.it\/fr\/wp-json\/wp\/v2\/pages\/1938","targetHints":{"allow":["GET"]}}],"collection":[{"href":"https:\/\/www.edific.it\/fr\/wp-json\/wp\/v2\/pages"}],"about":[{"href":"https:\/\/www.edific.it\/fr\/wp-json\/wp\/v2\/types\/page"}],"author":[{"embeddable":true,"href":"https:\/\/www.edific.it\/fr\/wp-json\/wp\/v2\/users\/1"}],"replies":[{"embeddable":true,"href":"https:\/\/www.edific.it\/fr\/wp-json\/wp\/v2\/comments?post=1938"}],"version-history":[{"count":5,"href":"https:\/\/www.edific.it\/fr\/wp-json\/wp\/v2\/pages\/1938\/revisions"}],"predecessor-version":[{"id":2095,"href":"https:\/\/www.edific.it\/fr\/wp-json\/wp\/v2\/pages\/1938\/revisions\/2095"}],"up":[{"embeddable":true,"href":"https:\/\/www.edific.it\/fr\/wp-json\/wp\/v2\/pages\/1951"}],"wp:attachment":[{"href":"https:\/\/www.edific.it\/fr\/wp-json\/wp\/v2\/media?parent=1938"}],"curies":[{"name":"wp","href":"https:\/\/api.w.org\/{rel}","templated":true}]}}