{"id":1968,"date":"2021-04-15T08:10:51","date_gmt":"2021-04-15T07:10:51","guid":{"rendered":"https:\/\/edific.simmatonline.com\/domaines-cliniques\/neurochirurgie\/"},"modified":"2023-09-01T19:09:13","modified_gmt":"2023-09-01T18:09:13","slug":"neurochirurgie","status":"publish","type":"page","link":"https:\/\/www.edific.it\/fr\/domaines-cliniques\/neurochirurgie\/","title":{"rendered":"Neurochirurgie"},"content":{"rendered":"\t\t<div data-elementor-type=\"wp-page\" data-elementor-id=\"1968\" class=\"elementor elementor-1968 elementor-836\" data-elementor-post-type=\"page\">\n\t\t\t\t\t\t<section class=\"elementor-section elementor-top-section elementor-element elementor-element-223647b4 elementor-section-boxed elementor-section-height-default elementor-section-height-default\" data-id=\"223647b4\" data-element_type=\"section\" data-e-type=\"section\">\n\t\t\t\t\t\t<div class=\"elementor-container elementor-column-gap-default\">\n\t\t\t\t\t<div class=\"elementor-column elementor-col-100 elementor-top-column elementor-element elementor-element-5205c25\" data-id=\"5205c25\" data-element_type=\"column\" data-e-type=\"column\">\n\t\t\t<div class=\"elementor-widget-wrap elementor-element-populated\">\n\t\t\t\t\t\t<div class=\"elementor-element elementor-element-79aeece6 elementor-widget elementor-widget-text-editor\" data-id=\"79aeece6\" data-element_type=\"widget\" data-e-type=\"widget\" data-widget_type=\"text-editor.default\">\n\t\t\t\t<div class=\"elementor-widget-container\">\n\t\t\t\t\t\t\t\t\t<p><span data-ccp-props=\"{\">Soutien aux <strong>proc\u00e9dures sur mesure<\/strong> pour les traitements neurochirurgicaux : <strong>th\u00e8ques cr\u00e2niennes<\/strong> sur mesure en <strong>PEEK<\/strong> ou en <strong>titane<\/strong>, <strong>guides chirurgicaux pour la mise en place de vis<\/strong> rachidiennes.<\/span><\/p>\n\t\t\t\t\t\t\t\t<\/div>\n\t\t\t\t<\/div>\n\t\t\t\t\t<\/div>\n\t\t<\/div>\n\t\t\t\t\t<\/div>\n\t\t<\/section>\n\t\t\t\t<section class=\"elementor-section elementor-top-section elementor-element elementor-element-6460b7df elementor-section-boxed elementor-section-height-default elementor-section-height-default\" data-id=\"6460b7df\" data-element_type=\"section\" data-e-type=\"section\">\n\t\t\t\t\t\t<div class=\"elementor-container elementor-column-gap-default\">\n\t\t\t\t\t<div class=\"elementor-column elementor-col-100 elementor-top-column elementor-element elementor-element-55ca1c3b\" data-id=\"55ca1c3b\" data-element_type=\"column\" data-e-type=\"column\">\n\t\t\t<div class=\"elementor-widget-wrap elementor-element-populated\">\n\t\t\t\t\t\t<div class=\"elementor-element elementor-element-483e9f3d elementor-widget elementor-widget-video\" data-id=\"483e9f3d\" data-element_type=\"widget\" data-e-type=\"widget\" data-settings=\"{&quot;video_type&quot;:&quot;hosted&quot;,&quot;controls&quot;:&quot;yes&quot;}\" data-widget_type=\"video.default\">\n\t\t\t\t<div class=\"elementor-widget-container\">\n\t\t\t\t\t\t\t<div class=\"e-hosted-video elementor-wrapper elementor-open-inline\">\n\t\t\t\t\t<video class=\"elementor-video\" src=\"https:\/\/edific.it\/wp-content\/uploads\/2021\/05\/cranio-3dfic.mp4\" controls=\"\" preload=\"metadata\" controlsList=\"nodownload\"><\/video>\n\t\t\t\t<\/div>\n\t\t\t\t\t\t<\/div>\n\t\t\t\t<\/div>\n\t\t\t\t<section class=\"elementor-section elementor-inner-section elementor-element elementor-element-55823927 elementor-section-boxed elementor-section-height-default elementor-section-height-default\" data-id=\"55823927\" data-element_type=\"section\" data-e-type=\"section\" data-settings=\"{&quot;background_background&quot;:&quot;gradient&quot;}\">\n\t\t\t\t\t\t<div class=\"elementor-container elementor-column-gap-default\">\n\t\t\t\t\t<div class=\"elementor-column elementor-col-100 elementor-inner-column elementor-element elementor-element-60bef8eb\" data-id=\"60bef8eb\" data-element_type=\"column\" data-e-type=\"column\">\n\t\t\t<div class=\"elementor-widget-wrap elementor-element-populated\">\n\t\t\t\t\t\t<div class=\"elementor-element elementor-element-43df6d44 elementor-widget elementor-widget-heading\" data-id=\"43df6d44\" data-element_type=\"widget\" data-e-type=\"widget\" data-widget_type=\"heading.default\">\n\t\t\t\t<div class=\"elementor-widget-container\">\n\t\t\t\t\t<h2 class=\"elementor-heading-title elementor-size-default\">Cranioplastie<\/h2>\t\t\t\t<\/div>\n\t\t\t\t<\/div>\n\t\t\t\t<div class=\"elementor-element elementor-element-4fabb37b elementor-widget elementor-widget-text-editor\" data-id=\"4fabb37b\" data-element_type=\"widget\" data-e-type=\"widget\" data-widget_type=\"text-editor.default\">\n\t\t\t\t<div class=\"elementor-widget-container\">\n\t\t\t\t\t\t\t\t\t<p>20s<\/p>\n\t\t\t\t\t\t\t\t<\/div>\n\t\t\t\t<\/div>\n\t\t\t\t\t<\/div>\n\t\t<\/div>\n\t\t\t\t\t<\/div>\n\t\t<\/section>\n\t\t\t\t\t<\/div>\n\t\t<\/div>\n\t\t\t\t\t<\/div>\n\t\t<\/section>\n\t\t\t\t<section class=\"elementor-section elementor-top-section elementor-element elementor-element-45e4820d elementor-section-boxed elementor-section-height-default elementor-section-height-default\" data-id=\"45e4820d\" data-element_type=\"section\" data-e-type=\"section\" id=\"PhotoGallery\">\n\t\t\t\t\t\t<div class=\"elementor-container elementor-column-gap-default\">\n\t\t\t\t\t<div class=\"elementor-column elementor-col-100 elementor-top-column elementor-element elementor-element-14b4ae72\" data-id=\"14b4ae72\" data-element_type=\"column\" data-e-type=\"column\">\n\t\t\t<div class=\"elementor-widget-wrap elementor-element-populated\">\n\t\t\t\t\t\t<div class=\"elementor-element elementor-element-5cac47dc elementor-absolute elementor-widget elementor-widget-heading\" data-id=\"5cac47dc\" data-element_type=\"widget\" data-e-type=\"widget\" data-settings=\"{&quot;_position&quot;:&quot;absolute&quot;}\" data-widget_type=\"heading.default\">\n\t\t\t\t<div class=\"elementor-widget-container\">\n\t\t\t\t\t<h2 class=\"elementor-heading-title elementor-size-default\">Galerie<\/h2>\t\t\t\t<\/div>\n\t\t\t\t<\/div>\n\t\t\t\t<div class=\"elementor-element elementor-element-4366a384 elementor-widget elementor-widget-gallery\" data-id=\"4366a384\" data-element_type=\"widget\" data-e-type=\"widget\" data-settings=\"{&quot;gallery_layout&quot;:&quot;masonry&quot;,&quot;columns&quot;:3,&quot;gap&quot;:{&quot;unit&quot;:&quot;px&quot;,&quot;size&quot;:24,&quot;sizes&quot;:[]},&quot;image_hover_animation&quot;:&quot;grow&quot;,&quot;lazyload&quot;:&quot;yes&quot;,&quot;columns_tablet&quot;:2,&quot;columns_mobile&quot;:1,&quot;gap_tablet&quot;:{&quot;unit&quot;:&quot;px&quot;,&quot;size&quot;:10,&quot;sizes&quot;:[]},&quot;gap_mobile&quot;:{&quot;unit&quot;:&quot;px&quot;,&quot;size&quot;:10,&quot;sizes&quot;:[]},&quot;link_to&quot;:&quot;file&quot;,&quot;overlay_background&quot;:&quot;yes&quot;,&quot;content_hover_animation&quot;:&quot;fade-in&quot;}\" data-widget_type=\"gallery.default\">\n\t\t\t\t<div class=\"elementor-widget-container\">\n\t\t\t\t\t\t\t<div class=\"elementor-gallery__container\">\n\t\t\t\t\t\t\t<a class=\"e-gallery-item elementor-gallery-item elementor-animated-content\" href=\"https:\/\/www.edific.it\/wp-content\/uploads\/2021\/04\/Neurochirurgia-Gallery_1-Guida_colonna.jpg\" data-elementor-open-lightbox=\"yes\" data-elementor-lightbox-slideshow=\"4366a384\" data-elementor-lightbox-title=\"Guida per il posizionamento di viti\" data-e-action-hash=\"#elementor-action%3Aaction%3Dlightbox%26settings%3DeyJpZCI6MTg2OCwidXJsIjoiaHR0cHM6XC9cL3d3dy5lZGlmaWMuaXRcL3dwLWNvbnRlbnRcL3VwbG9hZHNcLzIwMjFcLzA0XC9OZXVyb2NoaXJ1cmdpYS1HYWxsZXJ5XzEtR3VpZGFfY29sb25uYS5qcGciLCJzbGlkZXNob3ciOiI0MzY2YTM4NCJ9\">\n\t\t\t\t\t<div class=\"e-gallery-image elementor-gallery-item__image\" data-thumbnail=\"https:\/\/www.edific.it\/wp-content\/uploads\/2021\/04\/Neurochirurgia-Gallery_1-Guida_colonna.jpg\" data-width=\"896\" data-height=\"744\" aria-label=\"\" role=\"img\" ><\/div>\n\t\t\t\t\t\t\t\t\t\t\t<div class=\"elementor-gallery-item__overlay\"><\/div>\n\t\t\t\t\t\t\t\t\t\t\t\t\t\t<\/a>\n\t\t\t\t\t\t\t<a class=\"e-gallery-item elementor-gallery-item elementor-animated-content\" href=\"https:\/\/www.edific.it\/wp-content\/uploads\/2021\/05\/Neurochirurgia-Gallery_3-Teca_cranica.jpg\" data-elementor-open-lightbox=\"yes\" data-elementor-lightbox-slideshow=\"4366a384\" data-elementor-lightbox-title=\"Teca cranica custom made\" data-e-action-hash=\"#elementor-action%3Aaction%3Dlightbox%26settings%3DeyJpZCI6MTg4MiwidXJsIjoiaHR0cHM6XC9cL3d3dy5lZGlmaWMuaXRcL3dwLWNvbnRlbnRcL3VwbG9hZHNcLzIwMjFcLzA1XC9OZXVyb2NoaXJ1cmdpYS1HYWxsZXJ5XzMtVGVjYV9jcmFuaWNhLmpwZyIsInNsaWRlc2hvdyI6IjQzNjZhMzg0In0%3D\">\n\t\t\t\t\t<div class=\"e-gallery-image elementor-gallery-item__image\" data-thumbnail=\"https:\/\/www.edific.it\/wp-content\/uploads\/2021\/05\/Neurochirurgia-Gallery_3-Teca_cranica.jpg\" data-width=\"169\" data-height=\"178\" aria-label=\"\" role=\"img\" ><\/div>\n\t\t\t\t\t\t\t\t\t\t\t<div class=\"elementor-gallery-item__overlay\"><\/div>\n\t\t\t\t\t\t\t\t\t\t\t\t\t\t<\/a>\n\t\t\t\t\t<\/div>\n\t\t\t\t\t<\/div>\n\t\t\t\t<\/div>\n\t\t\t\t\t<\/div>\n\t\t<\/div>\n\t\t\t\t\t<\/div>\n\t\t<\/section>\n\t\t\t\t<\/div>\n\t\t","protected":false},"excerpt":{"rendered":"<p>Soutien aux proc\u00e9dures sur mesure pour les traitements neurochirurgicaux : th\u00e8ques cr\u00e2niennes sur mesure en PEEK ou en titane, guides chirurgicaux pour la mise en place de vis rachidiennes. https:\/\/edific.it\/wp-content\/uploads\/2021\/05\/cranio-3dfic.mp4 Cranioplastie 20s Galerie<\/p>\n","protected":false},"author":1,"featured_media":0,"parent":1960,"menu_order":0,"comment_status":"closed","ping_status":"closed","template":"","meta":{"footnotes":""},"class_list":["post-1968","page","type-page","status-publish","hentry"],"yoast_head":"<!-- This site is optimized with the Yoast SEO plugin v27.5 - https:\/\/yoast.com\/product\/yoast-seo-wordpress\/ -->\n<title>Neurochirurgie - 3dific<\/title>\n<meta name=\"robots\" content=\"index, follow, max-snippet:-1, max-image-preview:large, max-video-preview:-1\" \/>\n<link rel=\"canonical\" href=\"https:\/\/www.edific.it\/fr\/domaines-cliniques\/neurochirurgie\/\" \/>\n<meta property=\"og:locale\" content=\"fr_FR\" \/>\n<meta property=\"og:type\" content=\"article\" \/>\n<meta property=\"og:title\" content=\"Neurochirurgie - 3dific\" \/>\n<meta property=\"og:description\" content=\"Soutien aux proc\u00e9dures sur mesure pour les traitements neurochirurgicaux : th\u00e8ques cr\u00e2niennes sur mesure en PEEK ou en titane, guides chirurgicaux pour la mise en place de vis rachidiennes. https:\/\/edific.it\/wp-content\/uploads\/2021\/05\/cranio-3dfic.mp4 Cranioplastie 20s Galerie\" \/>\n<meta property=\"og:url\" content=\"https:\/\/www.edific.it\/fr\/domaines-cliniques\/neurochirurgie\/\" \/>\n<meta property=\"og:site_name\" content=\"3dific\" \/>\n<meta property=\"article:publisher\" content=\"https:\/\/www.facebook.com\/3DIFIC\/\" \/>\n<meta property=\"article:modified_time\" content=\"2023-09-01T18:09:13+00:00\" \/>\n<meta name=\"twitter:card\" content=\"summary_large_image\" \/>\n<meta name=\"twitter:site\" content=\"@3dific\" \/>\n<script type=\"application\/ld+json\" class=\"yoast-schema-graph\">{\"@context\":\"https:\\\/\\\/schema.org\",\"@graph\":[{\"@type\":\"WebPage\",\"@id\":\"https:\\\/\\\/www.edific.it\\\/fr\\\/domaines-cliniques\\\/neurochirurgie\\\/\",\"url\":\"https:\\\/\\\/www.edific.it\\\/fr\\\/domaines-cliniques\\\/neurochirurgie\\\/\",\"name\":\"Neurochirurgie - 3dific\",\"isPartOf\":{\"@id\":\"https:\\\/\\\/www.edific.it\\\/fr\\\/#website\"},\"datePublished\":\"2021-04-15T07:10:51+00:00\",\"dateModified\":\"2023-09-01T18:09:13+00:00\",\"breadcrumb\":{\"@id\":\"https:\\\/\\\/www.edific.it\\\/fr\\\/domaines-cliniques\\\/neurochirurgie\\\/#breadcrumb\"},\"inLanguage\":\"fr-FR\",\"potentialAction\":[{\"@type\":\"ReadAction\",\"target\":[\"https:\\\/\\\/www.edific.it\\\/fr\\\/domaines-cliniques\\\/neurochirurgie\\\/\"]}]},{\"@type\":\"BreadcrumbList\",\"@id\":\"https:\\\/\\\/www.edific.it\\\/fr\\\/domaines-cliniques\\\/neurochirurgie\\\/#breadcrumb\",\"itemListElement\":[{\"@type\":\"ListItem\",\"position\":1,\"name\":\"Home\",\"item\":\"https:\\\/\\\/www.edific.it\\\/fr\\\/\"},{\"@type\":\"ListItem\",\"position\":2,\"name\":\"Domaines cliniques\",\"item\":\"https:\\\/\\\/www.edific.it\\\/fr\\\/domaines-cliniques\\\/\"},{\"@type\":\"ListItem\",\"position\":3,\"name\":\"Neurochirurgie\"}]},{\"@type\":\"WebSite\",\"@id\":\"https:\\\/\\\/www.edific.it\\\/fr\\\/#website\",\"url\":\"https:\\\/\\\/www.edific.it\\\/fr\\\/\",\"name\":\"3dific\",\"description\":\"The missing thing\",\"publisher\":{\"@id\":\"https:\\\/\\\/www.edific.it\\\/fr\\\/#organization\"},\"potentialAction\":[{\"@type\":\"SearchAction\",\"target\":{\"@type\":\"EntryPoint\",\"urlTemplate\":\"https:\\\/\\\/www.edific.it\\\/fr\\\/?s={search_term_string}\"},\"query-input\":{\"@type\":\"PropertyValueSpecification\",\"valueRequired\":true,\"valueName\":\"search_term_string\"}}],\"inLanguage\":\"fr-FR\"},{\"@type\":\"Organization\",\"@id\":\"https:\\\/\\\/www.edific.it\\\/fr\\\/#organization\",\"name\":\"3dific srl\",\"url\":\"https:\\\/\\\/www.edific.it\\\/fr\\\/\",\"logo\":{\"@type\":\"ImageObject\",\"inLanguage\":\"fr-FR\",\"@id\":\"https:\\\/\\\/www.edific.it\\\/fr\\\/#\\\/schema\\\/logo\\\/image\\\/\",\"url\":\"https:\\\/\\\/www.edific.it\\\/wp-content\\\/uploads\\\/2021\\\/01\\\/logo_3dific-light_bkg.png\",\"contentUrl\":\"https:\\\/\\\/www.edific.it\\\/wp-content\\\/uploads\\\/2021\\\/01\\\/logo_3dific-light_bkg.png\",\"width\":180,\"height\":64,\"caption\":\"3dific srl\"},\"image\":{\"@id\":\"https:\\\/\\\/www.edific.it\\\/fr\\\/#\\\/schema\\\/logo\\\/image\\\/\"},\"sameAs\":[\"https:\\\/\\\/www.facebook.com\\\/3DIFIC\\\/\",\"https:\\\/\\\/x.com\\\/3dific\",\"https:\\\/\\\/www.linkedin.com\\\/company\\\/3dific\\\/\"]}]}<\/script>\n<!-- \/ Yoast SEO plugin. -->","yoast_head_json":{"title":"Neurochirurgie - 3dific","robots":{"index":"index","follow":"follow","max-snippet":"max-snippet:-1","max-image-preview":"max-image-preview:large","max-video-preview":"max-video-preview:-1"},"canonical":"https:\/\/www.edific.it\/fr\/domaines-cliniques\/neurochirurgie\/","og_locale":"fr_FR","og_type":"article","og_title":"Neurochirurgie - 3dific","og_description":"Soutien aux proc\u00e9dures sur mesure pour les traitements neurochirurgicaux : th\u00e8ques cr\u00e2niennes sur mesure en PEEK ou en titane, guides chirurgicaux pour la mise en place de vis rachidiennes. https:\/\/edific.it\/wp-content\/uploads\/2021\/05\/cranio-3dfic.mp4 Cranioplastie 20s Galerie","og_url":"https:\/\/www.edific.it\/fr\/domaines-cliniques\/neurochirurgie\/","og_site_name":"3dific","article_publisher":"https:\/\/www.facebook.com\/3DIFIC\/","article_modified_time":"2023-09-01T18:09:13+00:00","twitter_card":"summary_large_image","twitter_site":"@3dific","schema":{"@context":"https:\/\/schema.org","@graph":[{"@type":"WebPage","@id":"https:\/\/www.edific.it\/fr\/domaines-cliniques\/neurochirurgie\/","url":"https:\/\/www.edific.it\/fr\/domaines-cliniques\/neurochirurgie\/","name":"Neurochirurgie - 3dific","isPartOf":{"@id":"https:\/\/www.edific.it\/fr\/#website"},"datePublished":"2021-04-15T07:10:51+00:00","dateModified":"2023-09-01T18:09:13+00:00","breadcrumb":{"@id":"https:\/\/www.edific.it\/fr\/domaines-cliniques\/neurochirurgie\/#breadcrumb"},"inLanguage":"fr-FR","potentialAction":[{"@type":"ReadAction","target":["https:\/\/www.edific.it\/fr\/domaines-cliniques\/neurochirurgie\/"]}]},{"@type":"BreadcrumbList","@id":"https:\/\/www.edific.it\/fr\/domaines-cliniques\/neurochirurgie\/#breadcrumb","itemListElement":[{"@type":"ListItem","position":1,"name":"Home","item":"https:\/\/www.edific.it\/fr\/"},{"@type":"ListItem","position":2,"name":"Domaines cliniques","item":"https:\/\/www.edific.it\/fr\/domaines-cliniques\/"},{"@type":"ListItem","position":3,"name":"Neurochirurgie"}]},{"@type":"WebSite","@id":"https:\/\/www.edific.it\/fr\/#website","url":"https:\/\/www.edific.it\/fr\/","name":"3dific","description":"The missing thing","publisher":{"@id":"https:\/\/www.edific.it\/fr\/#organization"},"potentialAction":[{"@type":"SearchAction","target":{"@type":"EntryPoint","urlTemplate":"https:\/\/www.edific.it\/fr\/?s={search_term_string}"},"query-input":{"@type":"PropertyValueSpecification","valueRequired":true,"valueName":"search_term_string"}}],"inLanguage":"fr-FR"},{"@type":"Organization","@id":"https:\/\/www.edific.it\/fr\/#organization","name":"3dific srl","url":"https:\/\/www.edific.it\/fr\/","logo":{"@type":"ImageObject","inLanguage":"fr-FR","@id":"https:\/\/www.edific.it\/fr\/#\/schema\/logo\/image\/","url":"https:\/\/www.edific.it\/wp-content\/uploads\/2021\/01\/logo_3dific-light_bkg.png","contentUrl":"https:\/\/www.edific.it\/wp-content\/uploads\/2021\/01\/logo_3dific-light_bkg.png","width":180,"height":64,"caption":"3dific srl"},"image":{"@id":"https:\/\/www.edific.it\/fr\/#\/schema\/logo\/image\/"},"sameAs":["https:\/\/www.facebook.com\/3DIFIC\/","https:\/\/x.com\/3dific","https:\/\/www.linkedin.com\/company\/3dific\/"]}]}},"_links":{"self":[{"href":"https:\/\/www.edific.it\/fr\/wp-json\/wp\/v2\/pages\/1968","targetHints":{"allow":["GET"]}}],"collection":[{"href":"https:\/\/www.edific.it\/fr\/wp-json\/wp\/v2\/pages"}],"about":[{"href":"https:\/\/www.edific.it\/fr\/wp-json\/wp\/v2\/types\/page"}],"author":[{"embeddable":true,"href":"https:\/\/www.edific.it\/fr\/wp-json\/wp\/v2\/users\/1"}],"replies":[{"embeddable":true,"href":"https:\/\/www.edific.it\/fr\/wp-json\/wp\/v2\/comments?post=1968"}],"version-history":[{"count":3,"href":"https:\/\/www.edific.it\/fr\/wp-json\/wp\/v2\/pages\/1968\/revisions"}],"predecessor-version":[{"id":1990,"href":"https:\/\/www.edific.it\/fr\/wp-json\/wp\/v2\/pages\/1968\/revisions\/1990"}],"up":[{"embeddable":true,"href":"https:\/\/www.edific.it\/fr\/wp-json\/wp\/v2\/pages\/1960"}],"wp:attachment":[{"href":"https:\/\/www.edific.it\/fr\/wp-json\/wp\/v2\/media?parent=1968"}],"curies":[{"name":"wp","href":"https:\/\/api.w.org\/{rel}","templated":true}]}}