{"id":2006,"date":"2021-02-26T20:00:23","date_gmt":"2021-02-26T19:00:23","guid":{"rendered":"https:\/\/edific.simmatonline.com\/3dific\/"},"modified":"2023-10-29T20:25:41","modified_gmt":"2023-10-29T19:25:41","slug":"3dific","status":"publish","type":"page","link":"https:\/\/www.edific.it\/fr\/3dific\/","title":{"rendered":"3dific"},"content":{"rendered":"\t\t<div data-elementor-type=\"wp-page\" data-elementor-id=\"2006\" class=\"elementor elementor-2006 elementor-448\" data-elementor-post-type=\"page\">\n\t\t\t\t\t\t<section class=\"elementor-section elementor-top-section elementor-element elementor-element-71ab057 elementor-section-boxed elementor-section-height-default elementor-section-height-default\" data-id=\"71ab057\" data-element_type=\"section\" data-e-type=\"section\">\n\t\t\t\t\t\t<div class=\"elementor-container elementor-column-gap-default\">\n\t\t\t\t\t<div class=\"elementor-column elementor-col-100 elementor-top-column elementor-element elementor-element-76bf0cb\" data-id=\"76bf0cb\" data-element_type=\"column\" data-e-type=\"column\">\n\t\t\t<div class=\"elementor-widget-wrap elementor-element-populated\">\n\t\t\t\t\t\t<div class=\"elementor-element elementor-element-46a45d0 elementor-widget elementor-widget-image\" data-id=\"46a45d0\" data-element_type=\"widget\" data-e-type=\"widget\" data-widget_type=\"image.default\">\n\t\t\t\t<div class=\"elementor-widget-container\">\n\t\t\t\t\t\t\t\t\t\t\t\t\t\t\t<img decoding=\"async\" width=\"180\" height=\"64\" src=\"https:\/\/www.edific.it\/wp-content\/uploads\/2023\/09\/logo_3dific-light_bkg.png\" class=\"attachment-full size-full wp-image-2036\" alt=\"Logo 3dific\" \/>\t\t\t\t\t\t\t\t\t\t\t\t\t\t\t<\/div>\n\t\t\t\t<\/div>\n\t\t\t\t\t<\/div>\n\t\t<\/div>\n\t\t\t\t\t<\/div>\n\t\t<\/section>\n\t\t\t\t<section class=\"elementor-section elementor-top-section elementor-element elementor-element-4aded04 elementor-section-boxed elementor-section-height-default elementor-section-height-default\" data-id=\"4aded04\" data-element_type=\"section\" data-e-type=\"section\">\n\t\t\t\t\t\t<div class=\"elementor-container elementor-column-gap-default\">\n\t\t\t\t\t<div class=\"elementor-column elementor-col-50 elementor-top-column elementor-element elementor-element-349c5f2\" data-id=\"349c5f2\" data-element_type=\"column\" data-e-type=\"column\">\n\t\t\t<div class=\"elementor-widget-wrap elementor-element-populated\">\n\t\t\t\t\t\t<div class=\"elementor-element elementor-element-ce5faf5 text-nowrap elementor-widget__width-initial elementor-absolute elementor-widget-tablet__width-initial elementor-widget-mobile__width-inherit elementor-widget elementor-widget-heading\" data-id=\"ce5faf5\" data-element_type=\"widget\" data-e-type=\"widget\" data-settings=\"{&quot;_position&quot;:&quot;absolute&quot;}\" data-widget_type=\"heading.default\">\n\t\t\t\t<div class=\"elementor-widget-container\">\n\t\t\t\t\t<h2 class=\"elementor-heading-title elementor-size-default\">La vision<\/h2>\t\t\t\t<\/div>\n\t\t\t\t<\/div>\n\t\t\t\t\t<\/div>\n\t\t<\/div>\n\t\t\t\t<div class=\"elementor-column elementor-col-50 elementor-top-column elementor-element elementor-element-c99b174\" data-id=\"c99b174\" data-element_type=\"column\" data-e-type=\"column\" data-settings=\"{&quot;background_background&quot;:&quot;classic&quot;}\">\n\t\t\t<div class=\"elementor-widget-wrap elementor-element-populated\">\n\t\t\t\t\t\t<div class=\"elementor-element elementor-element-62b4cf8 elementor-widget elementor-widget-text-editor\" data-id=\"62b4cf8\" data-element_type=\"widget\" data-e-type=\"widget\" data-widget_type=\"text-editor.default\">\n\t\t\t\t<div class=\"elementor-widget-container\">\n\t\t\t\t\t\t\t\t\t<p>La science m\u00e9dicale se positionne de plus en plus sur le mod\u00e8le de la <strong>m\u00e9decine personnalis\u00e9e<\/strong>. La chirurgie ne fait pas exception gr\u00e2ce aux nouvelles possibilit\u00e9s offertes par la technologie.<\/p>\n<p>L&rsquo;\u00e9volution des outils de diagnostic et la disponibilit\u00e9 de <strong>solutions sur mesure<\/strong> facilitent la r\u00e9alisation de proc\u00e9dures chirurgicales <strong>avec le plus haut degr\u00e9 de personnalisation<\/strong>.<\/p>\n<p>La synergie entre l&rsquo;exp\u00e9rience chirurgicale et l&rsquo;expertise technologique permet aux m\u00e9decins de mettre entre leurs mains <strong>exactement le dispositif<\/strong> qu&rsquo;ils ont en t\u00eate pour r\u00e9aliser l&rsquo;op\u00e9ration optimale sur chaque patient sp\u00e9cifique.<\/p>\n\t\t\t\t\t\t\t\t<\/div>\n\t\t\t\t<\/div>\n\t\t\t\t\t<\/div>\n\t\t<\/div>\n\t\t\t\t\t<\/div>\n\t\t<\/section>\n\t\t\t\t<section class=\"elementor-section elementor-top-section elementor-element elementor-element-b16d108 elementor-section-full_width elementor-section-height-default elementor-section-height-default\" data-id=\"b16d108\" data-element_type=\"section\" data-e-type=\"section\" id=\"MissionSection\" data-settings=\"{&quot;background_background&quot;:&quot;classic&quot;}\">\n\t\t\t\t\t\t<div class=\"elementor-container elementor-column-gap-default\">\n\t\t\t\t\t<div class=\"elementor-column elementor-col-100 elementor-top-column elementor-element elementor-element-7fce761\" data-id=\"7fce761\" data-element_type=\"column\" data-e-type=\"column\" data-settings=\"{&quot;background_background&quot;:&quot;classic&quot;}\">\n\t\t\t<div class=\"elementor-widget-wrap elementor-element-populated\">\n\t\t\t\t\t\t<section class=\"elementor-section elementor-inner-section elementor-element elementor-element-0f09842 elementor-section-height-min-height elementor-section-boxed elementor-section-height-default\" data-id=\"0f09842\" data-element_type=\"section\" data-e-type=\"section\">\n\t\t\t\t\t\t<div class=\"elementor-container elementor-column-gap-default\">\n\t\t\t\t\t<div class=\"elementor-column elementor-col-50 elementor-inner-column elementor-element elementor-element-ffb8ba6\" data-id=\"ffb8ba6\" data-element_type=\"column\" data-e-type=\"column\" data-settings=\"{&quot;background_background&quot;:&quot;classic&quot;}\">\n\t\t\t<div class=\"elementor-widget-wrap elementor-element-populated\">\n\t\t\t\t\t\t<div class=\"elementor-element elementor-element-2cc6ed3 elementor-absolute elementor-widget-divider--view-line elementor-widget elementor-widget-divider\" data-id=\"2cc6ed3\" data-element_type=\"widget\" data-e-type=\"widget\" data-settings=\"{&quot;_position&quot;:&quot;absolute&quot;}\" data-widget_type=\"divider.default\">\n\t\t\t\t<div class=\"elementor-widget-container\">\n\t\t\t\t\t\t\t<div class=\"elementor-divider\">\n\t\t\t<span class=\"elementor-divider-separator\">\n\t\t\t\t\t\t<\/span>\n\t\t<\/div>\n\t\t\t\t\t\t<\/div>\n\t\t\t\t<\/div>\n\t\t\t\t<div class=\"elementor-element elementor-element-92b30cb elementor-widget__width-initial elementor-absolute elementor-widget-mobile__width-initial elementor-widget elementor-widget-text-editor\" data-id=\"92b30cb\" data-element_type=\"widget\" data-e-type=\"widget\" id=\"MissionText\" data-settings=\"{&quot;_position&quot;:&quot;absolute&quot;}\" data-widget_type=\"text-editor.default\">\n\t\t\t\t<div class=\"elementor-widget-container\">\n\t\t\t\t\t\t\t\t\t<p>Fournir aux m\u00e9decins les dispositifs sp\u00e9cifiques qu&rsquo;ils souhaitent pour leurs patients<\/p>\n\t\t\t\t\t\t\t\t<\/div>\n\t\t\t\t<\/div>\n\t\t\t\t\t<\/div>\n\t\t<\/div>\n\t\t\t\t<div class=\"elementor-column elementor-col-50 elementor-inner-column elementor-element elementor-element-700d9b1\" data-id=\"700d9b1\" data-element_type=\"column\" data-e-type=\"column\" data-settings=\"{&quot;background_background&quot;:&quot;classic&quot;}\">\n\t\t\t<div class=\"elementor-widget-wrap elementor-element-populated\">\n\t\t\t\t\t\t<div class=\"elementor-element elementor-element-852885b elementor-widget elementor-widget-heading\" data-id=\"852885b\" data-element_type=\"widget\" data-e-type=\"widget\" data-widget_type=\"heading.default\">\n\t\t\t\t<div class=\"elementor-widget-container\">\n\t\t\t\t\t<h2 class=\"elementor-heading-title elementor-size-default\">La mission<\/h2>\t\t\t\t<\/div>\n\t\t\t\t<\/div>\n\t\t\t\t\t<\/div>\n\t\t<\/div>\n\t\t\t\t\t<\/div>\n\t\t<\/section>\n\t\t\t\t\t<\/div>\n\t\t<\/div>\n\t\t\t\t\t<\/div>\n\t\t<\/section>\n\t\t\t\t<section class=\"elementor-section elementor-top-section elementor-element elementor-element-dc695d7 elementor-section-full_width elementor-section-height-default elementor-section-height-default\" data-id=\"dc695d7\" data-element_type=\"section\" data-e-type=\"section\" data-settings=\"{&quot;background_background&quot;:&quot;classic&quot;}\">\n\t\t\t\t\t\t<div class=\"elementor-container elementor-column-gap-default\">\n\t\t\t\t\t<div class=\"elementor-column elementor-col-100 elementor-top-column elementor-element elementor-element-74cc418\" data-id=\"74cc418\" data-element_type=\"column\" data-e-type=\"column\">\n\t\t\t<div class=\"elementor-widget-wrap elementor-element-populated\">\n\t\t\t\t\t\t<div class=\"elementor-element elementor-element-d59f0da elementor-widget elementor-widget-heading\" data-id=\"d59f0da\" data-element_type=\"widget\" data-e-type=\"widget\" data-widget_type=\"heading.default\">\n\t\t\t\t<div class=\"elementor-widget-container\">\n\t\t\t\t\t<h2 class=\"elementor-heading-title elementor-size-default\">Partenariat<\/h2>\t\t\t\t<\/div>\n\t\t\t\t<\/div>\n\t\t\t\t<div class=\"elementor-element elementor-element-b523e62 elementor-widget elementor-widget-text-editor\" data-id=\"b523e62\" data-element_type=\"widget\" data-e-type=\"widget\" data-widget_type=\"text-editor.default\">\n\t\t\t\t<div class=\"elementor-widget-container\">\n\t\t\t\t\t\t\t\t\t<p>3DIFIC est constamment \u00e0 la recherche de partenariats op\u00e9rationnels et commerciaux pour la r\u00e9alisation de projets innovants, de projets de recherche et de d\u00e9veloppement de nouveaux produits.<\/p>\n\t\t\t\t\t\t\t\t<\/div>\n\t\t\t\t<\/div>\n\t\t\t\t<section class=\"elementor-section elementor-inner-section elementor-element elementor-element-972132e elementor-section-full_width elementor-section-height-default elementor-section-height-default\" data-id=\"972132e\" data-element_type=\"section\" data-e-type=\"section\">\n\t\t\t\t\t\t<div class=\"elementor-container elementor-column-gap-default\">\n\t\t\t\t\t<div class=\"elementor-column elementor-col-100 elementor-inner-column elementor-element elementor-element-babb177\" data-id=\"babb177\" data-element_type=\"column\" data-e-type=\"column\">\n\t\t\t<div class=\"elementor-widget-wrap elementor-element-populated\">\n\t\t\t\t\t\t<div class=\"elementor-element elementor-element-2eb7f7d elementor-arrows-position-outside elementor-widget elementor-widget-image-carousel\" data-id=\"2eb7f7d\" data-element_type=\"widget\" data-e-type=\"widget\" id=\"PartnershipLogos\" data-settings=\"{&quot;slides_to_show&quot;:&quot;4&quot;,&quot;navigation&quot;:&quot;arrows&quot;,&quot;autoplay_speed&quot;:10000,&quot;speed&quot;:1000,&quot;image_spacing_custom&quot;:{&quot;unit&quot;:&quot;px&quot;,&quot;size&quot;:-90,&quot;sizes&quot;:[]},&quot;slides_to_show_tablet&quot;:&quot;3&quot;,&quot;slides_to_show_mobile&quot;:&quot;1&quot;,&quot;autoplay&quot;:&quot;yes&quot;,&quot;pause_on_hover&quot;:&quot;yes&quot;,&quot;pause_on_interaction&quot;:&quot;yes&quot;,&quot;infinite&quot;:&quot;yes&quot;,&quot;image_spacing_custom_tablet&quot;:{&quot;unit&quot;:&quot;px&quot;,&quot;size&quot;:&quot;&quot;,&quot;sizes&quot;:[]}}\" data-widget_type=\"image-carousel.default\">\n\t\t\t\t<div class=\"elementor-widget-container\">\n\t\t\t\t\t\t\t<div class=\"elementor-image-carousel-wrapper swiper\" role=\"region\" aria-roledescription=\"carousel\" aria-label=\"Carrousel d\u2019images\" dir=\"ltr\">\n\t\t\t<div class=\"elementor-image-carousel swiper-wrapper\" aria-live=\"off\">\n\t\t\t\t\t\t\t\t<div class=\"swiper-slide\" role=\"group\" aria-roledescription=\"slide\" aria-label=\"1 sur 12\"><figure class=\"swiper-slide-inner\"><img decoding=\"async\" class=\"swiper-slide-image\" src=\"https:\/\/www.edific.it\/wp-content\/uploads\/elementor\/thumbs\/Logo-DDA-p5plen2k291d7rib8075ysm28i9bw03vd7ao6y99zc.png\" alt=\"Digital Dentistry Academy\" \/><\/figure><\/div><div class=\"swiper-slide\" role=\"group\" aria-roledescription=\"slide\" aria-label=\"2 sur 12\"><figure class=\"swiper-slide-inner\"><img decoding=\"async\" class=\"swiper-slide-image\" src=\"https:\/\/www.edific.it\/wp-content\/uploads\/elementor\/thumbs\/Logo-Spin-off-p5plww3qrg0sn6zxne7dvot9guawcfk8vjb2nd72pw.png\" alt=\"Spin-off Universit\u00e0 di Perugia\" \/><\/figure><\/div><div class=\"swiper-slide\" role=\"group\" aria-roledescription=\"slide\" aria-label=\"3 sur 12\"><figure class=\"swiper-slide-inner\"><img decoding=\"async\" class=\"swiper-slide-image\" src=\"https:\/\/www.edific.it\/wp-content\/uploads\/elementor\/thumbs\/LOGO-AGGIORNATO-CMPR-p5plz8p7uj8lo3l1xert43gqxipxl6w3760ru9po4m.png\" alt=\"Centre for Perinatal and Reproductive Medicine - University of Perugia\" \/><\/figure><\/div><div class=\"swiper-slide\" role=\"group\" aria-roledescription=\"slide\" aria-label=\"4 sur 12\"><figure class=\"swiper-slide-inner\"><img decoding=\"async\" class=\"swiper-slide-image\" src=\"https:\/\/www.edific.it\/wp-content\/uploads\/elementor\/thumbs\/logotucepvettoriale-1510059532-p5pm6lrpdtbgm4w0xlcln8kqg6ffvu4e7lzp6asmqc.png\" alt=\"TUCEP\" \/><\/figure><\/div><div class=\"swiper-slide\" role=\"group\" aria-roledescription=\"slide\" aria-label=\"5 sur 12\"><figure class=\"swiper-slide-inner\"><img decoding=\"async\" class=\"swiper-slide-image\" src=\"https:\/\/www.edific.it\/wp-content\/uploads\/elementor\/thumbs\/logo-Almazov-p5pmj16vqyby4iu4cyr0m3o57l65nrgml4itm0d93w.png\" alt=\"Almazov\" \/><\/figure><\/div><div class=\"swiper-slide\" role=\"group\" aria-roledescription=\"slide\" aria-label=\"6 sur 12\"><figure class=\"swiper-slide-inner\"><img decoding=\"async\" class=\"swiper-slide-image\" src=\"https:\/\/www.edific.it\/wp-content\/uploads\/elementor\/thumbs\/Logo-Anteea-p5pn5o4ycbbjqfyd690k5w0s8nle1cbwp64sowswfs.png\" alt=\"Logo-Anteea\" \/><\/figure><\/div><div class=\"swiper-slide\" role=\"group\" aria-roledescription=\"slide\" aria-label=\"7 sur 12\"><figure class=\"swiper-slide-inner\"><img decoding=\"async\" class=\"swiper-slide-image\" src=\"https:\/\/www.edific.it\/wp-content\/uploads\/elementor\/thumbs\/LOGO-CLINILAB-p5pn9co73ycz7gluocayfgkrzzg56ny27e49cxce0i.png\" alt=\"CliniLab\" \/><\/figure><\/div><div class=\"swiper-slide\" role=\"group\" aria-roledescription=\"slide\" aria-label=\"8 sur 12\"><figure class=\"swiper-slide-inner\"><img decoding=\"async\" class=\"swiper-slide-image\" src=\"https:\/\/www.edific.it\/wp-content\/uploads\/elementor\/thumbs\/Logo-Star_medical-p5ppbsi2cm9gnqh900obe6bxlijlrqgsru1kksyzf2.png\" alt=\"Star Medical Italy\" \/><\/figure><\/div><div class=\"swiper-slide\" role=\"group\" aria-roledescription=\"slide\" aria-label=\"9 sur 12\"><figure class=\"swiper-slide-inner\"><img decoding=\"async\" class=\"swiper-slide-image\" src=\"https:\/\/www.edific.it\/wp-content\/uploads\/elementor\/thumbs\/Logo-UNI_CAMERINO-p5ppi8o78p3abf40cb1601qsbor9kz2hzr6i45eqqq.png\" alt=\"Universit\u00e0 di Camerino\" \/><\/figure><\/div><div class=\"swiper-slide\" role=\"group\" aria-roledescription=\"slide\" aria-label=\"10 sur 12\"><figure class=\"swiper-slide-inner\"><img decoding=\"async\" class=\"swiper-slide-image\" src=\"https:\/\/www.edific.it\/wp-content\/uploads\/elementor\/thumbs\/tekkabyglobalD_transparent_573w-qel7tn84o1qic7wsce4zpaoejqw0yykoxnr398fkuu.png\" alt=\"Logo Tekka\" \/><\/figure><\/div><div class=\"swiper-slide\" role=\"group\" aria-roledescription=\"slide\" aria-label=\"11 sur 12\"><figure class=\"swiper-slide-inner\"><img decoding=\"async\" class=\"swiper-slide-image\" src=\"https:\/\/www.edific.it\/wp-content\/uploads\/elementor\/thumbs\/medicad-logo-g_363w-qel7v8ka8xx00fli1kx8fe7is91f0hwbhjjpj42kaq.png\" alt=\"Logo mediCAD\" \/><\/figure><\/div><div class=\"swiper-slide\" role=\"group\" aria-roledescription=\"slide\" aria-label=\"12 sur 12\"><figure class=\"swiper-slide-inner\"><img decoding=\"async\" class=\"swiper-slide-image\" src=\"https:\/\/www.edific.it\/wp-content\/uploads\/elementor\/thumbs\/Logo-NewTom_297w-qel7ysec2erzveftb46huhy7knjc3bztb49qsqt0si.png\" alt=\"Logo NewTom\" \/><\/figure><\/div>\t\t\t<\/div>\n\t\t\t\t\t\t\t\t\t\t\t\t<div class=\"elementor-swiper-button elementor-swiper-button-prev\" role=\"button\" tabindex=\"0\">\n\t\t\t\t\t\t<svg aria-hidden=\"true\" class=\"e-font-icon-svg e-eicon-chevron-left\" viewBox=\"0 0 1000 1000\" xmlns=\"http:\/\/www.w3.org\/2000\/svg\"><path d=\"M646 125C629 125 613 133 604 142L308 442C296 454 292 471 292 487 292 504 296 521 308 533L604 854C617 867 629 875 646 875 663 875 679 871 692 858 704 846 713 829 713 812 713 796 708 779 692 767L438 487 692 225C700 217 708 204 708 187 708 171 704 154 692 142 675 129 663 125 646 125Z\"><\/path><\/svg>\t\t\t\t\t<\/div>\n\t\t\t\t\t<div class=\"elementor-swiper-button elementor-swiper-button-next\" role=\"button\" tabindex=\"0\">\n\t\t\t\t\t\t<svg aria-hidden=\"true\" class=\"e-font-icon-svg e-eicon-chevron-right\" viewBox=\"0 0 1000 1000\" xmlns=\"http:\/\/www.w3.org\/2000\/svg\"><path d=\"M696 533C708 521 713 504 713 487 713 471 708 454 696 446L400 146C388 133 375 125 354 125 338 125 325 129 313 142 300 154 292 171 292 187 292 204 296 221 308 233L563 492 304 771C292 783 288 800 288 817 288 833 296 850 308 863 321 871 338 875 354 875 371 875 388 867 400 854L696 533Z\"><\/path><\/svg>\t\t\t\t\t<\/div>\n\t\t\t\t\n\t\t\t\t\t\t\t\t\t<\/div>\n\t\t\t\t\t\t<\/div>\n\t\t\t\t<\/div>\n\t\t\t\t\t<\/div>\n\t\t<\/div>\n\t\t\t\t\t<\/div>\n\t\t<\/section>\n\t\t\t\t\t<\/div>\n\t\t<\/div>\n\t\t\t\t\t<\/div>\n\t\t<\/section>\n\t\t\t\t<\/div>\n\t\t","protected":false},"excerpt":{"rendered":"<p>La vision La science m\u00e9dicale se positionne de plus en plus sur le mod\u00e8le de la m\u00e9decine personnalis\u00e9e. La chirurgie ne fait pas exception gr\u00e2ce aux nouvelles possibilit\u00e9s offertes par la technologie. L&rsquo;\u00e9volution des outils de diagnostic et la disponibilit\u00e9 de solutions sur mesure facilitent la r\u00e9alisation de proc\u00e9dures chirurgicales avec le plus haut degr\u00e9 [&hellip;]<\/p>\n","protected":false},"author":1,"featured_media":0,"parent":0,"menu_order":0,"comment_status":"closed","ping_status":"closed","template":"elementor_header_footer","meta":{"footnotes":""},"class_list":["post-2006","page","type-page","status-publish","hentry"],"yoast_head":"<!-- This site is optimized with the Yoast SEO plugin v27.5 - https:\/\/yoast.com\/product\/yoast-seo-wordpress\/ -->\n<title>3dific - 3dific<\/title>\n<meta name=\"robots\" content=\"index, follow, max-snippet:-1, max-image-preview:large, max-video-preview:-1\" \/>\n<link rel=\"canonical\" href=\"https:\/\/www.edific.it\/fr\/3dific\/\" \/>\n<meta property=\"og:locale\" content=\"fr_FR\" \/>\n<meta property=\"og:type\" content=\"article\" \/>\n<meta property=\"og:title\" content=\"3dific - 3dific\" \/>\n<meta property=\"og:description\" content=\"La vision La science m\u00e9dicale se positionne de plus en plus sur le mod\u00e8le de la m\u00e9decine personnalis\u00e9e. La chirurgie ne fait pas exception gr\u00e2ce aux nouvelles possibilit\u00e9s offertes par la technologie. L&rsquo;\u00e9volution des outils de diagnostic et la disponibilit\u00e9 de solutions sur mesure facilitent la r\u00e9alisation de proc\u00e9dures chirurgicales avec le plus haut degr\u00e9 [&hellip;]\" \/>\n<meta property=\"og:url\" content=\"https:\/\/www.edific.it\/fr\/3dific\/\" \/>\n<meta property=\"og:site_name\" content=\"3dific\" \/>\n<meta property=\"article:publisher\" content=\"https:\/\/www.facebook.com\/3DIFIC\/\" \/>\n<meta property=\"article:modified_time\" content=\"2023-10-29T19:25:41+00:00\" \/>\n<meta property=\"og:image\" content=\"https:\/\/edific.it\/wp-content\/uploads\/2023\/09\/logo_3dific-light_bkg.png\" \/>\n<meta name=\"twitter:card\" content=\"summary_large_image\" \/>\n<meta name=\"twitter:site\" content=\"@3dific\" \/>\n<script type=\"application\/ld+json\" class=\"yoast-schema-graph\">{\"@context\":\"https:\\\/\\\/schema.org\",\"@graph\":[{\"@type\":\"WebPage\",\"@id\":\"https:\\\/\\\/www.edific.it\\\/fr\\\/3dific\\\/\",\"url\":\"https:\\\/\\\/www.edific.it\\\/fr\\\/3dific\\\/\",\"name\":\"3dific - 3dific\",\"isPartOf\":{\"@id\":\"https:\\\/\\\/www.edific.it\\\/fr\\\/#website\"},\"primaryImageOfPage\":{\"@id\":\"https:\\\/\\\/www.edific.it\\\/fr\\\/3dific\\\/#primaryimage\"},\"image\":{\"@id\":\"https:\\\/\\\/www.edific.it\\\/fr\\\/3dific\\\/#primaryimage\"},\"thumbnailUrl\":\"https:\\\/\\\/edific.it\\\/wp-content\\\/uploads\\\/2023\\\/09\\\/logo_3dific-light_bkg.png\",\"datePublished\":\"2021-02-26T19:00:23+00:00\",\"dateModified\":\"2023-10-29T19:25:41+00:00\",\"breadcrumb\":{\"@id\":\"https:\\\/\\\/www.edific.it\\\/fr\\\/3dific\\\/#breadcrumb\"},\"inLanguage\":\"fr-FR\",\"potentialAction\":[{\"@type\":\"ReadAction\",\"target\":[\"https:\\\/\\\/www.edific.it\\\/fr\\\/3dific\\\/\"]}]},{\"@type\":\"ImageObject\",\"inLanguage\":\"fr-FR\",\"@id\":\"https:\\\/\\\/www.edific.it\\\/fr\\\/3dific\\\/#primaryimage\",\"url\":\"https:\\\/\\\/edific.it\\\/wp-content\\\/uploads\\\/2023\\\/09\\\/logo_3dific-light_bkg.png\",\"contentUrl\":\"https:\\\/\\\/edific.it\\\/wp-content\\\/uploads\\\/2023\\\/09\\\/logo_3dific-light_bkg.png\"},{\"@type\":\"BreadcrumbList\",\"@id\":\"https:\\\/\\\/www.edific.it\\\/fr\\\/3dific\\\/#breadcrumb\",\"itemListElement\":[{\"@type\":\"ListItem\",\"position\":1,\"name\":\"Home\",\"item\":\"https:\\\/\\\/www.edific.it\\\/fr\\\/\"},{\"@type\":\"ListItem\",\"position\":2,\"name\":\"3dific\"}]},{\"@type\":\"WebSite\",\"@id\":\"https:\\\/\\\/www.edific.it\\\/fr\\\/#website\",\"url\":\"https:\\\/\\\/www.edific.it\\\/fr\\\/\",\"name\":\"3dific\",\"description\":\"The missing thing\",\"publisher\":{\"@id\":\"https:\\\/\\\/www.edific.it\\\/fr\\\/#organization\"},\"potentialAction\":[{\"@type\":\"SearchAction\",\"target\":{\"@type\":\"EntryPoint\",\"urlTemplate\":\"https:\\\/\\\/www.edific.it\\\/fr\\\/?s={search_term_string}\"},\"query-input\":{\"@type\":\"PropertyValueSpecification\",\"valueRequired\":true,\"valueName\":\"search_term_string\"}}],\"inLanguage\":\"fr-FR\"},{\"@type\":\"Organization\",\"@id\":\"https:\\\/\\\/www.edific.it\\\/fr\\\/#organization\",\"name\":\"3dific srl\",\"url\":\"https:\\\/\\\/www.edific.it\\\/fr\\\/\",\"logo\":{\"@type\":\"ImageObject\",\"inLanguage\":\"fr-FR\",\"@id\":\"https:\\\/\\\/www.edific.it\\\/fr\\\/#\\\/schema\\\/logo\\\/image\\\/\",\"url\":\"https:\\\/\\\/www.edific.it\\\/wp-content\\\/uploads\\\/2021\\\/01\\\/logo_3dific-light_bkg.png\",\"contentUrl\":\"https:\\\/\\\/www.edific.it\\\/wp-content\\\/uploads\\\/2021\\\/01\\\/logo_3dific-light_bkg.png\",\"width\":180,\"height\":64,\"caption\":\"3dific srl\"},\"image\":{\"@id\":\"https:\\\/\\\/www.edific.it\\\/fr\\\/#\\\/schema\\\/logo\\\/image\\\/\"},\"sameAs\":[\"https:\\\/\\\/www.facebook.com\\\/3DIFIC\\\/\",\"https:\\\/\\\/x.com\\\/3dific\",\"https:\\\/\\\/www.linkedin.com\\\/company\\\/3dific\\\/\"]}]}<\/script>\n<!-- \/ Yoast SEO plugin. -->","yoast_head_json":{"title":"3dific - 3dific","robots":{"index":"index","follow":"follow","max-snippet":"max-snippet:-1","max-image-preview":"max-image-preview:large","max-video-preview":"max-video-preview:-1"},"canonical":"https:\/\/www.edific.it\/fr\/3dific\/","og_locale":"fr_FR","og_type":"article","og_title":"3dific - 3dific","og_description":"La vision La science m\u00e9dicale se positionne de plus en plus sur le mod\u00e8le de la m\u00e9decine personnalis\u00e9e. La chirurgie ne fait pas exception gr\u00e2ce aux nouvelles possibilit\u00e9s offertes par la technologie. L&rsquo;\u00e9volution des outils de diagnostic et la disponibilit\u00e9 de solutions sur mesure facilitent la r\u00e9alisation de proc\u00e9dures chirurgicales avec le plus haut degr\u00e9 [&hellip;]","og_url":"https:\/\/www.edific.it\/fr\/3dific\/","og_site_name":"3dific","article_publisher":"https:\/\/www.facebook.com\/3DIFIC\/","article_modified_time":"2023-10-29T19:25:41+00:00","og_image":[{"url":"https:\/\/edific.it\/wp-content\/uploads\/2023\/09\/logo_3dific-light_bkg.png","type":"","width":"","height":""}],"twitter_card":"summary_large_image","twitter_site":"@3dific","schema":{"@context":"https:\/\/schema.org","@graph":[{"@type":"WebPage","@id":"https:\/\/www.edific.it\/fr\/3dific\/","url":"https:\/\/www.edific.it\/fr\/3dific\/","name":"3dific - 3dific","isPartOf":{"@id":"https:\/\/www.edific.it\/fr\/#website"},"primaryImageOfPage":{"@id":"https:\/\/www.edific.it\/fr\/3dific\/#primaryimage"},"image":{"@id":"https:\/\/www.edific.it\/fr\/3dific\/#primaryimage"},"thumbnailUrl":"https:\/\/edific.it\/wp-content\/uploads\/2023\/09\/logo_3dific-light_bkg.png","datePublished":"2021-02-26T19:00:23+00:00","dateModified":"2023-10-29T19:25:41+00:00","breadcrumb":{"@id":"https:\/\/www.edific.it\/fr\/3dific\/#breadcrumb"},"inLanguage":"fr-FR","potentialAction":[{"@type":"ReadAction","target":["https:\/\/www.edific.it\/fr\/3dific\/"]}]},{"@type":"ImageObject","inLanguage":"fr-FR","@id":"https:\/\/www.edific.it\/fr\/3dific\/#primaryimage","url":"https:\/\/edific.it\/wp-content\/uploads\/2023\/09\/logo_3dific-light_bkg.png","contentUrl":"https:\/\/edific.it\/wp-content\/uploads\/2023\/09\/logo_3dific-light_bkg.png"},{"@type":"BreadcrumbList","@id":"https:\/\/www.edific.it\/fr\/3dific\/#breadcrumb","itemListElement":[{"@type":"ListItem","position":1,"name":"Home","item":"https:\/\/www.edific.it\/fr\/"},{"@type":"ListItem","position":2,"name":"3dific"}]},{"@type":"WebSite","@id":"https:\/\/www.edific.it\/fr\/#website","url":"https:\/\/www.edific.it\/fr\/","name":"3dific","description":"The missing thing","publisher":{"@id":"https:\/\/www.edific.it\/fr\/#organization"},"potentialAction":[{"@type":"SearchAction","target":{"@type":"EntryPoint","urlTemplate":"https:\/\/www.edific.it\/fr\/?s={search_term_string}"},"query-input":{"@type":"PropertyValueSpecification","valueRequired":true,"valueName":"search_term_string"}}],"inLanguage":"fr-FR"},{"@type":"Organization","@id":"https:\/\/www.edific.it\/fr\/#organization","name":"3dific srl","url":"https:\/\/www.edific.it\/fr\/","logo":{"@type":"ImageObject","inLanguage":"fr-FR","@id":"https:\/\/www.edific.it\/fr\/#\/schema\/logo\/image\/","url":"https:\/\/www.edific.it\/wp-content\/uploads\/2021\/01\/logo_3dific-light_bkg.png","contentUrl":"https:\/\/www.edific.it\/wp-content\/uploads\/2021\/01\/logo_3dific-light_bkg.png","width":180,"height":64,"caption":"3dific srl"},"image":{"@id":"https:\/\/www.edific.it\/fr\/#\/schema\/logo\/image\/"},"sameAs":["https:\/\/www.facebook.com\/3DIFIC\/","https:\/\/x.com\/3dific","https:\/\/www.linkedin.com\/company\/3dific\/"]}]}},"_links":{"self":[{"href":"https:\/\/www.edific.it\/fr\/wp-json\/wp\/v2\/pages\/2006","targetHints":{"allow":["GET"]}}],"collection":[{"href":"https:\/\/www.edific.it\/fr\/wp-json\/wp\/v2\/pages"}],"about":[{"href":"https:\/\/www.edific.it\/fr\/wp-json\/wp\/v2\/types\/page"}],"author":[{"embeddable":true,"href":"https:\/\/www.edific.it\/fr\/wp-json\/wp\/v2\/users\/1"}],"replies":[{"embeddable":true,"href":"https:\/\/www.edific.it\/fr\/wp-json\/wp\/v2\/comments?post=2006"}],"version-history":[{"count":6,"href":"https:\/\/www.edific.it\/fr\/wp-json\/wp\/v2\/pages\/2006\/revisions"}],"predecessor-version":[{"id":2066,"href":"https:\/\/www.edific.it\/fr\/wp-json\/wp\/v2\/pages\/2006\/revisions\/2066"}],"wp:attachment":[{"href":"https:\/\/www.edific.it\/fr\/wp-json\/wp\/v2\/media?parent=2006"}],"curies":[{"name":"wp","href":"https:\/\/api.w.org\/{rel}","templated":true}]}}